{"id":683,"date":"2025-01-09T10:06:40","date_gmt":"2025-01-09T09:06:40","guid":{"rendered":"https:\/\/indie.rent\/catalogue\/produit\/tournette-td-3\/"},"modified":"2026-04-15T17:07:39","modified_gmt":"2026-04-15T15:07:39","slug":"tournette-td-3-plateau-60cm","status":"publish","type":"product","link":"https:\/\/indie.rent\/catalogue\/produit\/tournette-td-3-plateau-60cm\/","title":{"rendered":"Tournette TD 3 Plateau 60cm"},"content":{"rendered":"<p>Tournette Thoma TD 3<\/p>\n<p>La tournette Thoma TD3 est une plateforme rotative, la plupart du temps utilis\u00e9e pour la r\u00e9alisation de pr\u00e9sentation de produit lors d\u2019un packshot. Ce mod\u00e8le est extr\u00eamement plat et silencieux, ces mouvements sont tr\u00e8s fluide m\u00eame lorsque celui-ci est charg\u00e9. <\/p>\n<p>La Thoma TD3 a une capacit\u00e9 maximale de charge de 100 kg et p\u00e8se 2,4 kg. Il est possible de r\u00e9gler la vitesse de rotation gr\u00e2ce \u00e0 un s\u00e9lecteur de vitesse branch\u00e9 \u00e0 la plateforme. On y retrouve \u00e9galement un bouton permettant d\u2019inverser le sens de rotation. Elle peut \u00eatre aliment\u00e9 sur secteur ou bien sur batterie.<\/p>\n","protected":false},"excerpt":{"rendered":"<p>Tournette Thoma TD 3 La tournette Thoma TD3 est une plateforme rotative, la plupart du temps utilis\u00e9e pour la r\u00e9alisation de pr\u00e9sentation de produit lors d\u2019un packshot. Ce mod\u00e8le est extr\u00eamement plat et silencieux, ces mouvements sont tr\u00e8s fluide m\u00eame lorsque celui-ci est charg\u00e9. La Thoma TD3 a une capacit\u00e9 maximale de charge de 100 [&hellip;]<\/p>\n","protected":false},"featured_media":1864,"template":"","meta":{"inline_featured_image":false},"product_brand":[],"product_cat":[2069],"product_tag":[],"class_list":{"0":"post-683","1":"product","2":"type-product","3":"status-publish","4":"has-post-thumbnail","6":"product_cat-tournette","8":"first","9":"instock","10":"taxable","11":"shipping-taxable","12":"purchasable","13":"product-type-rentable"},"acf":[],"_links":{"self":[{"href":"https:\/\/indie.rent\/catalogue\/wp-json\/wp\/v2\/product\/683","targetHints":{"allow":["GET"]}}],"collection":[{"href":"https:\/\/indie.rent\/catalogue\/wp-json\/wp\/v2\/product"}],"about":[{"href":"https:\/\/indie.rent\/catalogue\/wp-json\/wp\/v2\/types\/product"}],"version-history":[{"count":0,"href":"https:\/\/indie.rent\/catalogue\/wp-json\/wp\/v2\/product\/683\/revisions"}],"wp:featuredmedia":[{"embeddable":true,"href":"https:\/\/indie.rent\/catalogue\/wp-json\/wp\/v2\/media\/1864"}],"wp:attachment":[{"href":"https:\/\/indie.rent\/catalogue\/wp-json\/wp\/v2\/media?parent=683"}],"wp:term":[{"taxonomy":"product_brand","embeddable":true,"href":"https:\/\/indie.rent\/catalogue\/wp-json\/wp\/v2\/product_brand?post=683"},{"taxonomy":"product_cat","embeddable":true,"href":"https:\/\/indie.rent\/catalogue\/wp-json\/wp\/v2\/product_cat?post=683"},{"taxonomy":"product_tag","embeddable":true,"href":"https:\/\/indie.rent\/catalogue\/wp-json\/wp\/v2\/product_tag?post=683"}],"curies":[{"name":"wp","href":"https:\/\/api.w.org\/{rel}","templated":true}]}}