{"id":681,"date":"2025-01-09T10:06:39","date_gmt":"2025-01-09T09:06:39","guid":{"rendered":"https:\/\/indie.rent\/catalogue\/produit\/air-light-h14c-30x120cm\/"},"modified":"2026-04-16T18:35:25","modified_gmt":"2026-04-16T16:35:25","slug":"projecteur-led-couleur-pheon-lux-air-light-h14c-30x120cm","status":"publish","type":"product","link":"https:\/\/indie.rent\/catalogue\/produit\/projecteur-led-couleur-pheon-lux-air-light-h14c-30x120cm\/","title":{"rendered":"Projecteur LED Couleur PHEON LUX Air Light H14C 30x120cm"},"content":{"rendered":"<p>Projecteur LED RGBW au gonflage ultra rapide, le Pheon Lux H14C est con\u00e7u pour les tournages n\u00e9cessitant une source polyvalente avec un bon niveau de punch dans un format l\u00e9ger et r\u00e9duit.<\/p>\n<p>Caract\u00e9ristiques principales :<\/p>\n<p>Source : LED RGBWW<br \/>Temp\u00e9rature de couleur : 2 000K \u2013 10 000K<br \/>CRI \/ TLCI : \u2265 95<br \/>Puissance : 90W<br \/>Alimentation : secteur \/ batterie (selon config)<br \/>Contr\u00f4le : DMX \/ CRMX \/ Bluetooth<br \/>Dimensions : env. 300 \u00d7 300 \u00d7 120 mm<br \/>Poids (T\u00eate) : 690g<\/p>\n","protected":false},"excerpt":{"rendered":"<p>Projecteur LED RGBW au gonflage ultra rapide, le Pheon Lux H14C est con\u00e7u pour les tournages n\u00e9cessitant une source polyvalente avec un bon niveau de punch dans un format l\u00e9ger et r\u00e9duit. Caract\u00e9ristiques principales : Source : LED RGBWWTemp\u00e9rature de couleur : 2 000K \u2013 10 000KCRI \/ TLCI : \u2265 95Puissance : 90WAlimentation : [&hellip;]<\/p>\n","protected":false},"featured_media":2708,"template":"","meta":{"inline_featured_image":false},"product_brand":[],"product_cat":[2007],"product_tag":[],"class_list":{"0":"post-681","1":"product","2":"type-product","3":"status-publish","4":"has-post-thumbnail","6":"product_cat-led-couleur-soft","8":"first","9":"instock","10":"taxable","11":"shipping-taxable","12":"purchasable","13":"product-type-rentable"},"acf":[],"_links":{"self":[{"href":"https:\/\/indie.rent\/catalogue\/wp-json\/wp\/v2\/product\/681","targetHints":{"allow":["GET"]}}],"collection":[{"href":"https:\/\/indie.rent\/catalogue\/wp-json\/wp\/v2\/product"}],"about":[{"href":"https:\/\/indie.rent\/catalogue\/wp-json\/wp\/v2\/types\/product"}],"version-history":[{"count":0,"href":"https:\/\/indie.rent\/catalogue\/wp-json\/wp\/v2\/product\/681\/revisions"}],"wp:featuredmedia":[{"embeddable":true,"href":"https:\/\/indie.rent\/catalogue\/wp-json\/wp\/v2\/media\/2708"}],"wp:attachment":[{"href":"https:\/\/indie.rent\/catalogue\/wp-json\/wp\/v2\/media?parent=681"}],"wp:term":[{"taxonomy":"product_brand","embeddable":true,"href":"https:\/\/indie.rent\/catalogue\/wp-json\/wp\/v2\/product_brand?post=681"},{"taxonomy":"product_cat","embeddable":true,"href":"https:\/\/indie.rent\/catalogue\/wp-json\/wp\/v2\/product_cat?post=681"},{"taxonomy":"product_tag","embeddable":true,"href":"https:\/\/indie.rent\/catalogue\/wp-json\/wp\/v2\/product_tag?post=681"}],"curies":[{"name":"wp","href":"https:\/\/api.w.org\/{rel}","templated":true}]}}