{"id":680,"date":"2025-01-09T10:06:39","date_gmt":"2025-01-09T09:06:39","guid":{"rendered":"https:\/\/indie.rent\/catalogue\/produit\/nyx-bulb-ampoules-led\/"},"modified":"2026-04-04T00:19:28","modified_gmt":"2026-04-03T22:19:28","slug":"kit-de-8-astera-nyx-bulb-ampoules-led","status":"publish","type":"product","link":"https:\/\/indie.rent\/catalogue\/produit\/kit-de-8-astera-nyx-bulb-ampoules-led\/","title":{"rendered":"Kit de 8 Astera NYX Bulb &#8211; Ampoules LED"},"content":{"rendered":"<p>Ampoule LED RGBMA compacte, le Astera NYX Bulb est con\u00e7u pour \u00eatre int\u00e9gr\u00e9 directement dans des d\u00e9cors pratiques tout en offrant un contr\u00f4le couleur avanc\u00e9.<\/p>\n<p>Il permet de transformer n\u2019importe quelle source visible en projecteur pilotable.<\/p>\n<p>Caract\u00e9ristiques principales :<\/p>\n<p>Source : LED RGBMA<br \/>Temp\u00e9rature de couleur : 1 750K \u2013 20 000K<br \/>CRI \/ TLCI : \u2265 96<br \/>Puissance : 14W<br \/>Alimentation : secteur via E27<br \/>Contr\u00f4le : Bluetooth \/ CRMX<br \/>\u00c9tanch\u00e9it\u00e9 : IP44<br \/>Dimensions : diam 70 x 130mm<br \/>Poids : env. 240g<\/p>\n","protected":false},"excerpt":{"rendered":"<p>Ampoule LED RGBMA compacte, le Astera NYX Bulb est con\u00e7u pour \u00eatre int\u00e9gr\u00e9 directement dans des d\u00e9cors pratiques tout en offrant un contr\u00f4le couleur avanc\u00e9. Il permet de transformer n\u2019importe quelle source visible en projecteur pilotable. Caract\u00e9ristiques principales : Source : LED RGBMATemp\u00e9rature de couleur : 1 750K \u2013 20 000KCRI \/ TLCI : \u2265 [&hellip;]<\/p>\n","protected":false},"featured_media":2370,"template":"","meta":{"inline_featured_image":false},"product_brand":[],"product_cat":[2009],"product_tag":[],"class_list":{"0":"post-680","1":"product","2":"type-product","3":"status-publish","4":"has-post-thumbnail","6":"product_cat-led-couleur-ambiance","8":"first","9":"instock","10":"taxable","11":"shipping-taxable","12":"purchasable","13":"product-type-rentable"},"acf":[],"_links":{"self":[{"href":"https:\/\/indie.rent\/catalogue\/wp-json\/wp\/v2\/product\/680","targetHints":{"allow":["GET"]}}],"collection":[{"href":"https:\/\/indie.rent\/catalogue\/wp-json\/wp\/v2\/product"}],"about":[{"href":"https:\/\/indie.rent\/catalogue\/wp-json\/wp\/v2\/types\/product"}],"version-history":[{"count":3,"href":"https:\/\/indie.rent\/catalogue\/wp-json\/wp\/v2\/product\/680\/revisions"}],"predecessor-version":[{"id":6536,"href":"https:\/\/indie.rent\/catalogue\/wp-json\/wp\/v2\/product\/680\/revisions\/6536"}],"wp:featuredmedia":[{"embeddable":true,"href":"https:\/\/indie.rent\/catalogue\/wp-json\/wp\/v2\/media\/2370"}],"wp:attachment":[{"href":"https:\/\/indie.rent\/catalogue\/wp-json\/wp\/v2\/media?parent=680"}],"wp:term":[{"taxonomy":"product_brand","embeddable":true,"href":"https:\/\/indie.rent\/catalogue\/wp-json\/wp\/v2\/product_brand?post=680"},{"taxonomy":"product_cat","embeddable":true,"href":"https:\/\/indie.rent\/catalogue\/wp-json\/wp\/v2\/product_cat?post=680"},{"taxonomy":"product_tag","embeddable":true,"href":"https:\/\/indie.rent\/catalogue\/wp-json\/wp\/v2\/product_tag?post=680"}],"curies":[{"name":"wp","href":"https:\/\/api.w.org\/{rel}","templated":true}]}}