{"id":675,"date":"2025-01-09T10:06:37","date_gmt":"2025-01-09T09:06:37","guid":{"rendered":"https:\/\/indie.rent\/catalogue\/produit\/tete-fluide-cartoni-focus-8-avec-trepied-75-mm\/"},"modified":"2026-04-16T17:53:32","modified_gmt":"2026-04-16T15:53:32","slug":"tete-fluide-cartoni-focus-8-avec-trepied-75-mm","status":"publish","type":"product","link":"https:\/\/indie.rent\/catalogue\/produit\/tete-fluide-cartoni-focus-8-avec-trepied-75-mm\/","title":{"rendered":"T\u00eate Fluide CARTONI Focus 8 avec Tr\u00e9pied 75 mm"},"content":{"rendered":"<p>La t\u00eate fluide Focus 8 est le support id\u00e9al pour les derni\u00e8res cam\u00e9ras ultral\u00e9g\u00e8res dont le poids varie de 0 \u00e0 8 kg (17,7 lbs). Extr\u00eamement compact, La Focus8 se caract\u00e9rise par un syst\u00e8me d&#8217;amortissement des fluides continuellement variables dans les mouvements de &#8220;Pan and Tilt&#8221; et un bon \u00e9quilibre gr\u00e2ce \u00e0 un syst\u00e8me de contrepoids brevet\u00e9 sans pr\u00e9c\u00e9dent, qui est compatible avec toute les gammes de cam\u00e9ras existantes. <\/p>\n<p>La Focus8 t\u00eate fluide est \u00e9quip\u00e9 d&#8217;une plaque de cam\u00e9ra coulissante compatible avec les Sachtler ACE et avec les plaques standardes Manfrotto, de bras pivotants et d&#8217;un niveau \u00e0 bulles. Son angle d&#8217;inclinaison est de +\/- 90 degr\u00e9s avec une r\u00e9ponse parfaite pendant tout le processus de l&#8217;inclinaison. La Focus 8 interagit avec tous les tr\u00e9pied avec une base de 75 mm.<\/p>\n","protected":false},"excerpt":{"rendered":"<p>La t\u00eate fluide Focus 8 est le support id\u00e9al pour les derni\u00e8res cam\u00e9ras ultral\u00e9g\u00e8res dont le poids varie de 0 \u00e0 8 kg (17,7 lbs). Extr\u00eamement compact, La Focus8 se caract\u00e9rise par un syst\u00e8me d&#8217;amortissement des fluides continuellement variables dans les mouvements de &#8220;Pan and Tilt&#8221; et un bon \u00e9quilibre gr\u00e2ce \u00e0 un syst\u00e8me de [&hellip;]<\/p>\n","protected":false},"featured_media":2407,"template":"","meta":{"inline_featured_image":false},"product_brand":[],"product_cat":[2041],"product_tag":[],"class_list":{"0":"post-675","1":"product","2":"type-product","3":"status-publish","4":"has-post-thumbnail","6":"product_cat-tete-et-trepied-75mm","8":"first","9":"instock","10":"taxable","11":"shipping-taxable","12":"purchasable","13":"product-type-rentable"},"acf":[],"_links":{"self":[{"href":"https:\/\/indie.rent\/catalogue\/wp-json\/wp\/v2\/product\/675","targetHints":{"allow":["GET"]}}],"collection":[{"href":"https:\/\/indie.rent\/catalogue\/wp-json\/wp\/v2\/product"}],"about":[{"href":"https:\/\/indie.rent\/catalogue\/wp-json\/wp\/v2\/types\/product"}],"version-history":[{"count":0,"href":"https:\/\/indie.rent\/catalogue\/wp-json\/wp\/v2\/product\/675\/revisions"}],"wp:featuredmedia":[{"embeddable":true,"href":"https:\/\/indie.rent\/catalogue\/wp-json\/wp\/v2\/media\/2407"}],"wp:attachment":[{"href":"https:\/\/indie.rent\/catalogue\/wp-json\/wp\/v2\/media?parent=675"}],"wp:term":[{"taxonomy":"product_brand","embeddable":true,"href":"https:\/\/indie.rent\/catalogue\/wp-json\/wp\/v2\/product_brand?post=675"},{"taxonomy":"product_cat","embeddable":true,"href":"https:\/\/indie.rent\/catalogue\/wp-json\/wp\/v2\/product_cat?post=675"},{"taxonomy":"product_tag","embeddable":true,"href":"https:\/\/indie.rent\/catalogue\/wp-json\/wp\/v2\/product_tag?post=675"}],"curies":[{"name":"wp","href":"https:\/\/api.w.org\/{rel}","templated":true}]}}