{"id":6706,"date":"2026-04-07T16:39:37","date_gmt":"2026-04-07T14:39:37","guid":{"rendered":"https:\/\/indie.rent\/catalogue\/produit\/tete-manfrotto-405-avec-trepied-manfrotto-745xb\/"},"modified":"2026-04-08T14:42:43","modified_gmt":"2026-04-08T12:42:43","slug":"tete-manfrotto-405-avec-trepied-manfrotto-745xb","status":"publish","type":"product","link":"https:\/\/indie.rent\/catalogue\/produit\/tete-manfrotto-405-avec-trepied-manfrotto-745xb\/","title":{"rendered":"T\u00eate Manfrotto 405 avec Tr\u00e9pied Manfrotto 745XB"},"content":{"rendered":"<p>La\u00a0rotule tr\u00e9pied Manfrotto 405 offre un support optimal et une mise en place pr\u00e9cise pour des appareils photos moyens avec des accessoires digitales et traditionnels. La rotule tr\u00e9pied est compatible avec des appareils photos moyens format et 35mm, pesant au maximum 7.5kg.<\/p>\n<p>Son corps en aluminium est robuste mais l\u00e9ger, ce qui fait de la rotule tr\u00e9pied 405 un \u00e9quipement durable et facile \u00e0 transporter. En utilisant les larges boutons ergonomiques, vous aurez un contr\u00f4le efficace \u00e0 360\u00b0 et +90\u00b0 -30\u00b0 pour les inclinaisons frontales et lat\u00e9rales.<\/p>\n<p>Ceci vous donne donc un contr\u00f4le de haute qualit\u00e9 permettant un maintien important dans les prises de vues. Le design innovant de la rotule tr\u00e9pied vous permet de d\u00e9verrouiller votre \u00e9quipement et de positionner facilement l\u2019appareil photo d\u2019une seule main. Une fois en position, vous pouvez instantan\u00e9ment r\u00e9installer votre \u00e9quipement pour un dernier alignement ultra-pr\u00e9cis.\u00a0<\/p>\n<p>\u00a0<\/p>\n<p>Caract\u00e9ristiques principales:<\/p>\n<p>&#8211; Charge utile: 7.5 Kg<\/p>\n<p>&#8211; Inclinaison avant (Tilt) : -30\u00b0 \/ +90\u00b0<\/p>\n<p>&#8211; Inclinaison Lat\u00e9rale: -90\u00b0 \/ +30\u00b0<\/p>\n<p>&#8211; Rotation panoramique: 360\u00b0<\/p>\n<p>&#8211; Diam\u00e8tre de la base plate: 60mm<\/p>\n<p>&#8211; Poids: 1.6 Kg<\/p>\n<p>\u00a0<\/p>\n","protected":false},"excerpt":{"rendered":"<p>La\u00a0rotule tr\u00e9pied Manfrotto 405 offre un support optimal et une mise en place pr\u00e9cise pour des appareils photos moyens avec des accessoires digitales et traditionnels. La rotule tr\u00e9pied est compatible avec des appareils photos moyens format et 35mm, pesant au maximum 7.5kg. Son corps en aluminium est robuste mais l\u00e9ger, ce qui fait de la [&hellip;]<\/p>\n","protected":false},"featured_media":6707,"template":"","meta":{"inline_featured_image":false},"product_brand":[],"product_cat":[2472],"product_tag":[],"class_list":{"0":"post-6706","1":"product","2":"type-product","3":"status-publish","4":"has-post-thumbnail","6":"product_cat-tete-et-trepied-photo","8":"first","9":"instock","10":"taxable","11":"shipping-taxable","12":"purchasable","13":"product-type-rentable"},"acf":[],"_links":{"self":[{"href":"https:\/\/indie.rent\/catalogue\/wp-json\/wp\/v2\/product\/6706","targetHints":{"allow":["GET"]}}],"collection":[{"href":"https:\/\/indie.rent\/catalogue\/wp-json\/wp\/v2\/product"}],"about":[{"href":"https:\/\/indie.rent\/catalogue\/wp-json\/wp\/v2\/types\/product"}],"version-history":[{"count":1,"href":"https:\/\/indie.rent\/catalogue\/wp-json\/wp\/v2\/product\/6706\/revisions"}],"predecessor-version":[{"id":6709,"href":"https:\/\/indie.rent\/catalogue\/wp-json\/wp\/v2\/product\/6706\/revisions\/6709"}],"wp:featuredmedia":[{"embeddable":true,"href":"https:\/\/indie.rent\/catalogue\/wp-json\/wp\/v2\/media\/6707"}],"wp:attachment":[{"href":"https:\/\/indie.rent\/catalogue\/wp-json\/wp\/v2\/media?parent=6706"}],"wp:term":[{"taxonomy":"product_brand","embeddable":true,"href":"https:\/\/indie.rent\/catalogue\/wp-json\/wp\/v2\/product_brand?post=6706"},{"taxonomy":"product_cat","embeddable":true,"href":"https:\/\/indie.rent\/catalogue\/wp-json\/wp\/v2\/product_cat?post=6706"},{"taxonomy":"product_tag","embeddable":true,"href":"https:\/\/indie.rent\/catalogue\/wp-json\/wp\/v2\/product_tag?post=6706"}],"curies":[{"name":"wp","href":"https:\/\/api.w.org\/{rel}","templated":true}]}}