{"id":6686,"date":"2026-04-04T00:07:37","date_gmt":"2026-04-03T22:07:37","guid":{"rendered":"https:\/\/indie.rent\/catalogue\/produit\/kit-pluie-cinema-4-cannes-de-pluie-2-pompes\/"},"modified":"2026-04-14T17:13:00","modified_gmt":"2026-04-14T15:13:00","slug":"kit-pluie-cinema-4-cannes-de-pluie-2-pompes","status":"publish","type":"product","link":"https:\/\/indie.rent\/catalogue\/produit\/kit-pluie-cinema-4-cannes-de-pluie-2-pompes\/","title":{"rendered":"Kit Pluie Cin\u00e9ma \u2013 4 Cannes de pluie + 2 Pompes"},"content":{"rendered":"<p>Le\u00a0kit\u00a0pluie\u00a0cin\u00e9ma Indie\u00a0est con\u00e7u pour cr\u00e9er des\u00a0effets de\u00a0pluie\u00a0contr\u00f4l\u00e9s et homog\u00e8nes sur les plateaux de tournage. Il permet de reproduire une\u00a0pluie\u00a0cr\u00e9dible pour les sc\u00e8nes de fiction, publicit\u00e9 ou clips musicaux.<\/p>\n<p>Le syst\u00e8me comprend\u00a0quatre cannes de\u00a0pluie\u00a0professionnelles, aliment\u00e9es par\u00a0deux pompes haute puissance, et un ensemble de\u00a0tuyaux longue distance\u00a0permettant d\u2019installer la\u00a0pluie\u00a0\u00e0 plusieurs dizaines de m\u00e8tres de la source d\u2019eau.<\/p>\n<p>Les cannes de\u00a0pluie\u00a0se\u00a0fixent sur une rotule Electro\u00a0afin d\u2019ajuster pr\u00e9cis\u00e9ment l\u2019orientation et la zone de\u00a0pluie\u00a0selon le cadre cam\u00e9ra et la lumi\u00e8re.<\/p>\n<p>Ce type de configuration est couramment utilis\u00e9 pour les\u00a0sc\u00e8nes nocturnes, dramatiques ou atmosph\u00e9riques, o\u00f9 la\u00a0pluie\u00a0doit \u00eatre visible \u00e0 l\u2019image et parfaitement contr\u00f4l\u00e9e.<\/p>\n<p>\u00a0<\/p>\n<p><strong>Caract\u00e9ristiques cl\u00e9s :<\/strong><\/p>\n<p>Kit\u00a0pluie\u00a0complet pour tournage<\/p>\n<p>4 cannes de\u00a0pluie\u00a0permettant de couvrir une large zone de d\u00e9cor.<\/p>\n<p>Fixation sur rotule Electro<\/p>\n<p>Orientation pr\u00e9cise des cannes pour ajuster la direction de la\u00a0pluie.<\/p>\n<p>Deux pompes haute puissance<\/p>\n<p>D\u00e9bit suffisant pour produire une\u00a0pluie\u00a0dense et visible \u00e0 l\u2019image.<\/p>\n<p>Grande longueur de tuyauterie<\/p>\n<p>300 m\u00e8tres de tuyaux permettant d\u2019installer les pompes \u00e0 distance du plateau.<\/p>\n<p>Distribution multi-sorties<\/p>\n<p>Petits tuyaux secondaires pour r\u00e9partir l\u2019eau entre les cannes.Installation modulable<\/p>\n<p>Possibilit\u00e9 d\u2019utiliser 1, 2 ou 4 cannes selon les besoins de la sc\u00e8ne.<\/p>\n<p>\u00a0<\/p>\n<p>\u00a0<\/p>\n<p>\u00a0<\/p>\n","protected":false},"excerpt":{"rendered":"<p>Le\u00a0kit\u00a0pluie\u00a0cin\u00e9ma Indie\u00a0est con\u00e7u pour cr\u00e9er des\u00a0effets de\u00a0pluie\u00a0contr\u00f4l\u00e9s et homog\u00e8nes sur les plateaux de tournage. Il permet de reproduire une\u00a0pluie\u00a0cr\u00e9dible pour les sc\u00e8nes de fiction, publicit\u00e9 ou clips musicaux. Le syst\u00e8me comprend\u00a0quatre cannes de\u00a0pluie\u00a0professionnelles, aliment\u00e9es par\u00a0deux pompes haute puissance, et un ensemble de\u00a0tuyaux longue distance\u00a0permettant d\u2019installer la\u00a0pluie\u00a0\u00e0 plusieurs dizaines de m\u00e8tres de la source d\u2019eau. Les [&hellip;]<\/p>\n","protected":false},"featured_media":6689,"template":"","meta":{"inline_featured_image":false},"product_brand":[],"product_cat":[2101],"product_tag":[],"class_list":{"0":"post-6686","1":"product","2":"type-product","3":"status-publish","4":"has-post-thumbnail","6":"product_cat-machine-a-brouillard-fumee","8":"first","9":"instock","10":"taxable","11":"shipping-taxable","12":"purchasable","13":"product-type-rentable"},"acf":[],"_links":{"self":[{"href":"https:\/\/indie.rent\/catalogue\/wp-json\/wp\/v2\/product\/6686","targetHints":{"allow":["GET"]}}],"collection":[{"href":"https:\/\/indie.rent\/catalogue\/wp-json\/wp\/v2\/product"}],"about":[{"href":"https:\/\/indie.rent\/catalogue\/wp-json\/wp\/v2\/types\/product"}],"version-history":[{"count":1,"href":"https:\/\/indie.rent\/catalogue\/wp-json\/wp\/v2\/product\/6686\/revisions"}],"predecessor-version":[{"id":6743,"href":"https:\/\/indie.rent\/catalogue\/wp-json\/wp\/v2\/product\/6686\/revisions\/6743"}],"wp:featuredmedia":[{"embeddable":true,"href":"https:\/\/indie.rent\/catalogue\/wp-json\/wp\/v2\/media\/6689"}],"wp:attachment":[{"href":"https:\/\/indie.rent\/catalogue\/wp-json\/wp\/v2\/media?parent=6686"}],"wp:term":[{"taxonomy":"product_brand","embeddable":true,"href":"https:\/\/indie.rent\/catalogue\/wp-json\/wp\/v2\/product_brand?post=6686"},{"taxonomy":"product_cat","embeddable":true,"href":"https:\/\/indie.rent\/catalogue\/wp-json\/wp\/v2\/product_cat?post=6686"},{"taxonomy":"product_tag","embeddable":true,"href":"https:\/\/indie.rent\/catalogue\/wp-json\/wp\/v2\/product_tag?post=6686"}],"curies":[{"name":"wp","href":"https:\/\/api.w.org\/{rel}","templated":true}]}}