{"id":668,"date":"2025-01-09T10:06:34","date_gmt":"2025-01-09T09:06:34","guid":{"rendered":"https:\/\/indie.rent\/catalogue\/produit\/quart-de-brie-kessler\/"},"modified":"2026-04-05T00:13:40","modified_gmt":"2026-04-04T22:13:40","slug":"quart-de-brie-kessler-avec-qrp-smallrig","status":"publish","type":"product","link":"https:\/\/indie.rent\/catalogue\/produit\/quart-de-brie-kessler-avec-qrp-smallrig\/","title":{"rendered":"Quart de Brie Kessler avec QRP SMALLRIG"},"content":{"rendered":"<p>Quart de Brie<\/p>\n<p>Cette t\u00eate orientable de Kessler, aussi appel\u00e9e Quart de Brie, permet d&#8217;orienter verticalement une cam\u00e9ra jusqu&#8217;\u00e0 95\u00b0. La capacit\u00e9 de chargement de cette t\u00eate va jusqu&#8217;\u00e0 22Kg, elle est facilement adaptable sur diff\u00e9rents sliders ou grues. <\/p>\n<p>Elle est \u00e9quip\u00e9e d&#8217;un niveau \u00e0 bulle ainsi que diff\u00e9rentes vis (1\/4 et 3\/8) et comporte plusieurs pas de vis (1\/4 et 3\/8) permettant une grande adaptabilit\u00e9.<\/p>\n","protected":false},"excerpt":{"rendered":"<p>Quart de Brie Cette t\u00eate orientable de Kessler, aussi appel\u00e9e Quart de Brie, permet d&#8217;orienter verticalement une cam\u00e9ra jusqu&#8217;\u00e0 95\u00b0. La capacit\u00e9 de chargement de cette t\u00eate va jusqu&#8217;\u00e0 22Kg, elle est facilement adaptable sur diff\u00e9rents sliders ou grues. Elle est \u00e9quip\u00e9e d&#8217;un niveau \u00e0 bulle ainsi que diff\u00e9rentes vis (1\/4 et 3\/8) et comporte [&hellip;]<\/p>\n","protected":false},"featured_media":1881,"template":"","meta":{"inline_featured_image":false},"product_brand":[],"product_cat":[2043],"product_tag":[],"class_list":{"0":"post-668","1":"product","2":"type-product","3":"status-publish","4":"has-post-thumbnail","6":"product_cat-quart-de-brie","8":"first","9":"instock","10":"taxable","11":"shipping-taxable","12":"purchasable","13":"product-type-rentable"},"acf":[],"_links":{"self":[{"href":"https:\/\/indie.rent\/catalogue\/wp-json\/wp\/v2\/product\/668","targetHints":{"allow":["GET"]}}],"collection":[{"href":"https:\/\/indie.rent\/catalogue\/wp-json\/wp\/v2\/product"}],"about":[{"href":"https:\/\/indie.rent\/catalogue\/wp-json\/wp\/v2\/types\/product"}],"version-history":[{"count":1,"href":"https:\/\/indie.rent\/catalogue\/wp-json\/wp\/v2\/product\/668\/revisions"}],"predecessor-version":[{"id":5121,"href":"https:\/\/indie.rent\/catalogue\/wp-json\/wp\/v2\/product\/668\/revisions\/5121"}],"wp:featuredmedia":[{"embeddable":true,"href":"https:\/\/indie.rent\/catalogue\/wp-json\/wp\/v2\/media\/1881"}],"wp:attachment":[{"href":"https:\/\/indie.rent\/catalogue\/wp-json\/wp\/v2\/media?parent=668"}],"wp:term":[{"taxonomy":"product_brand","embeddable":true,"href":"https:\/\/indie.rent\/catalogue\/wp-json\/wp\/v2\/product_brand?post=668"},{"taxonomy":"product_cat","embeddable":true,"href":"https:\/\/indie.rent\/catalogue\/wp-json\/wp\/v2\/product_cat?post=668"},{"taxonomy":"product_tag","embeddable":true,"href":"https:\/\/indie.rent\/catalogue\/wp-json\/wp\/v2\/product_tag?post=668"}],"curies":[{"name":"wp","href":"https:\/\/api.w.org\/{rel}","templated":true}]}}