{"id":6679,"date":"2026-04-04T00:06:23","date_gmt":"2026-04-03T22:06:23","guid":{"rendered":"https:\/\/indie.rent\/catalogue\/produit\/cable-audio-xlr-3-male-vers-xlr-3-femelle-10-metres\/"},"modified":"2026-04-04T00:19:07","modified_gmt":"2026-04-03T22:19:07","slug":"cable-audio-xlr-3-male-vers-xlr-3-femelle-10-metres","status":"publish","type":"product","link":"https:\/\/indie.rent\/catalogue\/produit\/cable-audio-xlr-3-male-vers-xlr-3-femelle-10-metres\/","title":{"rendered":"C\u00e2ble Audio XLR 3 M\u00e2le vers XLR  3 Femelle (10 m\u00e8tres)"},"content":{"rendered":"<p>C\u00e2ble XLR M\u00e2le vers XLR Femelle &#8211; XLR 3 Broches<\/p>\n","protected":false},"excerpt":{"rendered":"<p>C\u00e2ble XLR M\u00e2le vers XLR Femelle &#8211; XLR 3 Broches<\/p>\n","protected":false},"featured_media":6692,"template":"","meta":{"inline_featured_image":false},"product_brand":[],"product_cat":[2214],"product_tag":[],"class_list":{"0":"post-6679","1":"product","2":"type-product","3":"status-publish","4":"has-post-thumbnail","6":"product_cat-equipement-audio","8":"first","9":"instock","10":"taxable","11":"shipping-taxable","12":"purchasable","13":"product-type-rentable"},"acf":[],"_links":{"self":[{"href":"https:\/\/indie.rent\/catalogue\/wp-json\/wp\/v2\/product\/6679","targetHints":{"allow":["GET"]}}],"collection":[{"href":"https:\/\/indie.rent\/catalogue\/wp-json\/wp\/v2\/product"}],"about":[{"href":"https:\/\/indie.rent\/catalogue\/wp-json\/wp\/v2\/types\/product"}],"version-history":[{"count":0,"href":"https:\/\/indie.rent\/catalogue\/wp-json\/wp\/v2\/product\/6679\/revisions"}],"wp:featuredmedia":[{"embeddable":true,"href":"https:\/\/indie.rent\/catalogue\/wp-json\/wp\/v2\/media\/6692"}],"wp:attachment":[{"href":"https:\/\/indie.rent\/catalogue\/wp-json\/wp\/v2\/media?parent=6679"}],"wp:term":[{"taxonomy":"product_brand","embeddable":true,"href":"https:\/\/indie.rent\/catalogue\/wp-json\/wp\/v2\/product_brand?post=6679"},{"taxonomy":"product_cat","embeddable":true,"href":"https:\/\/indie.rent\/catalogue\/wp-json\/wp\/v2\/product_cat?post=6679"},{"taxonomy":"product_tag","embeddable":true,"href":"https:\/\/indie.rent\/catalogue\/wp-json\/wp\/v2\/product_tag?post=6679"}],"curies":[{"name":"wp","href":"https:\/\/api.w.org\/{rel}","templated":true}]}}