{"id":666,"date":"2025-01-09T10:06:33","date_gmt":"2025-01-09T09:06:33","guid":{"rendered":"https:\/\/indie.rent\/catalogue\/produit\/easylift-5-sections-strato-safe\/"},"modified":"2026-04-10T10:22:40","modified_gmt":"2026-04-10T08:22:40","slug":"easylift-5-sections-strato-safe-bp150p-1","status":"publish","type":"product","link":"https:\/\/indie.rent\/catalogue\/produit\/easylift-5-sections-strato-safe-bp150p-1\/","title":{"rendered":"Easylift &#8211; 5 Sections &#8211; Strato Safe &#8211; BP150P-1"},"content":{"rendered":"<p>Caract\u00e9ristiques techniques :<\/p>\n<p>Longueur minimale : 201 cm<br \/>Longueur maximale : 621 cm<br \/>Longueur pied repli\u00e9 : 236 cm<br \/>Surface au sol d\u00e9pli\u00e9 : 213 cm<br \/>Poids : 93,4 Kg<br \/>Charge maximale en d\u00e9ploiement complet : 70 Kg<\/p>\n","protected":false},"excerpt":{"rendered":"<p>Caract\u00e9ristiques techniques : Longueur minimale : 201 cmLongueur maximale : 621 cmLongueur pied repli\u00e9 : 236 cmSurface au sol d\u00e9pli\u00e9 : 213 cmPoids : 93,4 KgCharge maximale en d\u00e9ploiement complet : 70 Kg<\/p>\n","protected":false},"featured_media":2391,"template":"","meta":{"inline_featured_image":false},"product_brand":[],"product_cat":[2030],"product_tag":[],"class_list":{"0":"post-666","1":"product","2":"type-product","3":"status-publish","4":"has-post-thumbnail","6":"product_cat-roller","8":"first","9":"instock","10":"taxable","11":"shipping-taxable","12":"purchasable","13":"product-type-rentable"},"acf":[],"_links":{"self":[{"href":"https:\/\/indie.rent\/catalogue\/wp-json\/wp\/v2\/product\/666","targetHints":{"allow":["GET"]}}],"collection":[{"href":"https:\/\/indie.rent\/catalogue\/wp-json\/wp\/v2\/product"}],"about":[{"href":"https:\/\/indie.rent\/catalogue\/wp-json\/wp\/v2\/types\/product"}],"version-history":[{"count":0,"href":"https:\/\/indie.rent\/catalogue\/wp-json\/wp\/v2\/product\/666\/revisions"}],"wp:featuredmedia":[{"embeddable":true,"href":"https:\/\/indie.rent\/catalogue\/wp-json\/wp\/v2\/media\/2391"}],"wp:attachment":[{"href":"https:\/\/indie.rent\/catalogue\/wp-json\/wp\/v2\/media?parent=666"}],"wp:term":[{"taxonomy":"product_brand","embeddable":true,"href":"https:\/\/indie.rent\/catalogue\/wp-json\/wp\/v2\/product_brand?post=666"},{"taxonomy":"product_cat","embeddable":true,"href":"https:\/\/indie.rent\/catalogue\/wp-json\/wp\/v2\/product_cat?post=666"},{"taxonomy":"product_tag","embeddable":true,"href":"https:\/\/indie.rent\/catalogue\/wp-json\/wp\/v2\/product_tag?post=666"}],"curies":[{"name":"wp","href":"https:\/\/api.w.org\/{rel}","templated":true}]}}