{"id":665,"date":"2025-01-09T10:06:32","date_gmt":"2025-01-09T09:06:32","guid":{"rendered":"https:\/\/indie.rent\/catalogue\/produit\/easylift-3-sections-strato-safe-47-stand\/"},"modified":"2026-04-04T00:14:31","modified_gmt":"2026-04-03T22:14:31","slug":"easylift-4-sections-strato-safe-47-stands-b7047cs","status":"publish","type":"product","link":"https:\/\/indie.rent\/catalogue\/produit\/easylift-4-sections-strato-safe-47-stands-b7047cs\/","title":{"rendered":"Easylift &#8211; 4 Sections &#8211; Strato Safe 47 Stands &#8211; B7047CS"},"content":{"rendered":"<p>Easylift &#8211; 4 Sections &#8211; Strato Safe 47 Stand<\/p>\n<p>Caract\u00e9ristiques techniques :<\/p>\n<p>Longueur minimale : 172 cm<br \/>Longueur maximale : 467 cm<br \/>Longueur pied repli\u00e9 : 209 cm<br \/>Surface au sol d\u00e9pli\u00e9 : 213 cm<br \/>Poids : 62 Kg<br \/>Charge maximale en d\u00e9ploiement complet : 70 Kg<\/p>\n","protected":false},"excerpt":{"rendered":"<p>Easylift &#8211; 4 Sections &#8211; Strato Safe 47 Stand Caract\u00e9ristiques techniques : Longueur minimale : 172 cmLongueur maximale : 467 cmLongueur pied repli\u00e9 : 209 cmSurface au sol d\u00e9pli\u00e9 : 213 cmPoids : 62 KgCharge maximale en d\u00e9ploiement complet : 70 Kg<\/p>\n","protected":false},"featured_media":2121,"template":"","meta":{"inline_featured_image":false},"product_brand":[],"product_cat":[2030],"product_tag":[],"class_list":{"0":"post-665","1":"product","2":"type-product","3":"status-publish","4":"has-post-thumbnail","6":"product_cat-roller","8":"first","9":"instock","10":"taxable","11":"shipping-taxable","12":"purchasable","13":"product-type-rentable"},"acf":[],"_links":{"self":[{"href":"https:\/\/indie.rent\/catalogue\/wp-json\/wp\/v2\/product\/665","targetHints":{"allow":["GET"]}}],"collection":[{"href":"https:\/\/indie.rent\/catalogue\/wp-json\/wp\/v2\/product"}],"about":[{"href":"https:\/\/indie.rent\/catalogue\/wp-json\/wp\/v2\/types\/product"}],"version-history":[{"count":2,"href":"https:\/\/indie.rent\/catalogue\/wp-json\/wp\/v2\/product\/665\/revisions"}],"predecessor-version":[{"id":6533,"href":"https:\/\/indie.rent\/catalogue\/wp-json\/wp\/v2\/product\/665\/revisions\/6533"}],"wp:featuredmedia":[{"embeddable":true,"href":"https:\/\/indie.rent\/catalogue\/wp-json\/wp\/v2\/media\/2121"}],"wp:attachment":[{"href":"https:\/\/indie.rent\/catalogue\/wp-json\/wp\/v2\/media?parent=665"}],"wp:term":[{"taxonomy":"product_brand","embeddable":true,"href":"https:\/\/indie.rent\/catalogue\/wp-json\/wp\/v2\/product_brand?post=665"},{"taxonomy":"product_cat","embeddable":true,"href":"https:\/\/indie.rent\/catalogue\/wp-json\/wp\/v2\/product_cat?post=665"},{"taxonomy":"product_tag","embeddable":true,"href":"https:\/\/indie.rent\/catalogue\/wp-json\/wp\/v2\/product_tag?post=665"}],"curies":[{"name":"wp","href":"https:\/\/api.w.org\/{rel}","templated":true}]}}