{"id":6602,"date":"2026-03-30T00:08:00","date_gmt":"2026-03-29T22:08:00","guid":{"rendered":"https:\/\/indie.rent\/catalogue\/produit\/softbox-parabolic-nanlux-150-monture-nlm-o-150cm\/"},"modified":"2026-04-04T00:18:07","modified_gmt":"2026-04-03T22:18:07","slug":"softbox-parabolic-nanlux-150-monture-nlm-o-150cm","status":"publish","type":"product","link":"https:\/\/indie.rent\/catalogue\/produit\/softbox-parabolic-nanlux-150-monture-nlm-o-150cm\/","title":{"rendered":"Softbox Parabolic NANLUX 150 Monture NLM (\u00d8 150cm)"},"content":{"rendered":"<p>Bo\u00eete \u00e0 lumi\u00e8re parabolique grand format offrant un rendu doux et enveloppant avec un beau contraste, id\u00e9ale pour portraits, interviews et \u00e9clairage cin\u00e9ma.<\/p>\n<p>Caract\u00e9ristiques principales :<\/p>\n<p>Type : Softbox parabolique<br \/>Monture : NL Mount<br \/>Compatibilit\u00e9 :\u00a0Nanlux Evoke (900C, 1200 Daylight, 1200B, 2400B, 5000B)<br \/>Poids : ~4,5 kg<br \/>Dimensions : \u00d8 150 cm<\/p>\n","protected":false},"excerpt":{"rendered":"<p>Bo\u00eete \u00e0 lumi\u00e8re parabolique grand format offrant un rendu doux et enveloppant avec un beau contraste, id\u00e9ale pour portraits, interviews et \u00e9clairage cin\u00e9ma. Caract\u00e9ristiques principales : Type : Softbox paraboliqueMonture : NL MountCompatibilit\u00e9 :\u00a0Nanlux Evoke (900C, 1200 Daylight, 1200B, 2400B, 5000B)Poids : ~4,5 kgDimensions : \u00d8 150 cm<\/p>\n","protected":false},"featured_media":6612,"template":"","meta":{"inline_featured_image":false},"product_brand":[],"product_cat":[2098],"product_tag":[],"class_list":{"0":"post-6602","1":"product","2":"type-product","3":"status-publish","4":"has-post-thumbnail","6":"product_cat-boite-a-lumiere","8":"first","9":"instock","10":"taxable","11":"shipping-taxable","12":"purchasable","13":"product-type-rentable"},"acf":[],"_links":{"self":[{"href":"https:\/\/indie.rent\/catalogue\/wp-json\/wp\/v2\/product\/6602","targetHints":{"allow":["GET"]}}],"collection":[{"href":"https:\/\/indie.rent\/catalogue\/wp-json\/wp\/v2\/product"}],"about":[{"href":"https:\/\/indie.rent\/catalogue\/wp-json\/wp\/v2\/types\/product"}],"version-history":[{"count":0,"href":"https:\/\/indie.rent\/catalogue\/wp-json\/wp\/v2\/product\/6602\/revisions"}],"wp:featuredmedia":[{"embeddable":true,"href":"https:\/\/indie.rent\/catalogue\/wp-json\/wp\/v2\/media\/6612"}],"wp:attachment":[{"href":"https:\/\/indie.rent\/catalogue\/wp-json\/wp\/v2\/media?parent=6602"}],"wp:term":[{"taxonomy":"product_brand","embeddable":true,"href":"https:\/\/indie.rent\/catalogue\/wp-json\/wp\/v2\/product_brand?post=6602"},{"taxonomy":"product_cat","embeddable":true,"href":"https:\/\/indie.rent\/catalogue\/wp-json\/wp\/v2\/product_cat?post=6602"},{"taxonomy":"product_tag","embeddable":true,"href":"https:\/\/indie.rent\/catalogue\/wp-json\/wp\/v2\/product_tag?post=6602"}],"curies":[{"name":"wp","href":"https:\/\/api.w.org\/{rel}","templated":true}]}}