{"id":660,"date":"2025-01-09T10:06:30","date_gmt":"2025-01-09T09:06:30","guid":{"rendered":"https:\/\/indie.rent\/catalogue\/produit\/moonlite\/"},"modified":"2026-04-05T00:16:34","modified_gmt":"2026-04-04T22:16:34","slug":"moonlite-v1-crmx-tx-rx","status":"publish","type":"product","link":"https:\/\/indie.rent\/catalogue\/produit\/moonlite-v1-crmx-tx-rx\/","title":{"rendered":"Moonlite V1 CRMX TX\/RX"},"content":{"rendered":"<p>\u00c9metteur\/r\u00e9cepteur DMX\/RDM sans fil pour 512 canaux<\/p>\n<p>Bas\u00e9 sur la technologie fiable CRMX<br \/>Batterie int\u00e9gr\u00e9e et puissante<br \/>Connectivit\u00e9 Bluetooth<br \/>Comprend des fonctionnalit\u00e9s telles que Bluetooth, mises \u00e0 jour du micrologiciel sans fil, analyse am\u00e9lior\u00e9e du spectre de fr\u00e9quences pour une transmission de donn\u00e9es encore plus stable gr\u00e2ce \u00e0 un contr\u00f4le intelligent des erreurs, ainsi qu&#8217;une puissance RF consid\u00e9rablement r\u00e9duite et un ajustement dynamique de la puissance d&#8217;\u00e9mission<br \/>Peut communiquer via la connectivit\u00e9 Bluetooth directement et sans mat\u00e9riel suppl\u00e9mentaire, avec des applications de contr\u00f4le d&#8217;\u00e9clairage install\u00e9es sur des tablettes ou des t\u00e9l\u00e9phones portables<br \/>Id\u00e9al en combinaison avec l&#8217;application CRMX Toolbox sp\u00e9cialement d\u00e9velopp\u00e9e<\/p>\n<p>Donn\u00e9es techniques :<\/p>\n<p>Gamme de fr\u00e9quence : 2,4 GHz &#038; Bluetooth<br \/>Saut de fr\u00e9quence libre adaptatif : Oui<br \/>Puissance d&#8217;\u00e9mission \/ r\u00e9ception : 10 \/ 50 \/ 100 \/ 300 mW (s\u00e9lectionnable)<br \/>Port\u00e9e radio Max : environ 500 m<br \/>Compatible W-DMX : en mode r\u00e9cepteur<br \/>Alimentation par Ethernet : Non<br \/>Protocole : DMX 512 A (RDM)<br \/>Canaux DMX : 512 (1 univers)<br \/>Connecteur DMX : entr\u00e9e et sortie XLR 5 broches<br \/>Alimentation : 5 V CC<br \/>Consommation : 500 mA<br \/>Prise de charge : USB<br \/>Dimensions (LxPxH) : 110 x 44 x 125 mm<br \/>Poids : 0,7 kg<\/p>\n","protected":false},"excerpt":{"rendered":"<p>\u00c9metteur\/r\u00e9cepteur DMX\/RDM sans fil pour 512 canaux Bas\u00e9 sur la technologie fiable CRMXBatterie int\u00e9gr\u00e9e et puissanteConnectivit\u00e9 BluetoothComprend des fonctionnalit\u00e9s telles que Bluetooth, mises \u00e0 jour du micrologiciel sans fil, analyse am\u00e9lior\u00e9e du spectre de fr\u00e9quences pour une transmission de donn\u00e9es encore plus stable gr\u00e2ce \u00e0 un contr\u00f4le intelligent des erreurs, ainsi qu&#8217;une puissance RF consid\u00e9rablement [&hellip;]<\/p>\n","protected":false},"featured_media":2466,"template":"","meta":{"inline_featured_image":false},"product_brand":[],"product_cat":[2088],"product_tag":[],"class_list":{"0":"post-660","1":"product","2":"type-product","3":"status-publish","4":"has-post-thumbnail","6":"product_cat-commande-a-distance","8":"first","9":"instock","10":"taxable","11":"shipping-taxable","12":"purchasable","13":"product-type-rentable"},"acf":[],"_links":{"self":[{"href":"https:\/\/indie.rent\/catalogue\/wp-json\/wp\/v2\/product\/660","targetHints":{"allow":["GET"]}}],"collection":[{"href":"https:\/\/indie.rent\/catalogue\/wp-json\/wp\/v2\/product"}],"about":[{"href":"https:\/\/indie.rent\/catalogue\/wp-json\/wp\/v2\/types\/product"}],"version-history":[{"count":3,"href":"https:\/\/indie.rent\/catalogue\/wp-json\/wp\/v2\/product\/660\/revisions"}],"predecessor-version":[{"id":6179,"href":"https:\/\/indie.rent\/catalogue\/wp-json\/wp\/v2\/product\/660\/revisions\/6179"}],"wp:featuredmedia":[{"embeddable":true,"href":"https:\/\/indie.rent\/catalogue\/wp-json\/wp\/v2\/media\/2466"}],"wp:attachment":[{"href":"https:\/\/indie.rent\/catalogue\/wp-json\/wp\/v2\/media?parent=660"}],"wp:term":[{"taxonomy":"product_brand","embeddable":true,"href":"https:\/\/indie.rent\/catalogue\/wp-json\/wp\/v2\/product_brand?post=660"},{"taxonomy":"product_cat","embeddable":true,"href":"https:\/\/indie.rent\/catalogue\/wp-json\/wp\/v2\/product_cat?post=660"},{"taxonomy":"product_tag","embeddable":true,"href":"https:\/\/indie.rent\/catalogue\/wp-json\/wp\/v2\/product_tag?post=660"}],"curies":[{"name":"wp","href":"https:\/\/api.w.org\/{rel}","templated":true}]}}