{"id":6596,"date":"2026-03-30T00:07:16","date_gmt":"2026-03-29T22:07:16","guid":{"rendered":"https:\/\/indie.rent\/catalogue\/produit\/lentille-fresnel-aputure-2x-monture-bowen\/"},"modified":"2026-04-05T00:18:36","modified_gmt":"2026-04-04T22:18:36","slug":"lentille-fresnel-aputure-2x-monture-bowen","status":"publish","type":"product","link":"https:\/\/indie.rent\/catalogue\/produit\/lentille-fresnel-aputure-2x-monture-bowen\/","title":{"rendered":"Lentille Fresnel APUTURE 2X Monture Bowen"},"content":{"rendered":"<p>Lentille Fresnel compacte permettant d\u2019augmenter significativement l\u2019intensit\u00e9 lumineuse tout en contr\u00f4lant pr\u00e9cis\u00e9ment le faisceau.<\/p>\n<p>Caract\u00e9ristiques principales :<\/p>\n<p>Type : Lentille Fresnel<br \/>Monture : Bowen<br \/>Angle de faisceau : 12\u00b0 \u2013 40\u00b0 (r\u00e9glable)<br \/>Compatibilit\u00e9 : Aputure LS 60x \/ 60d (via adaptateur Bowens), 120d, 300d\/x, 600d\/x, Nanlite Gamme Forza (avec monture Bowen sous r\u00e9serve de test)<br \/>Contr\u00f4le : Manuel (r\u00e9glage spot\/flood)<br \/>\u00c9tanch\u00e9it\u00e9 : Non<br \/>Poids : ~1,3 kg<br \/>Dimensions : ~20 cm \u00d7 18 cm \u00d7 18 cm<\/p>\n","protected":false},"excerpt":{"rendered":"<p>Lentille Fresnel compacte permettant d\u2019augmenter significativement l\u2019intensit\u00e9 lumineuse tout en contr\u00f4lant pr\u00e9cis\u00e9ment le faisceau. Caract\u00e9ristiques principales : Type : Lentille FresnelMonture : BowenAngle de faisceau : 12\u00b0 \u2013 40\u00b0 (r\u00e9glable)Compatibilit\u00e9 : Aputure LS 60x \/ 60d (via adaptateur Bowens), 120d, 300d\/x, 600d\/x, Nanlite Gamme Forza (avec monture Bowen sous r\u00e9serve de test)Contr\u00f4le : Manuel (r\u00e9glage [&hellip;]<\/p>\n","protected":false},"featured_media":6653,"template":"","meta":{"inline_featured_image":false},"product_brand":[],"product_cat":[2121],"product_tag":[],"class_list":{"0":"post-6596","1":"product","2":"type-product","3":"status-publish","4":"has-post-thumbnail","6":"product_cat-accessoires-led","8":"first","9":"instock","10":"taxable","11":"shipping-taxable","12":"purchasable","13":"product-type-rentable"},"acf":[],"_links":{"self":[{"href":"https:\/\/indie.rent\/catalogue\/wp-json\/wp\/v2\/product\/6596","targetHints":{"allow":["GET"]}}],"collection":[{"href":"https:\/\/indie.rent\/catalogue\/wp-json\/wp\/v2\/product"}],"about":[{"href":"https:\/\/indie.rent\/catalogue\/wp-json\/wp\/v2\/types\/product"}],"version-history":[{"count":0,"href":"https:\/\/indie.rent\/catalogue\/wp-json\/wp\/v2\/product\/6596\/revisions"}],"wp:featuredmedia":[{"embeddable":true,"href":"https:\/\/indie.rent\/catalogue\/wp-json\/wp\/v2\/media\/6653"}],"wp:attachment":[{"href":"https:\/\/indie.rent\/catalogue\/wp-json\/wp\/v2\/media?parent=6596"}],"wp:term":[{"taxonomy":"product_brand","embeddable":true,"href":"https:\/\/indie.rent\/catalogue\/wp-json\/wp\/v2\/product_brand?post=6596"},{"taxonomy":"product_cat","embeddable":true,"href":"https:\/\/indie.rent\/catalogue\/wp-json\/wp\/v2\/product_cat?post=6596"},{"taxonomy":"product_tag","embeddable":true,"href":"https:\/\/indie.rent\/catalogue\/wp-json\/wp\/v2\/product_tag?post=6596"}],"curies":[{"name":"wp","href":"https:\/\/api.w.org\/{rel}","templated":true}]}}