{"id":6594,"date":"2026-03-30T00:06:29","date_gmt":"2026-03-29T22:06:29","guid":{"rendered":"https:\/\/indie.rent\/catalogue\/produit\/kit-barn-door-2x-aputure-monture-bowen\/"},"modified":"2026-04-05T00:18:36","modified_gmt":"2026-04-04T22:18:36","slug":"kit-barn-door-2x-aputure-monture-bowen","status":"publish","type":"product","link":"https:\/\/indie.rent\/catalogue\/produit\/kit-barn-door-2x-aputure-monture-bowen\/","title":{"rendered":"Kit Barn Door 2X APUTURE Monture Bowen"},"content":{"rendered":"<p>Volets coupe-flux con\u00e7us pour le Fresnel 2X, permettant de contr\u00f4ler pr\u00e9cis\u00e9ment la direction du faisceau et d\u2019\u00e9viter les d\u00e9bordements lumineux.<\/p>\n<p>Caract\u00e9ristiques principales :<\/p>\n<p>Type : Barn doors (volets coupe-flux)<br \/>Monture : Sp\u00e9cifique Aputure Fresnel 2X<br \/>Compatibilit\u00e9 :\u00a0Utilisable uniquement avec projecteurs \u00e9quip\u00e9s du Fresnel 2X<br \/>Contr\u00f4le : Manuel (volets orientables ind\u00e9pendamment)<br \/>\u00c9tanch\u00e9it\u00e9 : Non<br \/>Poids : ~0,8 kg<br \/>Dimensions : ~25 cm \u00d7 25 cm \u00d7 4 cm<\/p>\n","protected":false},"excerpt":{"rendered":"<p>Volets coupe-flux con\u00e7us pour le Fresnel 2X, permettant de contr\u00f4ler pr\u00e9cis\u00e9ment la direction du faisceau et d\u2019\u00e9viter les d\u00e9bordements lumineux. Caract\u00e9ristiques principales : Type : Barn doors (volets coupe-flux)Monture : Sp\u00e9cifique Aputure Fresnel 2XCompatibilit\u00e9 :\u00a0Utilisable uniquement avec projecteurs \u00e9quip\u00e9s du Fresnel 2XContr\u00f4le : Manuel (volets orientables ind\u00e9pendamment)\u00c9tanch\u00e9it\u00e9 : NonPoids : ~0,8 kgDimensions : ~25 cm [&hellip;]<\/p>\n","protected":false},"featured_media":6609,"template":"","meta":{"inline_featured_image":false},"product_brand":[],"product_cat":[2121],"product_tag":[],"class_list":{"0":"post-6594","1":"product","2":"type-product","3":"status-publish","4":"has-post-thumbnail","6":"product_cat-accessoires-led","8":"first","9":"instock","10":"taxable","11":"shipping-taxable","12":"purchasable","13":"product-type-rentable"},"acf":[],"_links":{"self":[{"href":"https:\/\/indie.rent\/catalogue\/wp-json\/wp\/v2\/product\/6594","targetHints":{"allow":["GET"]}}],"collection":[{"href":"https:\/\/indie.rent\/catalogue\/wp-json\/wp\/v2\/product"}],"about":[{"href":"https:\/\/indie.rent\/catalogue\/wp-json\/wp\/v2\/types\/product"}],"version-history":[{"count":0,"href":"https:\/\/indie.rent\/catalogue\/wp-json\/wp\/v2\/product\/6594\/revisions"}],"wp:featuredmedia":[{"embeddable":true,"href":"https:\/\/indie.rent\/catalogue\/wp-json\/wp\/v2\/media\/6609"}],"wp:attachment":[{"href":"https:\/\/indie.rent\/catalogue\/wp-json\/wp\/v2\/media?parent=6594"}],"wp:term":[{"taxonomy":"product_brand","embeddable":true,"href":"https:\/\/indie.rent\/catalogue\/wp-json\/wp\/v2\/product_brand?post=6594"},{"taxonomy":"product_cat","embeddable":true,"href":"https:\/\/indie.rent\/catalogue\/wp-json\/wp\/v2\/product_cat?post=6594"},{"taxonomy":"product_tag","embeddable":true,"href":"https:\/\/indie.rent\/catalogue\/wp-json\/wp\/v2\/product_tag?post=6594"}],"curies":[{"name":"wp","href":"https:\/\/api.w.org\/{rel}","templated":true}]}}