{"id":6593,"date":"2026-03-30T00:06:28","date_gmt":"2026-03-29T22:06:28","guid":{"rendered":"https:\/\/indie.rent\/catalogue\/produit\/kit-barn-door-f10-aputure-volets-et-adaptateur-bowen\/"},"modified":"2026-04-04T00:18:04","modified_gmt":"2026-04-03T22:18:04","slug":"kit-barn-door-f10-aputure-volets-et-adaptateur-bowen","status":"publish","type":"product","link":"https:\/\/indie.rent\/catalogue\/produit\/kit-barn-door-f10-aputure-volets-et-adaptateur-bowen\/","title":{"rendered":"Kit Barn Door F10 APUTURE Volets et Adaptateur Bowen"},"content":{"rendered":"<p>Volets coupe-flux con\u00e7us pour le Fresnel F10, permettant de modeler pr\u00e9cis\u00e9ment le faisceau lumineux avec ou sans lentille F10 permettant ainsi de travailler une lumi\u00e8re plus brute du style &#8220;Open Face&#8221;<\/p>\n<p>Caract\u00e9ristiques principales :<\/p>\n<p>Type : Barn doors (volets coupe-flux)<br \/>Monture : Sp\u00e9cifique Aputure Fresnel F10<br \/>Compatibilit\u00e9 : Aputure Fresnel F10<br \/>Contr\u00f4le : Manuel (orientation ind\u00e9pendante des volets)<br \/>Alimentation : Non applicable<br \/>\u00c9tanch\u00e9it\u00e9 : Non<br \/>Poids : ~1,5 kg<br \/>Dimensions : ~38 cm \u00d7 38 cm \u00d7 5 cm<\/p>\n","protected":false},"excerpt":{"rendered":"<p>Volets coupe-flux con\u00e7us pour le Fresnel F10, permettant de modeler pr\u00e9cis\u00e9ment le faisceau lumineux avec ou sans lentille F10 permettant ainsi de travailler une lumi\u00e8re plus brute du style &#8220;Open Face&#8221; Caract\u00e9ristiques principales : Type : Barn doors (volets coupe-flux)Monture : Sp\u00e9cifique Aputure Fresnel F10Compatibilit\u00e9 : Aputure Fresnel F10Contr\u00f4le : Manuel (orientation ind\u00e9pendante des volets)Alimentation [&hellip;]<\/p>\n","protected":false},"featured_media":6608,"template":"","meta":{"inline_featured_image":false},"product_brand":[],"product_cat":[2121],"product_tag":[],"class_list":{"0":"post-6593","1":"product","2":"type-product","3":"status-publish","4":"has-post-thumbnail","6":"product_cat-accessoires-led","8":"first","9":"instock","10":"taxable","11":"shipping-taxable","12":"purchasable","13":"product-type-rentable"},"acf":[],"_links":{"self":[{"href":"https:\/\/indie.rent\/catalogue\/wp-json\/wp\/v2\/product\/6593","targetHints":{"allow":["GET"]}}],"collection":[{"href":"https:\/\/indie.rent\/catalogue\/wp-json\/wp\/v2\/product"}],"about":[{"href":"https:\/\/indie.rent\/catalogue\/wp-json\/wp\/v2\/types\/product"}],"version-history":[{"count":0,"href":"https:\/\/indie.rent\/catalogue\/wp-json\/wp\/v2\/product\/6593\/revisions"}],"wp:featuredmedia":[{"embeddable":true,"href":"https:\/\/indie.rent\/catalogue\/wp-json\/wp\/v2\/media\/6608"}],"wp:attachment":[{"href":"https:\/\/indie.rent\/catalogue\/wp-json\/wp\/v2\/media?parent=6593"}],"wp:term":[{"taxonomy":"product_brand","embeddable":true,"href":"https:\/\/indie.rent\/catalogue\/wp-json\/wp\/v2\/product_brand?post=6593"},{"taxonomy":"product_cat","embeddable":true,"href":"https:\/\/indie.rent\/catalogue\/wp-json\/wp\/v2\/product_cat?post=6593"},{"taxonomy":"product_tag","embeddable":true,"href":"https:\/\/indie.rent\/catalogue\/wp-json\/wp\/v2\/product_tag?post=6593"}],"curies":[{"name":"wp","href":"https:\/\/api.w.org\/{rel}","templated":true}]}}