{"id":657,"date":"2025-01-09T10:06:29","date_gmt":"2025-01-09T09:06:29","guid":{"rendered":"https:\/\/indie.rent\/catalogue\/produit\/bouee\/"},"modified":"2026-04-16T17:25:08","modified_gmt":"2026-04-16T15:25:08","slug":"bouee","status":"publish","type":"product","link":"https:\/\/indie.rent\/catalogue\/produit\/bouee\/","title":{"rendered":"Bou\u00e9e"},"content":{"rendered":"<p>La bou\u00e9e est une confection textile en forme de cacahu\u00e8te contenant un sac interne blanc rempli de billes de polystyr\u00e8ne.<\/p>\n<p>Elle est fix\u00e9e dans le dos par un scratch et les deux bretelles r\u00e9glables permettent d\u2019ajuster sa hauteur.<\/p>\n<p>Ainsi est-il possible de positionner ses coudes sur le tissu gris antid\u00e9rapant afin de tenir un appareil de prises de vues en diminuant l\u2019effort fourni et en r\u00e9\u00e9quilibrant le dos.<\/p>\n","protected":false},"excerpt":{"rendered":"<p>La bou\u00e9e est une confection textile en forme de cacahu\u00e8te contenant un sac interne blanc rempli de billes de polystyr\u00e8ne. Elle est fix\u00e9e dans le dos par un scratch et les deux bretelles r\u00e9glables permettent d\u2019ajuster sa hauteur. Ainsi est-il possible de positionner ses coudes sur le tissu gris antid\u00e9rapant afin de tenir un appareil [&hellip;]<\/p>\n","protected":false},"featured_media":2244,"template":"","meta":{"inline_featured_image":false},"product_brand":[],"product_cat":[2067],"product_tag":[],"class_list":{"0":"post-657","1":"product","2":"type-product","3":"status-publish","4":"has-post-thumbnail","6":"product_cat-harnais","8":"first","9":"instock","10":"taxable","11":"shipping-taxable","12":"purchasable","13":"product-type-rentable"},"acf":[],"_links":{"self":[{"href":"https:\/\/indie.rent\/catalogue\/wp-json\/wp\/v2\/product\/657","targetHints":{"allow":["GET"]}}],"collection":[{"href":"https:\/\/indie.rent\/catalogue\/wp-json\/wp\/v2\/product"}],"about":[{"href":"https:\/\/indie.rent\/catalogue\/wp-json\/wp\/v2\/types\/product"}],"version-history":[{"count":0,"href":"https:\/\/indie.rent\/catalogue\/wp-json\/wp\/v2\/product\/657\/revisions"}],"wp:featuredmedia":[{"embeddable":true,"href":"https:\/\/indie.rent\/catalogue\/wp-json\/wp\/v2\/media\/2244"}],"wp:attachment":[{"href":"https:\/\/indie.rent\/catalogue\/wp-json\/wp\/v2\/media?parent=657"}],"wp:term":[{"taxonomy":"product_brand","embeddable":true,"href":"https:\/\/indie.rent\/catalogue\/wp-json\/wp\/v2\/product_brand?post=657"},{"taxonomy":"product_cat","embeddable":true,"href":"https:\/\/indie.rent\/catalogue\/wp-json\/wp\/v2\/product_cat?post=657"},{"taxonomy":"product_tag","embeddable":true,"href":"https:\/\/indie.rent\/catalogue\/wp-json\/wp\/v2\/product_tag?post=657"}],"curies":[{"name":"wp","href":"https:\/\/api.w.org\/{rel}","templated":true}]}}