{"id":654,"date":"2025-01-09T10:06:28","date_gmt":"2025-01-09T09:06:28","guid":{"rendered":"https:\/\/indie.rent\/catalogue\/produit\/forza-60-daylight\/"},"modified":"2026-04-04T00:19:30","modified_gmt":"2026-04-03T22:19:30","slug":"projecteur-nanlite-forza-60-daylight","status":"publish","type":"product","link":"https:\/\/indie.rent\/catalogue\/produit\/projecteur-nanlite-forza-60-daylight\/","title":{"rendered":"Projecteur NANLITE Forza 60 Daylight"},"content":{"rendered":"<p>Projecteur compact daylight id\u00e9al pour les petits setups, interviews ou \u00e9clairages d\u2019appoint rapides \u00e0 mettre en place.<\/p>\n<p>Caract\u00e9ristiques principales :<\/p>\n<p>Source : LED Daylight<br \/>Temp\u00e9rature de couleur : 5 600K<br \/>CRI \/ TLCI : \u2265 96 \/ \u2265 98<br \/>Monture : FM Mount (Nanlite)<br \/>Alimentation : Secteur \/ Batteries NP-F<br \/>Contr\u00f4le : On-board, Bluetooth (via app)<br \/>\u00c9tanch\u00e9it\u00e9 : Non<br \/>Poids : ~0,8 kg<br \/>Consommation \u00e9lectrique : 60 W<br \/>Dimensions : 194 mm \u00d7 105 mm \u00d7 82 mm<\/p>\n","protected":false},"excerpt":{"rendered":"<p>Projecteur compact daylight id\u00e9al pour les petits setups, interviews ou \u00e9clairages d\u2019appoint rapides \u00e0 mettre en place. Caract\u00e9ristiques principales : Source : LED DaylightTemp\u00e9rature de couleur : 5 600KCRI \/ TLCI : \u2265 96 \/ \u2265 98Monture : FM Mount (Nanlite)Alimentation : Secteur \/ Batteries NP-FContr\u00f4le : On-board, Bluetooth (via app)\u00c9tanch\u00e9it\u00e9 : NonPoids : ~0,8 [&hellip;]<\/p>\n","protected":false},"featured_media":2171,"template":"","meta":{"inline_featured_image":false},"product_brand":[],"product_cat":[2016],"product_tag":[],"class_list":{"0":"post-654","1":"product","2":"type-product","3":"status-publish","4":"has-post-thumbnail","6":"product_cat-led-daylight-ponctuelle","8":"first","9":"instock","10":"taxable","11":"shipping-taxable","12":"purchasable","13":"product-type-rentable"},"acf":[],"_links":{"self":[{"href":"https:\/\/indie.rent\/catalogue\/wp-json\/wp\/v2\/product\/654","targetHints":{"allow":["GET"]}}],"collection":[{"href":"https:\/\/indie.rent\/catalogue\/wp-json\/wp\/v2\/product"}],"about":[{"href":"https:\/\/indie.rent\/catalogue\/wp-json\/wp\/v2\/types\/product"}],"version-history":[{"count":3,"href":"https:\/\/indie.rent\/catalogue\/wp-json\/wp\/v2\/product\/654\/revisions"}],"predecessor-version":[{"id":6478,"href":"https:\/\/indie.rent\/catalogue\/wp-json\/wp\/v2\/product\/654\/revisions\/6478"}],"wp:featuredmedia":[{"embeddable":true,"href":"https:\/\/indie.rent\/catalogue\/wp-json\/wp\/v2\/media\/2171"}],"wp:attachment":[{"href":"https:\/\/indie.rent\/catalogue\/wp-json\/wp\/v2\/media?parent=654"}],"wp:term":[{"taxonomy":"product_brand","embeddable":true,"href":"https:\/\/indie.rent\/catalogue\/wp-json\/wp\/v2\/product_brand?post=654"},{"taxonomy":"product_cat","embeddable":true,"href":"https:\/\/indie.rent\/catalogue\/wp-json\/wp\/v2\/product_cat?post=654"},{"taxonomy":"product_tag","embeddable":true,"href":"https:\/\/indie.rent\/catalogue\/wp-json\/wp\/v2\/product_tag?post=654"}],"curies":[{"name":"wp","href":"https:\/\/api.w.org\/{rel}","templated":true}]}}