{"id":6477,"date":"2026-03-23T16:46:45","date_gmt":"2026-03-23T15:46:45","guid":{"rendered":"https:\/\/indie.rent\/catalogue\/produit\/tete-fluide-smallrig-x-potato-jet-tribex-se-avec-trepieds-hydraulique\/"},"modified":"2026-04-16T18:31:20","modified_gmt":"2026-04-16T16:31:20","slug":"tete-fluide-smallrig-x-potato-jet-tribex-se-avec-trepieds-hydraulique","status":"publish","type":"product","link":"https:\/\/indie.rent\/catalogue\/produit\/tete-fluide-smallrig-x-potato-jet-tribex-se-avec-trepieds-hydraulique\/","title":{"rendered":"T\u00eate Fluide Smallrig x Potato Jet Tribex SE avec Tr\u00e9pieds Hydraulique"},"content":{"rendered":"<p>Le tr\u00e9pied Smallrig x Potato Jet Tribex SE est destin\u00e9 \u00e0 la prise de vue photo et vid\u00e9o.<br \/>Il est con\u00e7u en aluminium avec une structure pliable pour faciliter le transport.<\/p>\n<p>Son syst\u00e8me de d\u00e9ploiement hydraulique permet une mise en place rapide des trois pieds.<br \/>Il int\u00e8gre une t\u00eate fluide Smallrig adapt\u00e9e aux mouvements de cam\u00e9ra simples.<\/p>\n<p>Ce mod\u00e8le vise un usage polyvalent pour les cr\u00e9ateurs travaillant en ext\u00e9rieur ou en studio.<\/p>\n<p>\u00a0<\/p>\n<p>Caract\u00e9ristiques principales:<\/p>\n<p>&#8211; Capacit\u00e9 de charge maximale d\u2019environ 6 kg<\/p>\n<p>&#8211; Hauteur des branches hydrauliques en Aluminium entre 25cm et 166cm<\/p>\n<p>&#8211; Contrepoids fixe (environ 4 kg) non ajustable<\/p>\n<p>&#8211; Friction fixe pour les mouvements pan\/tilt<\/p>\n<p>&#8211; Rotation panoramique \u00e0 360\u00b0 et inclinaison d\u2019environ +90\u00b0 \/ -65\u00b0<\/p>\n<p>&#8211; Syst\u00e8me de plateau rapide compatible type Manfrotto 501 et DJI RS<\/p>\n<p>&#8211; Verrouillages ind\u00e9pendants pour le pan et le tilt<\/p>\n<p>&#8211; Filetages 1\/4&#8243; et 3\/8&#8243; pour la fixation des cam\u00e9ras<\/p>\n<p>&#8211; Points de fixation accessoires sur les c\u00f4t\u00e9s de la t\u00eate<\/p>\n<p>&#8211; Poign\u00e9e montable \u00e0 gauche ou \u00e0 droite<\/p>\n<p>&#8211; Poids total 3.7 Kg<\/p>\n","protected":false},"excerpt":{"rendered":"<p>Le tr\u00e9pied Smallrig x Potato Jet Tribex SE est destin\u00e9 \u00e0 la prise de vue photo et vid\u00e9o.Il est con\u00e7u en aluminium avec une structure pliable pour faciliter le transport. Son syst\u00e8me de d\u00e9ploiement hydraulique permet une mise en place rapide des trois pieds.Il int\u00e8gre une t\u00eate fluide Smallrig adapt\u00e9e aux mouvements de cam\u00e9ra simples. [&hellip;]<\/p>\n","protected":false},"featured_media":6524,"template":"","meta":{"inline_featured_image":false},"product_brand":[],"product_cat":[2041],"product_tag":[],"class_list":{"0":"post-6477","1":"product","2":"type-product","3":"status-publish","4":"has-post-thumbnail","6":"product_cat-tete-et-trepied-75mm","8":"first","9":"instock","10":"taxable","11":"shipping-taxable","12":"purchasable","13":"product-type-rentable"},"acf":[],"_links":{"self":[{"href":"https:\/\/indie.rent\/catalogue\/wp-json\/wp\/v2\/product\/6477","targetHints":{"allow":["GET"]}}],"collection":[{"href":"https:\/\/indie.rent\/catalogue\/wp-json\/wp\/v2\/product"}],"about":[{"href":"https:\/\/indie.rent\/catalogue\/wp-json\/wp\/v2\/types\/product"}],"version-history":[{"count":0,"href":"https:\/\/indie.rent\/catalogue\/wp-json\/wp\/v2\/product\/6477\/revisions"}],"wp:featuredmedia":[{"embeddable":true,"href":"https:\/\/indie.rent\/catalogue\/wp-json\/wp\/v2\/media\/6524"}],"wp:attachment":[{"href":"https:\/\/indie.rent\/catalogue\/wp-json\/wp\/v2\/media?parent=6477"}],"wp:term":[{"taxonomy":"product_brand","embeddable":true,"href":"https:\/\/indie.rent\/catalogue\/wp-json\/wp\/v2\/product_brand?post=6477"},{"taxonomy":"product_cat","embeddable":true,"href":"https:\/\/indie.rent\/catalogue\/wp-json\/wp\/v2\/product_cat?post=6477"},{"taxonomy":"product_tag","embeddable":true,"href":"https:\/\/indie.rent\/catalogue\/wp-json\/wp\/v2\/product_tag?post=6477"}],"curies":[{"name":"wp","href":"https:\/\/api.w.org\/{rel}","templated":true}]}}