{"id":647,"date":"2025-01-09T10:06:26","date_gmt":"2025-01-09T09:06:26","guid":{"rendered":"https:\/\/indie.rent\/catalogue\/produit\/martin-rush-wizard\/"},"modified":"2026-04-10T09:46:34","modified_gmt":"2026-04-10T07:46:34","slug":"martin-rush-wizard","status":"publish","type":"product","link":"https:\/\/indie.rent\/catalogue\/produit\/martin-rush-wizard\/","title":{"rendered":"Martin Rush Wizard"},"content":{"rendered":"<p>Sp\u00e9cifications<\/p>\n<p>&#8211; Effets Dynamiques<br \/>&#8211; Miroir tambour tournant <br \/>&#8211; Roue de couleur: 7 colors plus 2 x open<br \/>&#8211; Roue de gobo: 13 gobos + open, wheel scrolling and continuous rotation, shake effect<br \/>&#8211; Shutter: Dimming continu 0-100%, mode stroboscope variable et alatoire<br \/>&#8211; Miroir tambour tournant: Pan 180\u00b0, rotation du tilt continue (360\u00b0) <\/p>\n<p>Contr\u00f4le et Programmation <\/p>\n<p>&#8211; Options de controle: DMX, autonome<br \/>&#8211; Canaux DMX: 8<br \/>&#8211; Modes autonomes: sync musicale ou auto<br \/>&#8211; Param\u00e9trage et adressage: Panneau de contr\u00f4le avec afficheur LCD r\u00e9tro clair<br \/>&#8211; Protocole: USITT DMX 512 (1990)<br \/>&#8211; Mise jour du logiciel: mise jour via le cable DMX <br \/>&#8211; Optique &#8211; Mise au net r\u00e9glable: 2 m &#8211; 20 m<\/p>\n<p>Construction<\/p>\n<p>&#8211; Enveloppe: Mat\u00e9riau composite en fibre renforce retardateur<br \/>&#8211; Couleur: Noir &#8211; Facteur de protection: IP20 &#8211; Installation <br \/>&#8211; Points d&#8217;accroche: accroche ajustable <br \/>&#8211; Orientation: toutes &#8211; Positionnement: En intrieur uniquement, doit tre fix sur une surface ou une structure<br \/>&#8211; Alimentation et recopie: Neutrik Powercon <br \/>&#8211; Donnes DMX in\/out: 5 pin <br \/>&#8211; Alimentation &#8211; Courant alternatif: 100-240 V, 50\/60 Hz <br \/>&#8211; Puissance totale consomme typique: 180 W <br \/>&#8211; Valeurs de consommation typiques, non maximales. Considrez des variations de +\/-10 %.<\/p>\n","protected":false},"excerpt":{"rendered":"<p>Sp\u00e9cifications &#8211; Effets Dynamiques&#8211; Miroir tambour tournant &#8211; Roue de couleur: 7 colors plus 2 x open&#8211; Roue de gobo: 13 gobos + open, wheel scrolling and continuous rotation, shake effect&#8211; Shutter: Dimming continu 0-100%, mode stroboscope variable et alatoire&#8211; Miroir tambour tournant: Pan 180\u00b0, rotation du tilt continue (360\u00b0) Contr\u00f4le et Programmation &#8211; Options [&hellip;]<\/p>\n","protected":false},"featured_media":1913,"template":"","meta":{"inline_featured_image":false},"product_brand":[],"product_cat":[2033],"product_tag":[],"class_list":{"0":"post-647","1":"product","2":"type-product","3":"status-publish","4":"has-post-thumbnail","6":"product_cat-lumiere-de-jeu","8":"first","9":"instock","10":"taxable","11":"shipping-taxable","12":"purchasable","13":"product-type-rentable"},"acf":[],"_links":{"self":[{"href":"https:\/\/indie.rent\/catalogue\/wp-json\/wp\/v2\/product\/647","targetHints":{"allow":["GET"]}}],"collection":[{"href":"https:\/\/indie.rent\/catalogue\/wp-json\/wp\/v2\/product"}],"about":[{"href":"https:\/\/indie.rent\/catalogue\/wp-json\/wp\/v2\/types\/product"}],"version-history":[{"count":0,"href":"https:\/\/indie.rent\/catalogue\/wp-json\/wp\/v2\/product\/647\/revisions"}],"wp:featuredmedia":[{"embeddable":true,"href":"https:\/\/indie.rent\/catalogue\/wp-json\/wp\/v2\/media\/1913"}],"wp:attachment":[{"href":"https:\/\/indie.rent\/catalogue\/wp-json\/wp\/v2\/media?parent=647"}],"wp:term":[{"taxonomy":"product_brand","embeddable":true,"href":"https:\/\/indie.rent\/catalogue\/wp-json\/wp\/v2\/product_brand?post=647"},{"taxonomy":"product_cat","embeddable":true,"href":"https:\/\/indie.rent\/catalogue\/wp-json\/wp\/v2\/product_cat?post=647"},{"taxonomy":"product_tag","embeddable":true,"href":"https:\/\/indie.rent\/catalogue\/wp-json\/wp\/v2\/product_tag?post=647"}],"curies":[{"name":"wp","href":"https:\/\/api.w.org\/{rel}","templated":true}]}}