{"id":645,"date":"2025-01-09T10:06:26","date_gmt":"2025-01-09T09:06:26","guid":{"rendered":"https:\/\/indie.rent\/catalogue\/produit\/groupe-essence-eu20i\/"},"modified":"2026-04-16T13:13:35","modified_gmt":"2026-04-16T11:13:35","slug":"groupe-essence-eu20i","status":"publish","type":"product","link":"https:\/\/indie.rent\/catalogue\/produit\/groupe-essence-eu20i\/","title":{"rendered":"Groupe Essence EU20I"},"content":{"rendered":"<p>Groupe \u00e9lectrog\u00e8ne HONDA 2000 watts<\/p>\n<p>Puissance Max : 2000 W<br \/>Puissance Continue : 1600 W<br \/>Capacit\u00e9 du r\u00e9servoir : 4,1L<br \/>Dur\u00e9e max d\u2019utilisation en puissance continue avec r\u00e9servoir plein : 4h<br \/>Poids \u00e0 sec : 21kg<\/p>\n","protected":false},"excerpt":{"rendered":"<p>Groupe \u00e9lectrog\u00e8ne HONDA 2000 watts Puissance Max : 2000 WPuissance Continue : 1600 WCapacit\u00e9 du r\u00e9servoir : 4,1LDur\u00e9e max d\u2019utilisation en puissance continue avec r\u00e9servoir plein : 4hPoids \u00e0 sec : 21kg<\/p>\n","protected":false},"featured_media":1876,"template":"","meta":{"inline_featured_image":false},"product_brand":[],"product_cat":[2095],"product_tag":[],"class_list":{"0":"post-645","1":"product","2":"type-product","3":"status-publish","4":"has-post-thumbnail","6":"product_cat-groupe-essence","8":"first","9":"instock","10":"taxable","11":"shipping-taxable","12":"purchasable","13":"product-type-rentable"},"acf":[],"_links":{"self":[{"href":"https:\/\/indie.rent\/catalogue\/wp-json\/wp\/v2\/product\/645","targetHints":{"allow":["GET"]}}],"collection":[{"href":"https:\/\/indie.rent\/catalogue\/wp-json\/wp\/v2\/product"}],"about":[{"href":"https:\/\/indie.rent\/catalogue\/wp-json\/wp\/v2\/types\/product"}],"version-history":[{"count":0,"href":"https:\/\/indie.rent\/catalogue\/wp-json\/wp\/v2\/product\/645\/revisions"}],"wp:featuredmedia":[{"embeddable":true,"href":"https:\/\/indie.rent\/catalogue\/wp-json\/wp\/v2\/media\/1876"}],"wp:attachment":[{"href":"https:\/\/indie.rent\/catalogue\/wp-json\/wp\/v2\/media?parent=645"}],"wp:term":[{"taxonomy":"product_brand","embeddable":true,"href":"https:\/\/indie.rent\/catalogue\/wp-json\/wp\/v2\/product_brand?post=645"},{"taxonomy":"product_cat","embeddable":true,"href":"https:\/\/indie.rent\/catalogue\/wp-json\/wp\/v2\/product_cat?post=645"},{"taxonomy":"product_tag","embeddable":true,"href":"https:\/\/indie.rent\/catalogue\/wp-json\/wp\/v2\/product_tag?post=645"}],"curies":[{"name":"wp","href":"https:\/\/api.w.org\/{rel}","templated":true}]}}