{"id":6431,"date":"2026-03-11T23:06:18","date_gmt":"2026-03-11T22:06:18","guid":{"rendered":"https:\/\/indie.rent\/catalogue\/produit\/chaise-maquillage-medium-bois\/"},"modified":"2026-04-13T19:14:21","modified_gmt":"2026-04-13T17:14:21","slug":"chaise-maquillage-medium-bois","status":"publish","type":"product","link":"https:\/\/indie.rent\/catalogue\/produit\/chaise-maquillage-medium-bois\/","title":{"rendered":"Chaise Maquillage Medium Bois"},"content":{"rendered":"<p>Le fameux fauteuil maquillage en bois mais dans sa version l\u00e9g\u00e8rement rabaiss\u00e9e avec une hauteur d\u2019assise de 60cm.<\/p>\n<p>Poids de l&#8217;article : 7.2kg<br \/>Dimensions pli\u00e9 : Hauteur : 18cm \/ Longueur : 93cm \/ Largeur : 54cm <br \/>Dimensions d\u00e9pli\u00e9 : Hauteur : 105cm \/ Longueur : 58,5cm \/ Largeur : 41cm<\/p>\n","protected":false},"excerpt":{"rendered":"<p>Le fameux fauteuil maquillage en bois mais dans sa version l\u00e9g\u00e8rement rabaiss\u00e9e avec une hauteur d\u2019assise de 60cm.<\/p>\n<p>Poids de l&#8217;article : 7.2kg<br \/>Dimensions pli\u00e9 : Hauteur : 18cm \/ Longueur : 93cm \/ Largeur : 54cm <br \/>Dimensions d\u00e9pli\u00e9 : Hauteur : 105cm \/ Longueur : 58,5cm \/ Largeur : 41cm<\/p>\n","protected":false},"featured_media":6434,"template":"","meta":{"inline_featured_image":false},"product_brand":[],"product_cat":[2149],"product_tag":[],"class_list":{"0":"post-6431","1":"product","2":"type-product","3":"status-publish","4":"has-post-thumbnail","6":"product_cat-maquillage","8":"first","9":"instock","10":"taxable","11":"shipping-taxable","12":"purchasable","13":"product-type-rentable"},"acf":[],"_links":{"self":[{"href":"https:\/\/indie.rent\/catalogue\/wp-json\/wp\/v2\/product\/6431","targetHints":{"allow":["GET"]}}],"collection":[{"href":"https:\/\/indie.rent\/catalogue\/wp-json\/wp\/v2\/product"}],"about":[{"href":"https:\/\/indie.rent\/catalogue\/wp-json\/wp\/v2\/types\/product"}],"version-history":[{"count":1,"href":"https:\/\/indie.rent\/catalogue\/wp-json\/wp\/v2\/product\/6431\/revisions"}],"predecessor-version":[{"id":6730,"href":"https:\/\/indie.rent\/catalogue\/wp-json\/wp\/v2\/product\/6431\/revisions\/6730"}],"wp:featuredmedia":[{"embeddable":true,"href":"https:\/\/indie.rent\/catalogue\/wp-json\/wp\/v2\/media\/6434"}],"wp:attachment":[{"href":"https:\/\/indie.rent\/catalogue\/wp-json\/wp\/v2\/media?parent=6431"}],"wp:term":[{"taxonomy":"product_brand","embeddable":true,"href":"https:\/\/indie.rent\/catalogue\/wp-json\/wp\/v2\/product_brand?post=6431"},{"taxonomy":"product_cat","embeddable":true,"href":"https:\/\/indie.rent\/catalogue\/wp-json\/wp\/v2\/product_cat?post=6431"},{"taxonomy":"product_tag","embeddable":true,"href":"https:\/\/indie.rent\/catalogue\/wp-json\/wp\/v2\/product_tag?post=6431"}],"curies":[{"name":"wp","href":"https:\/\/api.w.org\/{rel}","templated":true}]}}