{"id":6426,"date":"2026-03-10T17:19:39","date_gmt":"2026-03-10T16:19:39","guid":{"rendered":"https:\/\/indie.rent\/catalogue\/produit\/poele-a-petrole\/"},"modified":"2026-04-16T18:31:15","modified_gmt":"2026-04-16T16:31:15","slug":"poele-a-petrole","status":"publish","type":"product","link":"https:\/\/indie.rent\/catalogue\/produit\/poele-a-petrole\/","title":{"rendered":"Po\u00eale \u00e0 p\u00e9trole"},"content":{"rendered":"<p>Sp\u00e9cifications techniques<\/p>\n<p>Mati\u00e8re : M\u00e9tal<br \/>Couleur : Noir \/ inox<br \/>Surface de chauffe : 32m\u00b2<br \/>Puissance de chauffe : 2.2kW<br \/>Puissance nominale (en kW) : 2.2kW<br \/>Volume de pi\u00e8ce adapt\u00e9e (en m\u00b3) : 80m\u00b3<br \/>Emplacement de montage du foyer<br \/>Autoportant<br \/>Capacit\u00e9 du r\u00e9servoir de carburant (en L) : 4L<br \/>Consommation de carburant (L\/h) : 0.23L\/hr<br \/>Autonomie : 20.5h<br \/>R\u00e9gulation thermostatique<br \/>Sans thermostat<br \/>Minuterie : Sans minuterie<br \/>Froid au toucher : Non froid au toucher<br \/>D\u00e9tecteur de CO2 : D\u00e9tecteur de CO2 inclus<br \/>Mode save : Mode save non inclus<br \/>Technologie Fuzzy Logic : Sans technologie Fuzzy Logic<br \/>Technologie Inverter : Sans technologie Inverter<br \/>Type de br\u00fbleurs : Br\u00fbleur \u00e0 flux laminaire<br \/>Protection enfant : Pas de protection enfant<br \/>Chemin\u00e9e\/conduit requis : Pas de chemin\u00e9e ou de conduit requis<br \/>Largeur (cm) : 46.5cm<br \/>Profondeur (cm) : 28.1cm<br \/>Hauteur (cm) : 44.6cm<br \/>Norme : NF\/CE<br \/>Garantie fabricant : 4 ans<br \/>Poids net (kg) : 7.5kg<\/p>\n","protected":false},"excerpt":{"rendered":"<p>Sp\u00e9cifications techniques<\/p>\n<p>Mati\u00e8re : M\u00e9tal<br \/>Couleur : Noir \/ inox<br \/>Surface de chauffe : 32m\u00b2<br \/>Puissance de chauffe : 2.2kW<br \/>Puissance nominale (en kW) : 2.2kW<br \/>Volume de pi\u00e8ce adapt\u00e9e (en m\u00b3) : 80m\u00b3<br \/>Emplacement de montage du foyer<br \/>Autoportant<br \/>Capacit\u00e9 du r\u00e9servoir de carburant (en L) : 4L<br \/>Consommation de carburant (L\/h) : 0.23L\/hr<br \/>Autonomie : 20.5h<br \/>R\u00e9gulation thermostatique<br \/>Sans thermostat<br \/>Minuterie : Sans minuterie<br \/>Froid au toucher : Non froid au toucher<br \/>D\u00e9tecteur de CO2 : D\u00e9tecteur de CO2 inclus<br \/>Mode save : Mode save non inclus<br \/>Technologie Fuzzy Logic : Sans technologie Fuzzy Logic<br \/>Technologie Inverter : Sans technologie Inverter<br \/>Type de br\u00fbleurs : Br\u00fbleur \u00e0 flux laminaire<br \/>Protection enfant : Pas de protection enfant<br \/>Chemin\u00e9e\/conduit requis : Pas de chemin\u00e9e ou de conduit requis<br \/>Largeur (cm) : 46.5cm<br \/>Profondeur (cm) : 28.1cm<br \/>Hauteur (cm) : 44.6cm<br \/>Norme : NF\/CE<br \/>Garantie fabricant : 4 ans<br \/>Poids net (kg) : 7.5kg<\/p>\n","protected":false},"featured_media":6427,"template":"","meta":{"inline_featured_image":false},"product_brand":[],"product_cat":[2141],"product_tag":[],"class_list":{"0":"post-6426","1":"product","2":"type-product","3":"status-publish","4":"has-post-thumbnail","6":"product_cat-chauffage-diesel","8":"first","9":"instock","10":"taxable","11":"shipping-taxable","12":"purchasable","13":"product-type-rentable"},"acf":[],"_links":{"self":[{"href":"https:\/\/indie.rent\/catalogue\/wp-json\/wp\/v2\/product\/6426","targetHints":{"allow":["GET"]}}],"collection":[{"href":"https:\/\/indie.rent\/catalogue\/wp-json\/wp\/v2\/product"}],"about":[{"href":"https:\/\/indie.rent\/catalogue\/wp-json\/wp\/v2\/types\/product"}],"version-history":[{"count":1,"href":"https:\/\/indie.rent\/catalogue\/wp-json\/wp\/v2\/product\/6426\/revisions"}],"predecessor-version":[{"id":6718,"href":"https:\/\/indie.rent\/catalogue\/wp-json\/wp\/v2\/product\/6426\/revisions\/6718"}],"wp:featuredmedia":[{"embeddable":true,"href":"https:\/\/indie.rent\/catalogue\/wp-json\/wp\/v2\/media\/6427"}],"wp:attachment":[{"href":"https:\/\/indie.rent\/catalogue\/wp-json\/wp\/v2\/media?parent=6426"}],"wp:term":[{"taxonomy":"product_brand","embeddable":true,"href":"https:\/\/indie.rent\/catalogue\/wp-json\/wp\/v2\/product_brand?post=6426"},{"taxonomy":"product_cat","embeddable":true,"href":"https:\/\/indie.rent\/catalogue\/wp-json\/wp\/v2\/product_cat?post=6426"},{"taxonomy":"product_tag","embeddable":true,"href":"https:\/\/indie.rent\/catalogue\/wp-json\/wp\/v2\/product_tag?post=6426"}],"curies":[{"name":"wp","href":"https:\/\/api.w.org\/{rel}","templated":true}]}}