{"id":6423,"date":"2026-03-09T23:10:30","date_gmt":"2026-03-09T22:10:30","guid":{"rendered":"https:\/\/indie.rent\/catalogue\/produit\/decametre-pieds-metres\/"},"modified":"2026-04-13T19:14:18","modified_gmt":"2026-04-13T17:14:18","slug":"decametre-pieds-metres","status":"publish","type":"product","link":"https:\/\/indie.rent\/catalogue\/produit\/decametre-pieds-metres\/","title":{"rendered":"D\u00e9cam\u00e8tre Pieds\/M\u00e8tres"},"content":{"rendered":"<p>M\u00e8tre \u00e0 Ruban 20 M Professionnel.<br \/>Bande en fibre de verre et bo\u00eetier r\u00e9sistent.<br \/>S\u00e9curit\u00e9 et qualit\u00e9 :<\/p>\n<p>Le bo\u00eetier ergonomique en plastique ABS r\u00e9sistant aux chocs prot\u00e8ge le ruban contre les d\u00e9formations et la fibre de verre r\u00e9sistant \u00e0 l&#8217;abrasion prot\u00e8ge le ruban contre l\u2019humidit\u00e9<br \/>Le d\u00e9but de la mensuration co\u00efncide avec un anneau robuste en acier inoxydable. Le point z\u00e9ro se trouve directement sur la bague de retenue.<br \/>La manivelle escamotable prot\u00e8ge le bout des doigts contre les blessures gr\u00e2ce \u00e0 son mouvement de roulement et d&#8217;extraction en douceur<br \/>\u00a0<br \/>Bague en Acier Inox<br \/>Boiter r\u00e9sistent et ergonomique<br \/>Double marquage sur les deux c\u00f4t\u00e9s 20m\/66 ft<br \/>\u00a0<br \/>M\u00e8tre Polyvalent :<\/p>\n<p>M\u00e8tre pour toutes les types de mensuration, que ce soit pour l&#8217;industrie et le bricolage ou pour l&#8217;athl\u00e9tisme et le sport.<br \/>Maniable durant le travail et extr\u00eamement l\u00e9ger<br \/>Double syst\u00e8me de mesure : mm et inch marquage sur double c\u00f4t\u00e9s 20 m\u00e8tres\/66 ft<\/p>\n","protected":false},"excerpt":{"rendered":"<p>M\u00e8tre \u00e0 Ruban 20 M Professionnel.<br \/>Bande en fibre de verre et bo\u00eetier r\u00e9sistent.<br \/>S\u00e9curit\u00e9 et qualit\u00e9 :<\/p>\n<p>Le bo\u00eetier ergonomique en plastique ABS r\u00e9sistant aux chocs prot\u00e8ge le ruban contre les d\u00e9formations et la fibre de verre r\u00e9sistant \u00e0 l&#8217;abrasion prot\u00e8ge le ruban contre l\u2019humidit\u00e9<br \/>Le d\u00e9but de la mensuration co\u00efncide avec un anneau robuste en acier inoxydable. Le point z\u00e9ro se trouve directement sur la bague de retenue.<br \/>La manivelle escamotable prot\u00e8ge le bout des doigts contre les blessures gr\u00e2ce \u00e0 son mouvement de roulement et d&#8217;extraction en douceur<br \/>\u00a0<br \/>Bague en Acier Inox<br \/>Boiter r\u00e9sistent et ergonomique<br \/>Double marquage sur les deux c\u00f4t\u00e9s 20m\/66 ft<br \/>\u00a0<br \/>M\u00e8tre Polyvalent :<\/p>\n<p>M\u00e8tre pour toutes les types de mensuration, que ce soit pour l&#8217;industrie et le bricolage ou pour l&#8217;athl\u00e9tisme et le sport.<br \/>Maniable durant le travail et extr\u00eamement l\u00e9ger<br \/>Double syst\u00e8me de mesure : mm et inch marquage sur double c\u00f4t\u00e9s 20 m\u00e8tres\/66 ft<\/p>\n","protected":false},"featured_media":6424,"template":"","meta":{"inline_featured_image":false},"product_brand":[],"product_cat":[2226],"product_tag":[],"class_list":{"0":"post-6423","1":"product","2":"type-product","3":"status-publish","4":"has-post-thumbnail","6":"product_cat-assistant-camera","8":"first","9":"instock","10":"taxable","11":"shipping-taxable","12":"purchasable","13":"product-type-simple"},"acf":[],"_links":{"self":[{"href":"https:\/\/indie.rent\/catalogue\/wp-json\/wp\/v2\/product\/6423","targetHints":{"allow":["GET"]}}],"collection":[{"href":"https:\/\/indie.rent\/catalogue\/wp-json\/wp\/v2\/product"}],"about":[{"href":"https:\/\/indie.rent\/catalogue\/wp-json\/wp\/v2\/types\/product"}],"version-history":[{"count":0,"href":"https:\/\/indie.rent\/catalogue\/wp-json\/wp\/v2\/product\/6423\/revisions"}],"wp:featuredmedia":[{"embeddable":true,"href":"https:\/\/indie.rent\/catalogue\/wp-json\/wp\/v2\/media\/6424"}],"wp:attachment":[{"href":"https:\/\/indie.rent\/catalogue\/wp-json\/wp\/v2\/media?parent=6423"}],"wp:term":[{"taxonomy":"product_brand","embeddable":true,"href":"https:\/\/indie.rent\/catalogue\/wp-json\/wp\/v2\/product_brand?post=6423"},{"taxonomy":"product_cat","embeddable":true,"href":"https:\/\/indie.rent\/catalogue\/wp-json\/wp\/v2\/product_cat?post=6423"},{"taxonomy":"product_tag","embeddable":true,"href":"https:\/\/indie.rent\/catalogue\/wp-json\/wp\/v2\/product_tag?post=6423"}],"curies":[{"name":"wp","href":"https:\/\/api.w.org\/{rel}","templated":true}]}}