{"id":642,"date":"2025-01-09T10:06:25","date_gmt":"2025-01-09T09:06:25","guid":{"rendered":"https:\/\/indie.rent\/catalogue\/produit\/pocket-dolly-philip-bloom\/"},"modified":"2026-04-16T17:07:31","modified_gmt":"2026-04-16T15:07:31","slug":"pocket-dolly-philip-bloom-80cm","status":"publish","type":"product","link":"https:\/\/indie.rent\/catalogue\/produit\/pocket-dolly-philip-bloom-80cm\/","title":{"rendered":"Pocket dolly Philip Bloom &#8211; (80cm)"},"content":{"rendered":"<p>Slider Kessler Pocket Dolly Philip<\/p>\n<p>Le slider Kessler Pocket Dolly Philip Bloom ne p\u00e8se que 2,8 kg et peut supporter des configurations cam\u00e9ra pesant jusqu\u2019\u00e0 6,8 kg. Jusqu\u2019\u00e0 ce poids, le slider offre un mouvement lin\u00e9aire, constant et silencieux gr\u00e2ce \u00e0 sa conception robuste. La plaque coulissante peut \u00eatre fix\u00e9e au besoin sur toute la longueur du rail avec un syst\u00e8me de serrage. C\u2019est un slider tr\u00e8s adapt\u00e9 aux configurations cam\u00e9ra avec des bo\u00eetiers reflex ou encore mirrorless. Un des gros plus de cet accessoire est qu\u2019il permet d\u2019obtenir rapidement et facilement des mouvements de dolly avec quelque chose qui est \u00e0 la fois l\u00e9ger et compact, il est donc tr\u00e8s facilement transportable.<\/p>\n<p>Taille : 80cm.<\/p>\n","protected":false},"excerpt":{"rendered":"<p>Slider Kessler Pocket Dolly Philip Le slider Kessler Pocket Dolly Philip Bloom ne p\u00e8se que 2,8 kg et peut supporter des configurations cam\u00e9ra pesant jusqu\u2019\u00e0 6,8 kg. Jusqu\u2019\u00e0 ce poids, le slider offre un mouvement lin\u00e9aire, constant et silencieux gr\u00e2ce \u00e0 sa conception robuste. La plaque coulissante peut \u00eatre fix\u00e9e au besoin sur toute la [&hellip;]<\/p>\n","protected":false},"featured_media":1863,"template":"","meta":{"inline_featured_image":false},"product_brand":[],"product_cat":[2051],"product_tag":[],"class_list":{"0":"post-642","1":"product","2":"type-product","3":"status-publish","4":"has-post-thumbnail","6":"product_cat-slider-leger","8":"first","9":"instock","10":"taxable","11":"shipping-taxable","12":"purchasable","13":"product-type-rentable"},"acf":[],"_links":{"self":[{"href":"https:\/\/indie.rent\/catalogue\/wp-json\/wp\/v2\/product\/642","targetHints":{"allow":["GET"]}}],"collection":[{"href":"https:\/\/indie.rent\/catalogue\/wp-json\/wp\/v2\/product"}],"about":[{"href":"https:\/\/indie.rent\/catalogue\/wp-json\/wp\/v2\/types\/product"}],"version-history":[{"count":0,"href":"https:\/\/indie.rent\/catalogue\/wp-json\/wp\/v2\/product\/642\/revisions"}],"wp:featuredmedia":[{"embeddable":true,"href":"https:\/\/indie.rent\/catalogue\/wp-json\/wp\/v2\/media\/1863"}],"wp:attachment":[{"href":"https:\/\/indie.rent\/catalogue\/wp-json\/wp\/v2\/media?parent=642"}],"wp:term":[{"taxonomy":"product_brand","embeddable":true,"href":"https:\/\/indie.rent\/catalogue\/wp-json\/wp\/v2\/product_brand?post=642"},{"taxonomy":"product_cat","embeddable":true,"href":"https:\/\/indie.rent\/catalogue\/wp-json\/wp\/v2\/product_cat?post=642"},{"taxonomy":"product_tag","embeddable":true,"href":"https:\/\/indie.rent\/catalogue\/wp-json\/wp\/v2\/product_tag?post=642"}],"curies":[{"name":"wp","href":"https:\/\/api.w.org\/{rel}","templated":true}]}}