{"id":6418,"date":"2026-03-09T11:52:26","date_gmt":"2026-03-09T10:52:26","guid":{"rendered":"https:\/\/indie.rent\/catalogue\/produit\/projecteur-sumomax\/"},"modified":"2026-04-16T18:30:33","modified_gmt":"2026-04-16T16:30:33","slug":"projecteur-sumomax","status":"publish","type":"product","link":"https:\/\/indie.rent\/catalogue\/produit\/projecteur-sumomax\/","title":{"rendered":"Projecteur Sumomax"},"content":{"rendered":"<p>Projecteur LED RGBWW ultra puissant au design hexagonal, le Sumolight SUMOMAX est con\u00e7u pour les plateaux cin\u00e9ma, publicit\u00e9, \u00e9v\u00e9nementiel et virtual production les plus exigeants.<\/p>\n<p>Il combine une intensit\u00e9 tr\u00e8s \u00e9lev\u00e9e, une modularit\u00e9 avanc\u00e9e et un contr\u00f4le couleur complet, offrant une lumi\u00e8re polyvalente pouvant servir de key light, hardlight, spacelight ou softlight en fonction des configurations. Uktra versatile, ce projecteur rend le pixel mapping possible.<\/p>\n<p>Caract\u00e9ristiques principales :<\/p>\n<p>Source : LED RGBWW (full spectrum)<br \/>Temp\u00e9rature de couleur : 1\u202f800K \u2013 10\u202f000K (jusqu\u2019\u00e0 15\u202f000K selon versions\/contr\u00f4le)<br \/>CRI \/ TLCI : \u2265 95<br \/>Puissance : 650\u202fW (Boost Mode 1350 W possible seulement sur secteur)<br \/>Alimentation : secteur ou entr\u00e9e 48V<br \/>Contr\u00f4le : DMX \/ RDM \/ Art\u2011Net \/ CRMX \/ \u00e9cran tactile int\u00e9gr\u00e9<br \/>Angle du faisceau : 20\u00b0 natif<br \/>Effets int\u00e9gr\u00e9s : pixel mapping, animation FX, stroboscope<br \/>\u00c9tanch\u00e9it\u00e9 : IP65 (r\u00e9sistant aux intemp\u00e9ries)<br \/>Dimensions : 582 \u00d7 500 \u00d7 200\u202fmm<br \/>Poids : env. 20\u202fkg<\/p>\n","protected":false},"excerpt":{"rendered":"<p>Projecteur LED RGBWW ultra puissant au design hexagonal, le Sumolight SUMOMAX est con\u00e7u pour les plateaux cin\u00e9ma, publicit\u00e9, \u00e9v\u00e9nementiel et virtual production les plus exigeants. Il combine une intensit\u00e9 tr\u00e8s \u00e9lev\u00e9e, une modularit\u00e9 avanc\u00e9e et un contr\u00f4le couleur complet, offrant une lumi\u00e8re polyvalente pouvant servir de key light, hardlight, spacelight ou softlight en fonction des [&hellip;]<\/p>\n","protected":false},"featured_media":6419,"template":"","meta":{"inline_featured_image":false},"product_brand":[],"product_cat":[2007],"product_tag":[],"class_list":{"0":"post-6418","1":"product","2":"type-product","3":"status-publish","4":"has-post-thumbnail","6":"product_cat-led-couleur-soft","8":"first","9":"instock","10":"taxable","11":"shipping-taxable","12":"purchasable","13":"product-type-rentable"},"acf":[],"_links":{"self":[{"href":"https:\/\/indie.rent\/catalogue\/wp-json\/wp\/v2\/product\/6418","targetHints":{"allow":["GET"]}}],"collection":[{"href":"https:\/\/indie.rent\/catalogue\/wp-json\/wp\/v2\/product"}],"about":[{"href":"https:\/\/indie.rent\/catalogue\/wp-json\/wp\/v2\/types\/product"}],"version-history":[{"count":0,"href":"https:\/\/indie.rent\/catalogue\/wp-json\/wp\/v2\/product\/6418\/revisions"}],"wp:featuredmedia":[{"embeddable":true,"href":"https:\/\/indie.rent\/catalogue\/wp-json\/wp\/v2\/media\/6419"}],"wp:attachment":[{"href":"https:\/\/indie.rent\/catalogue\/wp-json\/wp\/v2\/media?parent=6418"}],"wp:term":[{"taxonomy":"product_brand","embeddable":true,"href":"https:\/\/indie.rent\/catalogue\/wp-json\/wp\/v2\/product_brand?post=6418"},{"taxonomy":"product_cat","embeddable":true,"href":"https:\/\/indie.rent\/catalogue\/wp-json\/wp\/v2\/product_cat?post=6418"},{"taxonomy":"product_tag","embeddable":true,"href":"https:\/\/indie.rent\/catalogue\/wp-json\/wp\/v2\/product_tag?post=6418"}],"curies":[{"name":"wp","href":"https:\/\/api.w.org\/{rel}","templated":true}]}}