{"id":640,"date":"2025-01-09T10:06:25","date_gmt":"2025-01-09T09:06:25","guid":{"rendered":"https:\/\/indie.rent\/catalogue\/produit\/coupole-deportee-longue-120\/"},"modified":"2026-04-10T10:13:56","modified_gmt":"2026-04-10T08:13:56","slug":"coupole-deportee-longue-120","status":"publish","type":"product","link":"https:\/\/indie.rent\/catalogue\/produit\/coupole-deportee-longue-120\/","title":{"rendered":"Coupole D\u00e9port\u00e9e Longue 120"},"content":{"rendered":"<p>Coupole D\u00e9port\u00e9e 120<\/p>\n","protected":false},"excerpt":{"rendered":"<p>Coupole D\u00e9port\u00e9e 120<\/p>\n","protected":false},"featured_media":2247,"template":"","meta":{"inline_featured_image":false},"product_brand":[],"product_cat":[2064],"product_tag":[],"class_list":{"0":"post-640","1":"product","2":"type-product","3":"status-publish","4":"has-post-thumbnail","6":"product_cat-coupoles-120-150-et-montures-mitchell","8":"first","9":"instock","10":"taxable","11":"shipping-taxable","12":"purchasable","13":"product-type-rentable"},"acf":[],"_links":{"self":[{"href":"https:\/\/indie.rent\/catalogue\/wp-json\/wp\/v2\/product\/640","targetHints":{"allow":["GET"]}}],"collection":[{"href":"https:\/\/indie.rent\/catalogue\/wp-json\/wp\/v2\/product"}],"about":[{"href":"https:\/\/indie.rent\/catalogue\/wp-json\/wp\/v2\/types\/product"}],"version-history":[{"count":0,"href":"https:\/\/indie.rent\/catalogue\/wp-json\/wp\/v2\/product\/640\/revisions"}],"wp:featuredmedia":[{"embeddable":true,"href":"https:\/\/indie.rent\/catalogue\/wp-json\/wp\/v2\/media\/2247"}],"wp:attachment":[{"href":"https:\/\/indie.rent\/catalogue\/wp-json\/wp\/v2\/media?parent=640"}],"wp:term":[{"taxonomy":"product_brand","embeddable":true,"href":"https:\/\/indie.rent\/catalogue\/wp-json\/wp\/v2\/product_brand?post=640"},{"taxonomy":"product_cat","embeddable":true,"href":"https:\/\/indie.rent\/catalogue\/wp-json\/wp\/v2\/product_cat?post=640"},{"taxonomy":"product_tag","embeddable":true,"href":"https:\/\/indie.rent\/catalogue\/wp-json\/wp\/v2\/product_tag?post=640"}],"curies":[{"name":"wp","href":"https:\/\/api.w.org\/{rel}","templated":true}]}}