{"id":639,"date":"2025-01-09T10:06:24","date_gmt":"2025-01-09T09:06:24","guid":{"rendered":"https:\/\/indie.rent\/catalogue\/produit\/super-wind-up-a-roues\/"},"modified":"2026-04-16T18:34:57","modified_gmt":"2026-04-16T16:34:57","slug":"super-wind-up-a-roues","status":"publish","type":"product","link":"https:\/\/indie.rent\/catalogue\/produit\/super-wind-up-a-roues\/","title":{"rendered":"Super Wind Up \u00e0 Roues"},"content":{"rendered":"<p>Ce pied lumi\u00e8re Wind Up vous permet d\u2019atteindre des hauteurs plus \u00e9lev\u00e9es que la plupart des pieds sur le march\u00e9 et vous aide \u00e0 travailler de fa\u00e7on plus efficace. Il vous offre une hauteur de travail maximale de 366 cm pour une polyvalence incomparable.<\/p>\n<p>En plus de vous offrir une hauteur de travail \u00e9lev\u00e9e, ce pied lumi\u00e8re est tr\u00e8s simple \u00e0 utiliser. La manivelle vous permet d\u2019\u00e9tendre et replier le pied en toute simplicit\u00e9. Le pied est \u00e9quip\u00e9 d\u2019une colonne \u00e0 cr\u00e9maill\u00e8re en 3 sections et il est fabriqu\u00e9 \u00e0 partir d\u2019acier robuste finition chrome. Il est capable de supporter une charge de 80 kg.<\/p>\n<p>La s\u00e9curit\u00e9 de ce pied est reconnue par une Certification de s\u00e9curit\u00e9 T\u00dcV. Il est \u00e9quip\u00e9 d\u2019une jambe de mise \u00e0 niveau pour assurer la stabilit\u00e9, peu importe la configuration du terrain sur lequel vous travaillez. Il b\u00e9n\u00e9ficie d\u2019une finition chrome pour augmenter sa robustesse et son allure. Ce pied lumi\u00e8re Wind Up r\u00e9pond aux normes exigeantes de qualit\u00e9 italienne pour vous assurer un produit fiable.<\/p>\n<p>Caract\u00e9ristiques principales :<br \/>Poids : 32,5 kg<br \/>Hauteur Min : 156 cm<br \/>Hauteur Maximum : 366<br \/>Charge Admissible : 80 kg<br \/>Fixation sur le dessus : 28mm<\/p>\n","protected":false},"excerpt":{"rendered":"<p>Ce pied lumi\u00e8re Wind Up vous permet d\u2019atteindre des hauteurs plus \u00e9lev\u00e9es que la plupart des pieds sur le march\u00e9 et vous aide \u00e0 travailler de fa\u00e7on plus efficace. Il vous offre une hauteur de travail maximale de 366 cm pour une polyvalence incomparable. En plus de vous offrir une hauteur de travail \u00e9lev\u00e9e, ce [&hellip;]<\/p>\n","protected":false},"featured_media":2481,"template":"","meta":{"inline_featured_image":false},"product_brand":[],"product_cat":[2030],"product_tag":[],"class_list":{"0":"post-639","1":"product","2":"type-product","3":"status-publish","4":"has-post-thumbnail","6":"product_cat-roller","8":"first","9":"instock","10":"taxable","11":"shipping-taxable","12":"purchasable","13":"product-type-rentable"},"acf":[],"_links":{"self":[{"href":"https:\/\/indie.rent\/catalogue\/wp-json\/wp\/v2\/product\/639","targetHints":{"allow":["GET"]}}],"collection":[{"href":"https:\/\/indie.rent\/catalogue\/wp-json\/wp\/v2\/product"}],"about":[{"href":"https:\/\/indie.rent\/catalogue\/wp-json\/wp\/v2\/types\/product"}],"version-history":[{"count":0,"href":"https:\/\/indie.rent\/catalogue\/wp-json\/wp\/v2\/product\/639\/revisions"}],"wp:featuredmedia":[{"embeddable":true,"href":"https:\/\/indie.rent\/catalogue\/wp-json\/wp\/v2\/media\/2481"}],"wp:attachment":[{"href":"https:\/\/indie.rent\/catalogue\/wp-json\/wp\/v2\/media?parent=639"}],"wp:term":[{"taxonomy":"product_brand","embeddable":true,"href":"https:\/\/indie.rent\/catalogue\/wp-json\/wp\/v2\/product_brand?post=639"},{"taxonomy":"product_cat","embeddable":true,"href":"https:\/\/indie.rent\/catalogue\/wp-json\/wp\/v2\/product_cat?post=639"},{"taxonomy":"product_tag","embeddable":true,"href":"https:\/\/indie.rent\/catalogue\/wp-json\/wp\/v2\/product_tag?post=639"}],"curies":[{"name":"wp","href":"https:\/\/api.w.org\/{rel}","templated":true}]}}