{"id":6385,"date":"2026-03-04T23:02:41","date_gmt":"2026-03-04T22:02:41","guid":{"rendered":"https:\/\/indie.rent\/catalogue\/produit\/ballon-led-couleur-lightstar-lmsa-p1000t\/"},"modified":"2026-04-16T18:31:12","modified_gmt":"2026-04-16T16:31:12","slug":"ballon-led-couleur-airlite-tube-lightstar-lmsa-p1000t","status":"publish","type":"product","link":"https:\/\/indie.rent\/catalogue\/produit\/ballon-led-couleur-airlite-tube-lightstar-lmsa-p1000t\/","title":{"rendered":"Ballon LED Couleur AIRLITE TUBE LIGHTSTAR LMSA P1000T"},"content":{"rendered":"<p>Version plus compacte que le Airlite 2000W, le Airlite Tube 1000W offre un excellent \u00e9quilibre entre puissance, mobilit\u00e9 et flexibilit\u00e9.<\/p>\n<p>Il conserve les avantages du RGBWW avec un rendu couleur pr\u00e9cis, id\u00e9al pour les configurations rapides, les espaces restreints ou les effets lumineux cr\u00e9atifs.<\/p>\n<p>Caract\u00e9ristiques principales<br \/>Source : LED RGBWW<br \/>Temp\u00e9rature de couleur : 2 400K \u2013 10 000K<br \/>CRI \/ TLCI : \u2265 95<br \/>Puissance : 1000W<br \/>Alimentation : secteur 16A (ballast d\u00e9port\u00e9)<br \/>Contr\u00f4le : DMX \/ CRMX \/ Bluetooth<br \/>Dimensions : 900 mm \u00d7 2400 mmIP : 20<br \/>Poids : 11 kg (t\u00eate seule)<\/p>\n","protected":false},"excerpt":{"rendered":"<p>Version plus compacte que le Airlite 2000W, le Airlite Tube 1000W offre un excellent \u00e9quilibre entre puissance, mobilit\u00e9 et flexibilit\u00e9. Il conserve les avantages du RGBWW avec un rendu couleur pr\u00e9cis, id\u00e9al pour les configurations rapides, les espaces restreints ou les effets lumineux cr\u00e9atifs. Caract\u00e9ristiques principalesSource : LED RGBWWTemp\u00e9rature de couleur : 2 400K \u2013 [&hellip;]<\/p>\n","protected":false},"featured_media":6393,"template":"","meta":{"inline_featured_image":false},"product_brand":[],"product_cat":[2007],"product_tag":[],"class_list":{"0":"post-6385","1":"product","2":"type-product","3":"status-publish","4":"has-post-thumbnail","6":"product_cat-led-couleur-soft","8":"first","9":"instock","10":"taxable","11":"shipping-taxable","12":"purchasable","13":"product-type-rentable"},"acf":[],"_links":{"self":[{"href":"https:\/\/indie.rent\/catalogue\/wp-json\/wp\/v2\/product\/6385","targetHints":{"allow":["GET"]}}],"collection":[{"href":"https:\/\/indie.rent\/catalogue\/wp-json\/wp\/v2\/product"}],"about":[{"href":"https:\/\/indie.rent\/catalogue\/wp-json\/wp\/v2\/types\/product"}],"version-history":[{"count":1,"href":"https:\/\/indie.rent\/catalogue\/wp-json\/wp\/v2\/product\/6385\/revisions"}],"predecessor-version":[{"id":6744,"href":"https:\/\/indie.rent\/catalogue\/wp-json\/wp\/v2\/product\/6385\/revisions\/6744"}],"wp:featuredmedia":[{"embeddable":true,"href":"https:\/\/indie.rent\/catalogue\/wp-json\/wp\/v2\/media\/6393"}],"wp:attachment":[{"href":"https:\/\/indie.rent\/catalogue\/wp-json\/wp\/v2\/media?parent=6385"}],"wp:term":[{"taxonomy":"product_brand","embeddable":true,"href":"https:\/\/indie.rent\/catalogue\/wp-json\/wp\/v2\/product_brand?post=6385"},{"taxonomy":"product_cat","embeddable":true,"href":"https:\/\/indie.rent\/catalogue\/wp-json\/wp\/v2\/product_cat?post=6385"},{"taxonomy":"product_tag","embeddable":true,"href":"https:\/\/indie.rent\/catalogue\/wp-json\/wp\/v2\/product_tag?post=6385"}],"curies":[{"name":"wp","href":"https:\/\/api.w.org\/{rel}","templated":true}]}}