{"id":6346,"date":"2026-02-17T09:35:15","date_gmt":"2026-02-17T08:35:15","guid":{"rendered":"https:\/\/indie.rent\/catalogue\/produit\/disque-ssd-samsung-t7-shield-2-to\/"},"modified":"2026-04-13T18:07:48","modified_gmt":"2026-04-13T16:07:48","slug":"disque-ssd-samsung-t7-shield-2-to","status":"publish","type":"product","link":"https:\/\/indie.rent\/catalogue\/produit\/disque-ssd-samsung-t7-shield-2-to\/","title":{"rendered":"Disque SSD Samsung T7 Shield &#8211; 2 To"},"content":{"rendered":"<p>Le Samsung T7 Shield est un SSD portable reconnu pour sa grande robustesse et sa r\u00e9sistance aux chocs, \u00e0 l\u2019eau et \u00e0 la poussi\u00e8re (certification IP65).<\/p>\n<p>Il offre des vitesses de lecture et d\u2019\u00e9criture \u00e9lev\u00e9es gr\u00e2ce \u00e0 son interface USB-C 3.2 Gen 2, pouvant atteindre jusqu\u2019\u00e0 1 Go\/s (en \u00e9criture).<\/p>\n<p>Compact et l\u00e9ger, il est facile \u00e0 transporter tout en assurant une excellente durabilit\u00e9. Compatible avec PC, Mac, smartphones et consoles, il int\u00e8gre \u00e9galement un syst\u00e8me de s\u00e9curit\u00e9 par mot de passe avec chiffrement AES 256 bits.<\/p>\n","protected":false},"excerpt":{"rendered":"<p>Le Samsung T7 Shield est un SSD portable reconnu pour sa grande robustesse et sa r\u00e9sistance aux chocs, \u00e0 l\u2019eau et \u00e0 la poussi\u00e8re (certification IP65). Il offre des vitesses de lecture et d\u2019\u00e9criture \u00e9lev\u00e9es gr\u00e2ce \u00e0 son interface USB-C 3.2 Gen 2, pouvant atteindre jusqu\u2019\u00e0 1 Go\/s (en \u00e9criture). Compact et l\u00e9ger, il est [&hellip;]<\/p>\n","protected":false},"featured_media":6347,"template":"","meta":{"inline_featured_image":false},"product_brand":[],"product_cat":[1980],"product_tag":[],"class_list":{"0":"post-6346","1":"product","2":"type-product","3":"status-publish","4":"has-post-thumbnail","6":"product_cat-data","8":"first","9":"instock","10":"taxable","11":"shipping-taxable","12":"purchasable","13":"product-type-rentable"},"acf":[],"_links":{"self":[{"href":"https:\/\/indie.rent\/catalogue\/wp-json\/wp\/v2\/product\/6346","targetHints":{"allow":["GET"]}}],"collection":[{"href":"https:\/\/indie.rent\/catalogue\/wp-json\/wp\/v2\/product"}],"about":[{"href":"https:\/\/indie.rent\/catalogue\/wp-json\/wp\/v2\/types\/product"}],"version-history":[{"count":0,"href":"https:\/\/indie.rent\/catalogue\/wp-json\/wp\/v2\/product\/6346\/revisions"}],"wp:featuredmedia":[{"embeddable":true,"href":"https:\/\/indie.rent\/catalogue\/wp-json\/wp\/v2\/media\/6347"}],"wp:attachment":[{"href":"https:\/\/indie.rent\/catalogue\/wp-json\/wp\/v2\/media?parent=6346"}],"wp:term":[{"taxonomy":"product_brand","embeddable":true,"href":"https:\/\/indie.rent\/catalogue\/wp-json\/wp\/v2\/product_brand?post=6346"},{"taxonomy":"product_cat","embeddable":true,"href":"https:\/\/indie.rent\/catalogue\/wp-json\/wp\/v2\/product_cat?post=6346"},{"taxonomy":"product_tag","embeddable":true,"href":"https:\/\/indie.rent\/catalogue\/wp-json\/wp\/v2\/product_tag?post=6346"}],"curies":[{"name":"wp","href":"https:\/\/api.w.org\/{rel}","templated":true}]}}