{"id":6345,"date":"2026-02-17T09:29:47","date_gmt":"2026-02-17T08:29:47","guid":{"rendered":"https:\/\/indie.rent\/catalogue\/produit\/disque-ssd-crucial-x10-pro-4-to\/"},"modified":"2026-04-13T18:07:50","modified_gmt":"2026-04-13T16:07:50","slug":"disque-ssd-crucial-x10-pro-4-to","status":"publish","type":"product","link":"https:\/\/indie.rent\/catalogue\/produit\/disque-ssd-crucial-x10-pro-4-to\/","title":{"rendered":"Disque SSD Crucial X10 Pro &#8211; 4 To"},"content":{"rendered":"<p>Le Crucial X10 Pro 4\u202fTo est un SSD externe portable offrant une capacit\u00e9 g\u00e9n\u00e9reuse de 4 To, id\u00e9ale pour stocker un grand volume de rush.<\/p>\n<p>Il se connecte via USB-C 3.2 Gen 2\u00d72 avec des vitesses de lecture jusqu\u2019\u00e0 ~2 100 Mo\/s et d\u2019\u00e9criture proches de 2 000 Mo\/s, assurant des transferts rapides.<\/p>\n<p>Son bo\u00eetier compact en aluminium avec une base caoutchout\u00e9e combine robustesse, r\u00e9sistance \u00e0 l\u2019eau et \u00e0 la poussi\u00e8re (IP55) et protection contre les chutes jusqu\u2019\u00e0 ~2 m.<\/p>\n<p>Enfin, il prend en charge le chiffrement mat\u00e9riel AES 256 bits et la protection par mot de passe, tout en \u00e9tant compatible avec de nombreux appareils (PC, Mac, consoles, smartphones).\u00a0<\/p>\n","protected":false},"excerpt":{"rendered":"<p>Le Crucial X10 Pro 4\u202fTo est un SSD externe portable offrant une capacit\u00e9 g\u00e9n\u00e9reuse de 4 To, id\u00e9ale pour stocker un grand volume de rush. Il se connecte via USB-C 3.2 Gen 2\u00d72 avec des vitesses de lecture jusqu\u2019\u00e0 ~2 100 Mo\/s et d\u2019\u00e9criture proches de 2 000 Mo\/s, assurant des transferts rapides. Son bo\u00eetier [&hellip;]<\/p>\n","protected":false},"featured_media":6348,"template":"","meta":{"inline_featured_image":false},"product_brand":[],"product_cat":[1980],"product_tag":[],"class_list":{"0":"post-6345","1":"product","2":"type-product","3":"status-publish","4":"has-post-thumbnail","6":"product_cat-data","8":"first","9":"instock","10":"taxable","11":"shipping-taxable","12":"purchasable","13":"product-type-rentable"},"acf":[],"_links":{"self":[{"href":"https:\/\/indie.rent\/catalogue\/wp-json\/wp\/v2\/product\/6345","targetHints":{"allow":["GET"]}}],"collection":[{"href":"https:\/\/indie.rent\/catalogue\/wp-json\/wp\/v2\/product"}],"about":[{"href":"https:\/\/indie.rent\/catalogue\/wp-json\/wp\/v2\/types\/product"}],"version-history":[{"count":1,"href":"https:\/\/indie.rent\/catalogue\/wp-json\/wp\/v2\/product\/6345\/revisions"}],"predecessor-version":[{"id":6715,"href":"https:\/\/indie.rent\/catalogue\/wp-json\/wp\/v2\/product\/6345\/revisions\/6715"}],"wp:featuredmedia":[{"embeddable":true,"href":"https:\/\/indie.rent\/catalogue\/wp-json\/wp\/v2\/media\/6348"}],"wp:attachment":[{"href":"https:\/\/indie.rent\/catalogue\/wp-json\/wp\/v2\/media?parent=6345"}],"wp:term":[{"taxonomy":"product_brand","embeddable":true,"href":"https:\/\/indie.rent\/catalogue\/wp-json\/wp\/v2\/product_brand?post=6345"},{"taxonomy":"product_cat","embeddable":true,"href":"https:\/\/indie.rent\/catalogue\/wp-json\/wp\/v2\/product_cat?post=6345"},{"taxonomy":"product_tag","embeddable":true,"href":"https:\/\/indie.rent\/catalogue\/wp-json\/wp\/v2\/product_tag?post=6345"}],"curies":[{"name":"wp","href":"https:\/\/api.w.org\/{rel}","templated":true}]}}