{"id":634,"date":"2025-01-09T10:06:24","date_gmt":"2025-01-09T09:06:24","guid":{"rendered":"https:\/\/indie.rent\/catalogue\/produit\/batterie-fxlion-v-mount-98wh-nano-two\/"},"modified":"2026-04-15T16:56:29","modified_gmt":"2026-04-15T14:56:29","slug":"batterie-fxlion-v-mount-98wh-nano-two","status":"publish","type":"product","link":"https:\/\/indie.rent\/catalogue\/produit\/batterie-fxlion-v-mount-98wh-nano-two\/","title":{"rendered":"Batterie FXLION V-Mount 98Wh \/ Nano Two"},"content":{"rendered":"<p>La FXLION Nano Two 14,8 V \/ 98 WH est l\u2019une des batteries V-Lock les plus compactes au monde. Une capacit\u00e9 de 98 Wh au format manuel. <br \/>Alimentez plusieurs p\u00e9riph\u00e9riques via les ports D-Tap, USB-A, Micro-USB et USB-C.<\/p>\n","protected":false},"excerpt":{"rendered":"<p>La FXLION Nano Two 14,8 V \/ 98 WH est l\u2019une des batteries V-Lock les plus compactes au monde. Une capacit\u00e9 de 98 Wh au format manuel. Alimentez plusieurs p\u00e9riph\u00e9riques via les ports D-Tap, USB-A, Micro-USB et USB-C.<\/p>\n","protected":false},"featured_media":2791,"template":"","meta":{"inline_featured_image":false},"product_brand":[],"product_cat":[2076],"product_tag":[],"class_list":{"0":"post-634","1":"product","2":"type-product","3":"status-publish","4":"has-post-thumbnail","6":"product_cat-v-mount-camera","8":"first","9":"instock","10":"taxable","11":"shipping-taxable","12":"purchasable","13":"product-type-rentable"},"acf":[],"_links":{"self":[{"href":"https:\/\/indie.rent\/catalogue\/wp-json\/wp\/v2\/product\/634","targetHints":{"allow":["GET"]}}],"collection":[{"href":"https:\/\/indie.rent\/catalogue\/wp-json\/wp\/v2\/product"}],"about":[{"href":"https:\/\/indie.rent\/catalogue\/wp-json\/wp\/v2\/types\/product"}],"version-history":[{"count":0,"href":"https:\/\/indie.rent\/catalogue\/wp-json\/wp\/v2\/product\/634\/revisions"}],"wp:featuredmedia":[{"embeddable":true,"href":"https:\/\/indie.rent\/catalogue\/wp-json\/wp\/v2\/media\/2791"}],"wp:attachment":[{"href":"https:\/\/indie.rent\/catalogue\/wp-json\/wp\/v2\/media?parent=634"}],"wp:term":[{"taxonomy":"product_brand","embeddable":true,"href":"https:\/\/indie.rent\/catalogue\/wp-json\/wp\/v2\/product_brand?post=634"},{"taxonomy":"product_cat","embeddable":true,"href":"https:\/\/indie.rent\/catalogue\/wp-json\/wp\/v2\/product_cat?post=634"},{"taxonomy":"product_tag","embeddable":true,"href":"https:\/\/indie.rent\/catalogue\/wp-json\/wp\/v2\/product_tag?post=634"}],"curies":[{"name":"wp","href":"https:\/\/api.w.org\/{rel}","templated":true}]}}