{"id":6336,"date":"2026-02-16T11:19:11","date_gmt":"2026-02-16T10:19:11","guid":{"rendered":"https:\/\/indie.rent\/catalogue\/produit\/zoom-voigtlander-zoomar-36-82mm-t3-1-pl-ff-%e2%88%85136mm\/"},"modified":"2026-04-16T18:20:18","modified_gmt":"2026-04-16T16:20:18","slug":"zoom-voigtlander-zoomar-36-82mm-t3-1-pl-ff-o136mm","status":"publish","type":"product","link":"https:\/\/indie.rent\/catalogue\/produit\/zoom-voigtlander-zoomar-36-82mm-t3-1-pl-ff-o136mm\/","title":{"rendered":"Zoom Voigtlander Zoomar 36-82mm T3.1 &#8211; PL &#8211; FF &#8211; \u00f8136mm"},"content":{"rendered":"<p>Zoom vintage Voigtl\u00e4nder de la gamme Zoomar, fabriqu\u00e9 en 1959 et recaross\u00e9 par GL-Optics.<\/p>\n<p>Il s&#8217;agit d&#8217;un Zoom cin\u00e9ma parfocal, net au centre avec une subtile att\u00e9nuation du point vers les coins. Cet objectif pr\u00e9sente une aberration chromatique faible pour un objectif aussi ancien et un pompage de la mise au point minimale.<\/p>\n<p>Les anciens rev\u00eatements monocouche offrent des images \u00e0 faible contraste avec de superbes flaires, et un bokeh \u00e0 texture unique.<\/p>\n","protected":false},"excerpt":{"rendered":"<p>Zoom vintage Voigtl\u00e4nder de la gamme Zoomar, fabriqu\u00e9 en 1959 et recaross\u00e9 par GL-Optics. Il s&#8217;agit d&#8217;un Zoom cin\u00e9ma parfocal, net au centre avec une subtile att\u00e9nuation du point vers les coins. Cet objectif pr\u00e9sente une aberration chromatique faible pour un objectif aussi ancien et un pompage de la mise au point minimale. Les anciens [&hellip;]<\/p>\n","protected":false},"featured_media":6337,"template":"","meta":{"inline_featured_image":false},"product_brand":[],"product_cat":[1921],"product_tag":[],"class_list":{"0":"post-6336","1":"product","2":"type-product","3":"status-publish","4":"has-post-thumbnail","6":"product_cat-zoom-spherique-pl","8":"first","9":"instock","10":"taxable","11":"shipping-taxable","12":"purchasable","13":"product-type-rentable"},"acf":[],"_links":{"self":[{"href":"https:\/\/indie.rent\/catalogue\/wp-json\/wp\/v2\/product\/6336","targetHints":{"allow":["GET"]}}],"collection":[{"href":"https:\/\/indie.rent\/catalogue\/wp-json\/wp\/v2\/product"}],"about":[{"href":"https:\/\/indie.rent\/catalogue\/wp-json\/wp\/v2\/types\/product"}],"version-history":[{"count":0,"href":"https:\/\/indie.rent\/catalogue\/wp-json\/wp\/v2\/product\/6336\/revisions"}],"wp:featuredmedia":[{"embeddable":true,"href":"https:\/\/indie.rent\/catalogue\/wp-json\/wp\/v2\/media\/6337"}],"wp:attachment":[{"href":"https:\/\/indie.rent\/catalogue\/wp-json\/wp\/v2\/media?parent=6336"}],"wp:term":[{"taxonomy":"product_brand","embeddable":true,"href":"https:\/\/indie.rent\/catalogue\/wp-json\/wp\/v2\/product_brand?post=6336"},{"taxonomy":"product_cat","embeddable":true,"href":"https:\/\/indie.rent\/catalogue\/wp-json\/wp\/v2\/product_cat?post=6336"},{"taxonomy":"product_tag","embeddable":true,"href":"https:\/\/indie.rent\/catalogue\/wp-json\/wp\/v2\/product_tag?post=6336"}],"curies":[{"name":"wp","href":"https:\/\/api.w.org\/{rel}","templated":true}]}}