{"id":630,"date":"2025-01-09T10:06:23","date_gmt":"2025-01-09T09:06:23","guid":{"rendered":"https:\/\/indie.rent\/catalogue\/produit\/batterie-bebob-v-mount-190-wh-v200\/"},"modified":"2026-04-13T18:13:35","modified_gmt":"2026-04-13T16:13:35","slug":"batterie-bebob-v-mount-190-wh-v200","status":"publish","type":"product","link":"https:\/\/indie.rent\/catalogue\/produit\/batterie-bebob-v-mount-190-wh-v200\/","title":{"rendered":"Batterie Bebob V-Mount 190 Wh \/ V200"},"content":{"rendered":"<p>La batterie Bebob V200 est une batterie Li-Ion V-Mount d\u2019une capacit\u00e9 de 196 Wh (ou 13,6 Ah) avec une tension de 14,4 V. Elle a un courant de d\u00e9charge maximum de 16 A. Elle poss\u00e8de une prise d\u2019alimentation D-Tap et un port USB. Une jauge de 5 LED permet de voir l\u2019\u00e9tat de charge de la batterie. Elle se recharge avec des chargeurs Bebob, LDX ou encore Sony, avec une dur\u00e9e de recharge d\u2019environ 4h. <\/p>\n<p>La batterie p\u00e8se 1 kg. <\/p>\n<p>Dimensions de la batterie\u00a0: 94 x 144 x 58 mm.<\/p>\n","protected":false},"excerpt":{"rendered":"<p>La batterie Bebob V200 est une batterie Li-Ion V-Mount d\u2019une capacit\u00e9 de 196 Wh (ou 13,6 Ah) avec une tension de 14,4 V. Elle a un courant de d\u00e9charge maximum de 16 A. Elle poss\u00e8de une prise d\u2019alimentation D-Tap et un port USB. Une jauge de 5 LED permet de voir l\u2019\u00e9tat de charge de [&hellip;]<\/p>\n","protected":false},"featured_media":2688,"template":"","meta":{"inline_featured_image":false},"product_brand":[],"product_cat":[2078],"product_tag":[],"class_list":{"0":"post-630","1":"product","2":"type-product","3":"status-publish","4":"has-post-thumbnail","6":"product_cat-v-mount-lumiere","8":"first","9":"instock","10":"taxable","11":"shipping-taxable","12":"purchasable","13":"product-type-rentable"},"acf":[],"_links":{"self":[{"href":"https:\/\/indie.rent\/catalogue\/wp-json\/wp\/v2\/product\/630","targetHints":{"allow":["GET"]}}],"collection":[{"href":"https:\/\/indie.rent\/catalogue\/wp-json\/wp\/v2\/product"}],"about":[{"href":"https:\/\/indie.rent\/catalogue\/wp-json\/wp\/v2\/types\/product"}],"version-history":[{"count":0,"href":"https:\/\/indie.rent\/catalogue\/wp-json\/wp\/v2\/product\/630\/revisions"}],"wp:featuredmedia":[{"embeddable":true,"href":"https:\/\/indie.rent\/catalogue\/wp-json\/wp\/v2\/media\/2688"}],"wp:attachment":[{"href":"https:\/\/indie.rent\/catalogue\/wp-json\/wp\/v2\/media?parent=630"}],"wp:term":[{"taxonomy":"product_brand","embeddable":true,"href":"https:\/\/indie.rent\/catalogue\/wp-json\/wp\/v2\/product_brand?post=630"},{"taxonomy":"product_cat","embeddable":true,"href":"https:\/\/indie.rent\/catalogue\/wp-json\/wp\/v2\/product_cat?post=630"},{"taxonomy":"product_tag","embeddable":true,"href":"https:\/\/indie.rent\/catalogue\/wp-json\/wp\/v2\/product_tag?post=630"}],"curies":[{"name":"wp","href":"https:\/\/api.w.org\/{rel}","templated":true}]}}