{"id":6298,"date":"2026-02-10T10:15:50","date_gmt":"2026-02-10T09:15:50","guid":{"rendered":"https:\/\/indie.rent\/catalogue\/produit\/dji-ronin-4d-6k\/"},"modified":"2026-04-10T11:01:26","modified_gmt":"2026-04-10T09:01:26","slug":"dji-ronin-4d-6k","status":"publish","type":"product","link":"https:\/\/indie.rent\/catalogue\/produit\/dji-ronin-4d-6k\/","title":{"rendered":"DJI Ronin 4D &#8211; 6K"},"content":{"rendered":"<p>Le DJI Ronin 4D 6K est une cam\u00e9ra cin\u00e9ma int\u00e9gr\u00e9e dot\u00e9e d\u2019une stabilisation m\u00e9canique sur 4 axes (X, Y, Z et roulis), directement int\u00e9gr\u00e9e au bo\u00eetier.<br \/>Il embarque un capteur plein format Zenmuse X9-6K capable d\u2019enregistrer jusqu\u2019en 6K \u00e0 60 images par seconde.<\/p>\n<p>La cam\u00e9ra utilise une monture DL native, compatible avec les objectifs DJI DL ainsi qu\u2019avec des optiques tierces via adaptateurs.<br \/>Elle offre une plage dynamique d\u2019environ 14 stops et un double ISO natif de 800 et 5000 pour une meilleure gestion des basses lumi\u00e8res.<\/p>\n<p>Un syst\u00e8me de mise au point LiDAR int\u00e9gr\u00e9 fournit une cartographie de profondeur pour l\u2019assistance \u00e0 la mise au point et le suivi des sujets.<br \/>Des filtres ND \u00e9lectroniques internes couvrent une plage allant de 2 \u00e0 9 stops, sans accessoire externe.<\/p>\n<p>L\u2019enregistrement est possible en Apple ProRes en interne, ainsi qu\u2019en Apple ProRes RAW sur le support d\u00e9di\u00e9 DJI PROSSD.<br \/>Le stockage s\u2019effectue \u00e9galement sur cartes CFexpress Type B, pour un poids total d\u2019environ 4,7 kg avec batterie.<\/p>\n<p>\u00a0<\/p>\n<p>\u00a0<\/p>\n","protected":false},"excerpt":{"rendered":"<p>Le DJI Ronin 4D 6K est une cam\u00e9ra cin\u00e9ma int\u00e9gr\u00e9e dot\u00e9e d\u2019une stabilisation m\u00e9canique sur 4 axes (X, Y, Z et roulis), directement int\u00e9gr\u00e9e au bo\u00eetier.Il embarque un capteur plein format Zenmuse X9-6K capable d\u2019enregistrer jusqu\u2019en 6K \u00e0 60 images par seconde. La cam\u00e9ra utilise une monture DL native, compatible avec les objectifs DJI DL [&hellip;]<\/p>\n","protected":false},"featured_media":6299,"template":"","meta":{"inline_featured_image":false},"product_brand":[],"product_cat":[2393],"product_tag":[],"class_list":{"0":"post-6298","1":"product","2":"type-product","3":"status-publish","4":"has-post-thumbnail","6":"product_cat-camera-dji","8":"first","9":"instock","10":"taxable","11":"shipping-taxable","12":"purchasable","13":"product-type-rentable"},"acf":[],"_links":{"self":[{"href":"https:\/\/indie.rent\/catalogue\/wp-json\/wp\/v2\/product\/6298","targetHints":{"allow":["GET"]}}],"collection":[{"href":"https:\/\/indie.rent\/catalogue\/wp-json\/wp\/v2\/product"}],"about":[{"href":"https:\/\/indie.rent\/catalogue\/wp-json\/wp\/v2\/types\/product"}],"version-history":[{"count":0,"href":"https:\/\/indie.rent\/catalogue\/wp-json\/wp\/v2\/product\/6298\/revisions"}],"wp:featuredmedia":[{"embeddable":true,"href":"https:\/\/indie.rent\/catalogue\/wp-json\/wp\/v2\/media\/6299"}],"wp:attachment":[{"href":"https:\/\/indie.rent\/catalogue\/wp-json\/wp\/v2\/media?parent=6298"}],"wp:term":[{"taxonomy":"product_brand","embeddable":true,"href":"https:\/\/indie.rent\/catalogue\/wp-json\/wp\/v2\/product_brand?post=6298"},{"taxonomy":"product_cat","embeddable":true,"href":"https:\/\/indie.rent\/catalogue\/wp-json\/wp\/v2\/product_cat?post=6298"},{"taxonomy":"product_tag","embeddable":true,"href":"https:\/\/indie.rent\/catalogue\/wp-json\/wp\/v2\/product_tag?post=6298"}],"curies":[{"name":"wp","href":"https:\/\/api.w.org\/{rel}","templated":true}]}}