{"id":6297,"date":"2026-02-10T10:14:00","date_gmt":"2026-02-10T09:14:00","guid":{"rendered":"https:\/\/indie.rent\/catalogue\/produit\/systeme-dji-ronin-4d-flex\/"},"modified":"2026-04-10T11:01:29","modified_gmt":"2026-04-10T09:01:29","slug":"systeme-dji-ronin-4d-flex","status":"publish","type":"product","link":"https:\/\/indie.rent\/catalogue\/produit\/systeme-dji-ronin-4d-flex\/","title":{"rendered":"Syst\u00e8me DJI Ronin 4D Flex"},"content":{"rendered":"<p>Le Ronin 4D Flex est une solution modulable qui permet de d\u00e9tacher la cam\u00e9ra Zenmuse X9 du corps principal du Ronin 4D, r\u00e9duisant ainsi le poids pour des prises de vue plus libres et agiles.<\/p>\n<p>Gr\u00e2ce \u00e0 son c\u00e2ble coaxial fin de 2 m, il assure une transmission sans perte jusqu\u2019\u00e0 la vid\u00e9o 8K ainsi que les signaux de contr\u00f4le en temps r\u00e9el.<\/p>\n<p>Il est compatible avec les poign\u00e9es et l\u2019\u00e9cran Ronin 4D tout en offrant des configurations vari\u00e9es (sur grue, perche, jib).<\/p>\n<p>Enfin, ce syst\u00e8me permet une transition rapide entre modes Flex et int\u00e9gr\u00e9 sans outils, ce qui augmente sa polyvalence en tournage.<\/p>\n","protected":false},"excerpt":{"rendered":"<p>Le Ronin 4D Flex est une solution modulable qui permet de d\u00e9tacher la cam\u00e9ra Zenmuse X9 du corps principal du Ronin 4D, r\u00e9duisant ainsi le poids pour des prises de vue plus libres et agiles. Gr\u00e2ce \u00e0 son c\u00e2ble coaxial fin de 2 m, il assure une transmission sans perte jusqu\u2019\u00e0 la vid\u00e9o 8K ainsi [&hellip;]<\/p>\n","protected":false},"featured_media":6300,"template":"","meta":{"inline_featured_image":false},"product_brand":[],"product_cat":[2393],"product_tag":[],"class_list":{"0":"post-6297","1":"product","2":"type-product","3":"status-publish","4":"has-post-thumbnail","6":"product_cat-camera-dji","8":"first","9":"instock","10":"taxable","11":"shipping-taxable","12":"purchasable","13":"product-type-rentable"},"acf":[],"_links":{"self":[{"href":"https:\/\/indie.rent\/catalogue\/wp-json\/wp\/v2\/product\/6297","targetHints":{"allow":["GET"]}}],"collection":[{"href":"https:\/\/indie.rent\/catalogue\/wp-json\/wp\/v2\/product"}],"about":[{"href":"https:\/\/indie.rent\/catalogue\/wp-json\/wp\/v2\/types\/product"}],"version-history":[{"count":0,"href":"https:\/\/indie.rent\/catalogue\/wp-json\/wp\/v2\/product\/6297\/revisions"}],"wp:featuredmedia":[{"embeddable":true,"href":"https:\/\/indie.rent\/catalogue\/wp-json\/wp\/v2\/media\/6300"}],"wp:attachment":[{"href":"https:\/\/indie.rent\/catalogue\/wp-json\/wp\/v2\/media?parent=6297"}],"wp:term":[{"taxonomy":"product_brand","embeddable":true,"href":"https:\/\/indie.rent\/catalogue\/wp-json\/wp\/v2\/product_brand?post=6297"},{"taxonomy":"product_cat","embeddable":true,"href":"https:\/\/indie.rent\/catalogue\/wp-json\/wp\/v2\/product_cat?post=6297"},{"taxonomy":"product_tag","embeddable":true,"href":"https:\/\/indie.rent\/catalogue\/wp-json\/wp\/v2\/product_tag?post=6297"}],"curies":[{"name":"wp","href":"https:\/\/api.w.org\/{rel}","templated":true}]}}