{"id":6266,"date":"2026-02-02T23:11:39","date_gmt":"2026-02-02T22:11:39","guid":{"rendered":"https:\/\/indie.rent\/catalogue\/produit\/zoom-canon-cn-e-30-300mm-t2-9-pl-s35-o136mm\/"},"modified":"2026-04-16T18:30:47","modified_gmt":"2026-04-16T16:30:47","slug":"zoom-canon-cn-e-30-300mm-t2-9-pl-s35-o136mm","status":"publish","type":"product","link":"https:\/\/indie.rent\/catalogue\/produit\/zoom-canon-cn-e-30-300mm-t2-9-pl-s35-o136mm\/","title":{"rendered":"Zoom Canon CN-E 30-300mm T2.9 &#8211; PL &#8211; S35 &#8211;  \u00f8136mm"},"content":{"rendered":"<p>Le Zoom Canon CN-E 30-300 mm couvre le format Super 35 (\u00f832mm) et offre une plage focale x10 de 30 \u00e0 300 mm.<br \/>Son ouverture est variable, de T2,95 \u00e0 30 mm \u00e0 T3,7 \u00e0 300 mm.<br \/>L\u2019objectif dispose d\u2019un diaphragme \u00e0 11 lamelles et d\u2019une rotation de bague de mise au point d\u2019environ 300\u00b0.<br \/>Son diam\u00e8tre frontal est de 136 mm et son poids est d\u2019environ 6 kg.<\/p>\n<p>Caract\u00e9ristiques principales :<\/p>\n<p>&#8211; Longueur de focale : 30-300 mm<br \/>&#8211; Cercle de couverture: 32 mm<br \/>&#8211; Ouverture : T2.9 \u00e0 30-240 &#8211; T3.7 au 300 mm<br \/>&#8211; Distance min. de mise au point : 5 pieds<br \/>&#8211; Diam\u00e8tre de la frontale : 136mm<br \/>&#8211; Longueur : 39 cm<br \/>&#8211; Poids : 6Kg\u00a0<\/p>\n<p>\u00a0<\/p>\n","protected":false},"excerpt":{"rendered":"<p>Le Zoom Canon CN-E 30-300 mm couvre le format Super 35 (\u00f832mm) et offre une plage focale x10 de 30 \u00e0 300 mm.Son ouverture est variable, de T2,95 \u00e0 30 mm \u00e0 T3,7 \u00e0 300 mm.L\u2019objectif dispose d\u2019un diaphragme \u00e0 11 lamelles et d\u2019une rotation de bague de mise au point d\u2019environ 300\u00b0.Son diam\u00e8tre frontal [&hellip;]<\/p>\n","protected":false},"featured_media":6268,"template":"","meta":{"inline_featured_image":false},"product_brand":[],"product_cat":[1921],"product_tag":[],"class_list":{"0":"post-6266","1":"product","2":"type-product","3":"status-publish","4":"has-post-thumbnail","6":"product_cat-zoom-spherique-pl","8":"first","9":"instock","10":"taxable","11":"shipping-taxable","12":"purchasable","13":"product-type-rentable"},"acf":[],"_links":{"self":[{"href":"https:\/\/indie.rent\/catalogue\/wp-json\/wp\/v2\/product\/6266","targetHints":{"allow":["GET"]}}],"collection":[{"href":"https:\/\/indie.rent\/catalogue\/wp-json\/wp\/v2\/product"}],"about":[{"href":"https:\/\/indie.rent\/catalogue\/wp-json\/wp\/v2\/types\/product"}],"version-history":[{"count":0,"href":"https:\/\/indie.rent\/catalogue\/wp-json\/wp\/v2\/product\/6266\/revisions"}],"wp:featuredmedia":[{"embeddable":true,"href":"https:\/\/indie.rent\/catalogue\/wp-json\/wp\/v2\/media\/6268"}],"wp:attachment":[{"href":"https:\/\/indie.rent\/catalogue\/wp-json\/wp\/v2\/media?parent=6266"}],"wp:term":[{"taxonomy":"product_brand","embeddable":true,"href":"https:\/\/indie.rent\/catalogue\/wp-json\/wp\/v2\/product_brand?post=6266"},{"taxonomy":"product_cat","embeddable":true,"href":"https:\/\/indie.rent\/catalogue\/wp-json\/wp\/v2\/product_cat?post=6266"},{"taxonomy":"product_tag","embeddable":true,"href":"https:\/\/indie.rent\/catalogue\/wp-json\/wp\/v2\/product_tag?post=6266"}],"curies":[{"name":"wp","href":"https:\/\/api.w.org\/{rel}","templated":true}]}}