{"id":6264,"date":"2026-02-02T23:08:43","date_gmt":"2026-02-02T22:08:43","guid":{"rendered":"https:\/\/indie.rent\/catalogue\/produit\/slider-one\/"},"modified":"2026-04-16T18:30:52","modified_gmt":"2026-04-16T16:30:52","slug":"slider-one","status":"publish","type":"product","link":"https:\/\/indie.rent\/catalogue\/produit\/slider-one\/","title":{"rendered":"Slider One"},"content":{"rendered":"<p>Le slider One peut \u00eatre accessoiris\u00e9 de plusieurs mani\u00e8res diff\u00e9rentes afin de s\u2019adapter au terrain lors du tournage, aux mouvements souhait\u00e9s, etc. (t\u00eate motoris\u00e9e, support tr\u00e9pied,\u2026)<\/p>\n<p>Principales caract\u00e9ristiques<\/p>\n<p>Supporte des charges jusqu\u2019\u00e0 9kg<br \/>Syst\u00e8me de glissement \u00e0 courroie<br \/>15cm de d\u00e9placement de la cam\u00e9ra<br \/>Ultra-compact \u00e0 seulement 22cm de long<br \/>R\u00e9glage due la friction et m\u00e9canismes de verrouillage<br \/>Vis 3\/8&#8243;<br \/>Filetage de montage 3\/8&#8243;-16<br \/>Niveau \u00e0 bulle int\u00e9gr\u00e9<br \/>Construction en aluminium ultra l\u00e9ger<\/p>\n","protected":false},"excerpt":{"rendered":"<p>Le slider One peut \u00eatre accessoiris\u00e9 de plusieurs mani\u00e8res diff\u00e9rentes afin de s\u2019adapter au terrain lors du tournage, aux mouvements souhait\u00e9s, etc. (t\u00eate motoris\u00e9e, support tr\u00e9pied,\u2026) Principales caract\u00e9ristiques Supporte des charges jusqu\u2019\u00e0 9kgSyst\u00e8me de glissement \u00e0 courroie15cm de d\u00e9placement de la cam\u00e9raUltra-compact \u00e0 seulement 22cm de longR\u00e9glage due la friction et m\u00e9canismes de verrouillageVis 3\/8&#8243;Filetage [&hellip;]<\/p>\n","protected":false},"featured_media":6272,"template":"","meta":{"inline_featured_image":false},"product_brand":[],"product_cat":[2051],"product_tag":[],"class_list":{"0":"post-6264","1":"product","2":"type-product","3":"status-publish","4":"has-post-thumbnail","6":"product_cat-slider-leger","8":"first","9":"instock","10":"taxable","11":"shipping-taxable","12":"purchasable","13":"product-type-rentable"},"acf":[],"_links":{"self":[{"href":"https:\/\/indie.rent\/catalogue\/wp-json\/wp\/v2\/product\/6264","targetHints":{"allow":["GET"]}}],"collection":[{"href":"https:\/\/indie.rent\/catalogue\/wp-json\/wp\/v2\/product"}],"about":[{"href":"https:\/\/indie.rent\/catalogue\/wp-json\/wp\/v2\/types\/product"}],"version-history":[{"count":0,"href":"https:\/\/indie.rent\/catalogue\/wp-json\/wp\/v2\/product\/6264\/revisions"}],"wp:featuredmedia":[{"embeddable":true,"href":"https:\/\/indie.rent\/catalogue\/wp-json\/wp\/v2\/media\/6272"}],"wp:attachment":[{"href":"https:\/\/indie.rent\/catalogue\/wp-json\/wp\/v2\/media?parent=6264"}],"wp:term":[{"taxonomy":"product_brand","embeddable":true,"href":"https:\/\/indie.rent\/catalogue\/wp-json\/wp\/v2\/product_brand?post=6264"},{"taxonomy":"product_cat","embeddable":true,"href":"https:\/\/indie.rent\/catalogue\/wp-json\/wp\/v2\/product_cat?post=6264"},{"taxonomy":"product_tag","embeddable":true,"href":"https:\/\/indie.rent\/catalogue\/wp-json\/wp\/v2\/product_tag?post=6264"}],"curies":[{"name":"wp","href":"https:\/\/api.w.org\/{rel}","templated":true}]}}