{"id":6263,"date":"2026-02-02T23:08:43","date_gmt":"2026-02-02T22:08:43","guid":{"rendered":"https:\/\/indie.rent\/catalogue\/produit\/console-botex-dc-2448\/"},"modified":"2026-04-05T00:19:25","modified_gmt":"2026-04-04T22:19:25","slug":"console-botex-dc-2448","status":"publish","type":"product","link":"https:\/\/indie.rent\/catalogue\/produit\/console-botex-dc-2448\/","title":{"rendered":"Console Botex DC-2448"},"content":{"rendered":"<p>Pupitre d&#8217;\u00e9clairage DMX<\/p>\n<p>48 canaux DMX<br \/>96 programmes libres directement r\u00e9cup\u00e9rables sur 4 banques<br \/>4600 sc\u00e8nes<br \/>DMX-512 standard<br \/>Soft Patch pour tous les 512 canaux<br \/>3 niveaux de travail<br \/>Fonctions: Mix Chase, Single Chase et Blind-Home<br \/>Vitesse et gradation r\u00e9glables par curseurs<br \/>Contr\u00f4les: Musique gr\u00e2ce au micro int\u00e9gr\u00e9 ou entr\u00e9e Ligne<br \/>Dimensions: 710 x 267 (6U) x 80 mm<br \/>Poids: 6,7 kg<\/p>\n","protected":false},"excerpt":{"rendered":"<p>Pupitre d&#8217;\u00e9clairage DMX 48 canaux DMX96 programmes libres directement r\u00e9cup\u00e9rables sur 4 banques4600 sc\u00e8nesDMX-512 standardSoft Patch pour tous les 512 canaux3 niveaux de travailFonctions: Mix Chase, Single Chase et Blind-HomeVitesse et gradation r\u00e9glables par curseursContr\u00f4les: Musique gr\u00e2ce au micro int\u00e9gr\u00e9 ou entr\u00e9e LigneDimensions: 710 x 267 (6U) x 80 mmPoids: 6,7 kg<\/p>\n","protected":false},"featured_media":6271,"template":"","meta":{"inline_featured_image":false},"product_brand":[],"product_cat":[2088],"product_tag":[],"class_list":{"0":"post-6263","1":"product","2":"type-product","3":"status-publish","4":"has-post-thumbnail","6":"product_cat-commande-a-distance","8":"first","9":"instock","10":"featured","11":"taxable","12":"shipping-taxable","13":"purchasable","14":"product-type-rentable"},"acf":[],"_links":{"self":[{"href":"https:\/\/indie.rent\/catalogue\/wp-json\/wp\/v2\/product\/6263","targetHints":{"allow":["GET"]}}],"collection":[{"href":"https:\/\/indie.rent\/catalogue\/wp-json\/wp\/v2\/product"}],"about":[{"href":"https:\/\/indie.rent\/catalogue\/wp-json\/wp\/v2\/types\/product"}],"version-history":[{"count":0,"href":"https:\/\/indie.rent\/catalogue\/wp-json\/wp\/v2\/product\/6263\/revisions"}],"wp:featuredmedia":[{"embeddable":true,"href":"https:\/\/indie.rent\/catalogue\/wp-json\/wp\/v2\/media\/6271"}],"wp:attachment":[{"href":"https:\/\/indie.rent\/catalogue\/wp-json\/wp\/v2\/media?parent=6263"}],"wp:term":[{"taxonomy":"product_brand","embeddable":true,"href":"https:\/\/indie.rent\/catalogue\/wp-json\/wp\/v2\/product_brand?post=6263"},{"taxonomy":"product_cat","embeddable":true,"href":"https:\/\/indie.rent\/catalogue\/wp-json\/wp\/v2\/product_cat?post=6263"},{"taxonomy":"product_tag","embeddable":true,"href":"https:\/\/indie.rent\/catalogue\/wp-json\/wp\/v2\/product_tag?post=6263"}],"curies":[{"name":"wp","href":"https:\/\/api.w.org\/{rel}","templated":true}]}}