{"id":6261,"date":"2026-02-02T23:07:05","date_gmt":"2026-02-02T22:07:05","guid":{"rendered":"https:\/\/indie.rent\/catalogue\/produit\/micro-sm58\/"},"modified":"2026-04-16T18:30:48","modified_gmt":"2026-04-16T16:30:48","slug":"micro-sm58","status":"publish","type":"product","link":"https:\/\/indie.rent\/catalogue\/produit\/micro-sm58\/","title":{"rendered":"Micro SM58"},"content":{"rendered":"<p>Le l\u00e9gendaire microphone dynamique, cardio\u00efde, pour la voix. Tr\u00e8s polyvalent le SM58 est sp\u00e9cialement con\u00e7u pour une reproduction chaleureuse et claire de la voix.<\/p>\n","protected":false},"excerpt":{"rendered":"<p>Le l\u00e9gendaire microphone dynamique, cardio\u00efde, pour la voix. Tr\u00e8s polyvalent le SM58 est sp\u00e9cialement con\u00e7u pour une reproduction chaleureuse et claire de la voix.<\/p>\n","protected":false},"featured_media":6269,"template":"","meta":{"inline_featured_image":false},"product_brand":[],"product_cat":[2213],"product_tag":[],"class_list":{"0":"post-6261","1":"product","2":"type-product","3":"status-publish","4":"has-post-thumbnail","6":"product_cat-micro","8":"first","9":"instock","10":"taxable","11":"shipping-taxable","12":"purchasable","13":"product-type-rentable"},"acf":[],"_links":{"self":[{"href":"https:\/\/indie.rent\/catalogue\/wp-json\/wp\/v2\/product\/6261","targetHints":{"allow":["GET"]}}],"collection":[{"href":"https:\/\/indie.rent\/catalogue\/wp-json\/wp\/v2\/product"}],"about":[{"href":"https:\/\/indie.rent\/catalogue\/wp-json\/wp\/v2\/types\/product"}],"version-history":[{"count":0,"href":"https:\/\/indie.rent\/catalogue\/wp-json\/wp\/v2\/product\/6261\/revisions"}],"wp:featuredmedia":[{"embeddable":true,"href":"https:\/\/indie.rent\/catalogue\/wp-json\/wp\/v2\/media\/6269"}],"wp:attachment":[{"href":"https:\/\/indie.rent\/catalogue\/wp-json\/wp\/v2\/media?parent=6261"}],"wp:term":[{"taxonomy":"product_brand","embeddable":true,"href":"https:\/\/indie.rent\/catalogue\/wp-json\/wp\/v2\/product_brand?post=6261"},{"taxonomy":"product_cat","embeddable":true,"href":"https:\/\/indie.rent\/catalogue\/wp-json\/wp\/v2\/product_cat?post=6261"},{"taxonomy":"product_tag","embeddable":true,"href":"https:\/\/indie.rent\/catalogue\/wp-json\/wp\/v2\/product_tag?post=6261"}],"curies":[{"name":"wp","href":"https:\/\/api.w.org\/{rel}","templated":true}]}}