{"id":6260,"date":"2026-02-02T23:06:32","date_gmt":"2026-02-02T22:06:32","guid":{"rendered":"https:\/\/indie.rent\/catalogue\/produit\/plaque-a-decentrement-shape-dovetail-30-cm\/"},"modified":"2026-04-15T18:04:33","modified_gmt":"2026-04-15T16:04:33","slug":"plaque-a-decentrement-shape-dovetail-30-cm","status":"publish","type":"product","link":"https:\/\/indie.rent\/catalogue\/produit\/plaque-a-decentrement-shape-dovetail-30-cm\/","title":{"rendered":"Plaque \u00e0 D\u00e9centrement Shape (Dovetail) 30 cm"},"content":{"rendered":"<p>Plaque de d\u00e9centrement 30cm<\/p>\n","protected":false},"excerpt":{"rendered":"<p>Plaque de d\u00e9centrement 30cm<\/p>\n","protected":false},"featured_media":6267,"template":"","meta":{"inline_featured_image":false},"product_brand":[],"product_cat":[1947],"product_tag":[],"class_list":{"0":"post-6260","1":"product","2":"type-product","3":"status-publish","4":"has-post-thumbnail","6":"product_cat-quick-release-plate","8":"first","9":"instock","10":"taxable","11":"shipping-taxable","12":"purchasable","13":"product-type-rentable"},"acf":[],"_links":{"self":[{"href":"https:\/\/indie.rent\/catalogue\/wp-json\/wp\/v2\/product\/6260","targetHints":{"allow":["GET"]}}],"collection":[{"href":"https:\/\/indie.rent\/catalogue\/wp-json\/wp\/v2\/product"}],"about":[{"href":"https:\/\/indie.rent\/catalogue\/wp-json\/wp\/v2\/types\/product"}],"version-history":[{"count":0,"href":"https:\/\/indie.rent\/catalogue\/wp-json\/wp\/v2\/product\/6260\/revisions"}],"wp:featuredmedia":[{"embeddable":true,"href":"https:\/\/indie.rent\/catalogue\/wp-json\/wp\/v2\/media\/6267"}],"wp:attachment":[{"href":"https:\/\/indie.rent\/catalogue\/wp-json\/wp\/v2\/media?parent=6260"}],"wp:term":[{"taxonomy":"product_brand","embeddable":true,"href":"https:\/\/indie.rent\/catalogue\/wp-json\/wp\/v2\/product_brand?post=6260"},{"taxonomy":"product_cat","embeddable":true,"href":"https:\/\/indie.rent\/catalogue\/wp-json\/wp\/v2\/product_cat?post=6260"},{"taxonomy":"product_tag","embeddable":true,"href":"https:\/\/indie.rent\/catalogue\/wp-json\/wp\/v2\/product_tag?post=6260"}],"curies":[{"name":"wp","href":"https:\/\/api.w.org\/{rel}","templated":true}]}}