{"id":6216,"date":"2026-01-30T14:34:50","date_gmt":"2026-01-30T13:34:50","guid":{"rendered":"https:\/\/indie.rent\/catalogue\/produit\/extender-atlas-lf-x1-6-pl-vers-lpl-full-frame\/"},"modified":"2026-04-04T00:18:40","modified_gmt":"2026-04-03T22:18:40","slug":"extender-atlas-lf-x1-6-pl-vers-lpl-full-frame","status":"publish","type":"product","link":"https:\/\/indie.rent\/catalogue\/produit\/extender-atlas-lf-x1-6-pl-vers-lpl-full-frame\/","title":{"rendered":"Extender Atlas LF x1.6 &#8211; PL vers LPL &#8211; Full Frame"},"content":{"rendered":"<p>L&#8217;extender\u00a0Atlas LF\u00a0x1.6 permet aux optiques de la s\u00e9rie Orion de couvrir les formats Full Frame, y\u00a0compris les capteurs\u00a0 ARRI LF, Sony VENICE, RED Monstro et autres capteurs plein format.\u00a0<\/p>\n<p>Le multiplicateur LF est optimis\u00e9 pour offrir des performances optiques sup\u00e9rieures, m\u00eame \u00e0 grande ouverture, avec une perte de lumi\u00e8re de 1.3 diaphragme.<\/p>\n<p>S&#8217;il est utilis\u00e9 avec un format 35 mm (capteur non FF\/LF), il \u00e9tend la couverture des optiques de 1,6x (100 devient 160, 80 devient 127, etc.)<\/p>\n","protected":false},"excerpt":{"rendered":"<p>L&#8217;extender\u00a0Atlas LF\u00a0x1.6 permet aux optiques de la s\u00e9rie Orion de couvrir les formats Full Frame, y\u00a0compris les capteurs\u00a0 ARRI LF, Sony VENICE, RED Monstro et autres capteurs plein format.\u00a0 Le multiplicateur LF est optimis\u00e9 pour offrir des performances optiques sup\u00e9rieures, m\u00eame \u00e0 grande ouverture, avec une perte de lumi\u00e8re de 1.3 diaphragme. S&#8217;il est utilis\u00e9 [&hellip;]<\/p>\n","protected":false},"featured_media":6235,"template":"","meta":{"inline_featured_image":false},"product_brand":[],"product_cat":[1924],"product_tag":[],"class_list":{"0":"post-6216","1":"product","2":"type-product","3":"status-publish","4":"has-post-thumbnail","6":"product_cat-autres","8":"first","9":"instock","10":"taxable","11":"shipping-taxable","12":"purchasable","13":"product-type-rentable"},"acf":[],"_links":{"self":[{"href":"https:\/\/indie.rent\/catalogue\/wp-json\/wp\/v2\/product\/6216","targetHints":{"allow":["GET"]}}],"collection":[{"href":"https:\/\/indie.rent\/catalogue\/wp-json\/wp\/v2\/product"}],"about":[{"href":"https:\/\/indie.rent\/catalogue\/wp-json\/wp\/v2\/types\/product"}],"version-history":[{"count":0,"href":"https:\/\/indie.rent\/catalogue\/wp-json\/wp\/v2\/product\/6216\/revisions"}],"wp:featuredmedia":[{"embeddable":true,"href":"https:\/\/indie.rent\/catalogue\/wp-json\/wp\/v2\/media\/6235"}],"wp:attachment":[{"href":"https:\/\/indie.rent\/catalogue\/wp-json\/wp\/v2\/media?parent=6216"}],"wp:term":[{"taxonomy":"product_brand","embeddable":true,"href":"https:\/\/indie.rent\/catalogue\/wp-json\/wp\/v2\/product_brand?post=6216"},{"taxonomy":"product_cat","embeddable":true,"href":"https:\/\/indie.rent\/catalogue\/wp-json\/wp\/v2\/product_cat?post=6216"},{"taxonomy":"product_tag","embeddable":true,"href":"https:\/\/indie.rent\/catalogue\/wp-json\/wp\/v2\/product_tag?post=6216"}],"curies":[{"name":"wp","href":"https:\/\/api.w.org\/{rel}","templated":true}]}}