{"id":6211,"date":"2026-01-29T23:07:30","date_gmt":"2026-01-29T22:07:30","guid":{"rendered":"https:\/\/indie.rent\/catalogue\/produit\/onduleur-eaton-3s-850\/"},"modified":"2026-04-10T10:38:52","modified_gmt":"2026-04-10T08:38:52","slug":"onduleur-eaton-3s-850","status":"publish","type":"product","link":"https:\/\/indie.rent\/catalogue\/produit\/onduleur-eaton-3s-850\/","title":{"rendered":"Onduleur Eaton 3S 850"},"content":{"rendered":"<p>L&#8217;onduleur Eaton 3S 850 VA offre une protection \u00e9lectrique fiable pour PC et p\u00e9riph\u00e9riques, avec une puissance de 510 W.<\/p>\n<p>Il int\u00e8gre 8 prises de courant AC 240V prot\u00e9g\u00e9es contre les surtensions dont 4 prises prot\u00e9g\u00e9es contre les coupures de courant.<\/p>\n<p>Compact et silencieux (4,2kg \/ &lt; 25 dB), il int\u00e8gre 2 ports USB pour recharger des appareils mobiles.<\/p>\n<p>Caract\u00e9ristiques principales:<\/p>\n<p>&#8211; Puissance nominale: 850 VA \/ 510 W<br \/>&#8211; Nombre Total de prises: 8 prises avec protection contre les surtensions +\u00a02 ports USB-A int\u00e9gr\u00e9s pour la recharge d\u2019appareils mobiles (2A)<br \/>&#8211; Nombre de prises sur Batterie: 4 prises assurant une alimentation de secours\u00a0<br \/>&#8211; Autonomie sur Batterie: 20 minutes max. (selon la puissance des \u00e9quipements branch\u00e9s)<br \/>&#8211; Poids: 4,2 kg<\/p>\n","protected":false},"excerpt":{"rendered":"<p>L&#8217;onduleur Eaton 3S 850 VA offre une protection \u00e9lectrique fiable pour PC et p\u00e9riph\u00e9riques, avec une puissance de 510 W. Il int\u00e8gre 8 prises de courant AC 240V prot\u00e9g\u00e9es contre les surtensions dont 4 prises prot\u00e9g\u00e9es contre les coupures de courant. Compact et silencieux (4,2kg \/ &lt; 25 dB), il int\u00e8gre 2 ports USB pour [&hellip;]<\/p>\n","protected":false},"featured_media":6212,"template":"","meta":{"inline_featured_image":false},"product_brand":[],"product_cat":[1980],"product_tag":[],"class_list":{"0":"post-6211","1":"product","2":"type-product","3":"status-publish","4":"has-post-thumbnail","6":"product_cat-data","8":"first","9":"instock","10":"taxable","11":"shipping-taxable","12":"purchasable","13":"product-type-rentable"},"acf":[],"_links":{"self":[{"href":"https:\/\/indie.rent\/catalogue\/wp-json\/wp\/v2\/product\/6211","targetHints":{"allow":["GET"]}}],"collection":[{"href":"https:\/\/indie.rent\/catalogue\/wp-json\/wp\/v2\/product"}],"about":[{"href":"https:\/\/indie.rent\/catalogue\/wp-json\/wp\/v2\/types\/product"}],"version-history":[{"count":0,"href":"https:\/\/indie.rent\/catalogue\/wp-json\/wp\/v2\/product\/6211\/revisions"}],"wp:featuredmedia":[{"embeddable":true,"href":"https:\/\/indie.rent\/catalogue\/wp-json\/wp\/v2\/media\/6212"}],"wp:attachment":[{"href":"https:\/\/indie.rent\/catalogue\/wp-json\/wp\/v2\/media?parent=6211"}],"wp:term":[{"taxonomy":"product_brand","embeddable":true,"href":"https:\/\/indie.rent\/catalogue\/wp-json\/wp\/v2\/product_brand?post=6211"},{"taxonomy":"product_cat","embeddable":true,"href":"https:\/\/indie.rent\/catalogue\/wp-json\/wp\/v2\/product_cat?post=6211"},{"taxonomy":"product_tag","embeddable":true,"href":"https:\/\/indie.rent\/catalogue\/wp-json\/wp\/v2\/product_tag?post=6211"}],"curies":[{"name":"wp","href":"https:\/\/api.w.org\/{rel}","templated":true}]}}