{"id":6201,"date":"2026-01-28T16:21:51","date_gmt":"2026-01-28T15:21:51","guid":{"rendered":"https:\/\/indie.rent\/catalogue\/produit\/projecteur-led-couleur-aladdin-mosaic-4x4-110x110cm\/"},"modified":"2026-04-16T18:27:20","modified_gmt":"2026-04-16T16:27:20","slug":"projecteur-led-couleur-aladdin-mosaic-4x4-110x110cm","status":"publish","type":"product","link":"https:\/\/indie.rent\/catalogue\/produit\/projecteur-led-couleur-aladdin-mosaic-4x4-110x110cm\/","title":{"rendered":"Projecteur LED Couleur ALADDIN Mosaic 4X4 (110x110cm)"},"content":{"rendered":"<p>Panneau LED tr\u00e8s grand format con\u00e7u pour \u00e9clairer des d\u00e9cors entiers avec une lumi\u00e8re douce et uniforme.<\/p>\n<p>Caract\u00e9ristiques principales :<\/p>\n<p>Source : LED RGB<br \/>Temp\u00e9rature de couleur : 2 800K \u2013 10 000K<br \/>CRI \/ TLCI : \u2265 95 \/ \u2265 95<br \/>Alimentation : Secteur<br \/>Contr\u00f4le : DMX, CRMX, Bluetooth<br \/>\u00c9tanch\u00e9it\u00e9 : Non<br \/>Poids (Panneau Seul) : 4,5 kg<br \/>Consommation \u00e9lectrique : 600 W<br \/>Dimensions : 120 cm \u00d7 120 cm x 17<\/p>\n","protected":false},"excerpt":{"rendered":"<p>Panneau LED tr\u00e8s grand format con\u00e7u pour \u00e9clairer des d\u00e9cors entiers avec une lumi\u00e8re douce et uniforme. Caract\u00e9ristiques principales : Source : LED RGBTemp\u00e9rature de couleur : 2 800K \u2013 10 000KCRI \/ TLCI : \u2265 95 \/ \u2265 95Alimentation : SecteurContr\u00f4le : DMX, CRMX, Bluetooth\u00c9tanch\u00e9it\u00e9 : NonPoids (Panneau Seul) : 4,5 kgConsommation \u00e9lectrique : [&hellip;]<\/p>\n","protected":false},"featured_media":6563,"template":"","meta":{"inline_featured_image":false},"product_brand":[],"product_cat":[2007],"product_tag":[],"class_list":{"0":"post-6201","1":"product","2":"type-product","3":"status-publish","4":"has-post-thumbnail","6":"product_cat-led-couleur-soft","8":"first","9":"instock","10":"taxable","11":"shipping-taxable","12":"purchasable","13":"product-type-rentable"},"acf":[],"_links":{"self":[{"href":"https:\/\/indie.rent\/catalogue\/wp-json\/wp\/v2\/product\/6201","targetHints":{"allow":["GET"]}}],"collection":[{"href":"https:\/\/indie.rent\/catalogue\/wp-json\/wp\/v2\/product"}],"about":[{"href":"https:\/\/indie.rent\/catalogue\/wp-json\/wp\/v2\/types\/product"}],"version-history":[{"count":0,"href":"https:\/\/indie.rent\/catalogue\/wp-json\/wp\/v2\/product\/6201\/revisions"}],"wp:featuredmedia":[{"embeddable":true,"href":"https:\/\/indie.rent\/catalogue\/wp-json\/wp\/v2\/media\/6563"}],"wp:attachment":[{"href":"https:\/\/indie.rent\/catalogue\/wp-json\/wp\/v2\/media?parent=6201"}],"wp:term":[{"taxonomy":"product_brand","embeddable":true,"href":"https:\/\/indie.rent\/catalogue\/wp-json\/wp\/v2\/product_brand?post=6201"},{"taxonomy":"product_cat","embeddable":true,"href":"https:\/\/indie.rent\/catalogue\/wp-json\/wp\/v2\/product_cat?post=6201"},{"taxonomy":"product_tag","embeddable":true,"href":"https:\/\/indie.rent\/catalogue\/wp-json\/wp\/v2\/product_tag?post=6201"}],"curies":[{"name":"wp","href":"https:\/\/api.w.org\/{rel}","templated":true}]}}