{"id":6173,"date":"2026-01-26T16:04:34","date_gmt":"2026-01-26T15:04:34","guid":{"rendered":"https:\/\/indie.rent\/catalogue\/produit\/roulante-camera-mini-tlv\/"},"modified":"2026-04-13T18:15:31","modified_gmt":"2026-04-13T16:15:31","slug":"roulante-camera-mini-tlv","status":"publish","type":"product","link":"https:\/\/indie.rent\/catalogue\/produit\/roulante-camera-mini-tlv\/","title":{"rendered":"Roulante Cam\u00e9ra Mini TLV"},"content":{"rendered":"<p>Roulante Cam\u00e9ra Mini TLV avec plaque cam\u00e9ra QRP:<\/p>\n<p>Hauteur: 107 cm<\/p>\n<p>Longueur: 116 cm<\/p>\n<p>Largeur: 50 cm<\/p>\n","protected":false},"excerpt":{"rendered":"<p>Roulante Cam\u00e9ra Mini TLV avec plaque cam\u00e9ra QRP: Hauteur: 107 cm Longueur: 116 cm Largeur: 50 cm<\/p>\n","protected":false},"featured_media":6175,"template":"","meta":{"inline_featured_image":false},"product_brand":[],"product_cat":[1952],"product_tag":[],"class_list":{"0":"post-6173","1":"product","2":"type-product","3":"status-publish","4":"has-post-thumbnail","6":"product_cat-roulante-camera","8":"first","9":"instock","10":"taxable","11":"shipping-taxable","12":"purchasable","13":"product-type-rentable"},"acf":[],"_links":{"self":[{"href":"https:\/\/indie.rent\/catalogue\/wp-json\/wp\/v2\/product\/6173","targetHints":{"allow":["GET"]}}],"collection":[{"href":"https:\/\/indie.rent\/catalogue\/wp-json\/wp\/v2\/product"}],"about":[{"href":"https:\/\/indie.rent\/catalogue\/wp-json\/wp\/v2\/types\/product"}],"version-history":[{"count":0,"href":"https:\/\/indie.rent\/catalogue\/wp-json\/wp\/v2\/product\/6173\/revisions"}],"wp:featuredmedia":[{"embeddable":true,"href":"https:\/\/indie.rent\/catalogue\/wp-json\/wp\/v2\/media\/6175"}],"wp:attachment":[{"href":"https:\/\/indie.rent\/catalogue\/wp-json\/wp\/v2\/media?parent=6173"}],"wp:term":[{"taxonomy":"product_brand","embeddable":true,"href":"https:\/\/indie.rent\/catalogue\/wp-json\/wp\/v2\/product_brand?post=6173"},{"taxonomy":"product_cat","embeddable":true,"href":"https:\/\/indie.rent\/catalogue\/wp-json\/wp\/v2\/product_cat?post=6173"},{"taxonomy":"product_tag","embeddable":true,"href":"https:\/\/indie.rent\/catalogue\/wp-json\/wp\/v2\/product_tag?post=6173"}],"curies":[{"name":"wp","href":"https:\/\/api.w.org\/{rel}","templated":true}]}}