{"id":6171,"date":"2026-01-26T15:57:00","date_gmt":"2026-01-26T14:57:00","guid":{"rendered":"https:\/\/indie.rent\/catalogue\/produit\/dji-force-pro\/"},"modified":"2026-04-14T17:09:05","modified_gmt":"2026-04-14T15:09:05","slug":"dji-force-pro","status":"publish","type":"product","link":"https:\/\/indie.rent\/catalogue\/produit\/dji-force-pro\/","title":{"rendered":"DJI Force Pro"},"content":{"rendered":"<p>DJI Force Pro est un contr\u00f4leur filaire et sans fil pour gimbals avec transmission dual-bande 2,4 \/ 5,8 GHz et port\u00e9e jusqu\u2019\u00e0 30 m\u00e8tres en mode sans fil:<\/p>\n<p>&#8211; Latence de communication mesur\u00e9e \u00e0 environ 10 ms entre le contr\u00f4leur et la nacelle.<\/p>\n<p>&#8211; Batterie int\u00e9gr\u00e9e de 4750 mAh offrant environ 5 h d\u2019autonomie, rechargeable via USB-C.<\/p>\n<p>&#8211; Compatibilit\u00e9 avec DJI Ronin 2, Ronin-S et gimbals tiers via interface S-BUS, avec options de montage multiples.<\/p>\n<p>&#8211; Interface utilisateur int\u00e9gr\u00e9e avec \u00e9cran et molettes pour ajuster les vitesses d\u2019axes et les param\u00e8tres du gimbal.<\/p>\n","protected":false},"excerpt":{"rendered":"<p>DJI Force Pro est un contr\u00f4leur filaire et sans fil pour gimbals avec transmission dual-bande 2,4 \/ 5,8 GHz et port\u00e9e jusqu\u2019\u00e0 30 m\u00e8tres en mode sans fil: &#8211; Latence de communication mesur\u00e9e \u00e0 environ 10 ms entre le contr\u00f4leur et la nacelle. &#8211; Batterie int\u00e9gr\u00e9e de 4750 mAh offrant environ 5 h d\u2019autonomie, rechargeable [&hellip;]<\/p>\n","protected":false},"featured_media":6177,"template":"","meta":{"inline_featured_image":false},"product_brand":[],"product_cat":[2045],"product_tag":[],"class_list":{"0":"post-6171","1":"product","2":"type-product","3":"status-publish","4":"has-post-thumbnail","6":"product_cat-stabilisateur-gyro","8":"first","9":"instock","10":"taxable","11":"shipping-taxable","12":"purchasable","13":"product-type-rentable"},"acf":[],"_links":{"self":[{"href":"https:\/\/indie.rent\/catalogue\/wp-json\/wp\/v2\/product\/6171","targetHints":{"allow":["GET"]}}],"collection":[{"href":"https:\/\/indie.rent\/catalogue\/wp-json\/wp\/v2\/product"}],"about":[{"href":"https:\/\/indie.rent\/catalogue\/wp-json\/wp\/v2\/types\/product"}],"version-history":[{"count":0,"href":"https:\/\/indie.rent\/catalogue\/wp-json\/wp\/v2\/product\/6171\/revisions"}],"wp:featuredmedia":[{"embeddable":true,"href":"https:\/\/indie.rent\/catalogue\/wp-json\/wp\/v2\/media\/6177"}],"wp:attachment":[{"href":"https:\/\/indie.rent\/catalogue\/wp-json\/wp\/v2\/media?parent=6171"}],"wp:term":[{"taxonomy":"product_brand","embeddable":true,"href":"https:\/\/indie.rent\/catalogue\/wp-json\/wp\/v2\/product_brand?post=6171"},{"taxonomy":"product_cat","embeddable":true,"href":"https:\/\/indie.rent\/catalogue\/wp-json\/wp\/v2\/product_cat?post=6171"},{"taxonomy":"product_tag","embeddable":true,"href":"https:\/\/indie.rent\/catalogue\/wp-json\/wp\/v2\/product_tag?post=6171"}],"curies":[{"name":"wp","href":"https:\/\/api.w.org\/{rel}","templated":true}]}}