{"id":617,"date":"2025-01-09T10:06:20","date_gmt":"2025-01-09T09:06:20","guid":{"rendered":"https:\/\/indie.rent\/catalogue\/produit\/dmg-dash\/"},"modified":"2026-04-16T18:35:28","modified_gmt":"2026-04-16T16:35:28","slug":"minette-dmg-dash-v1","status":"publish","type":"product","link":"https:\/\/indie.rent\/catalogue\/produit\/minette-dmg-dash-v1\/","title":{"rendered":"Minette DMG Dash V1"},"content":{"rendered":"<p>La DMG DASH Pocket LED Kit est une minette LED compacte qui pr\u00e9sente une plage CCT variable de 1700 \u00e0 10 000K pour relever tout type de d\u00e9fi d\u2019\u00e9clairage ambiant, correspondre \u00e0 d\u2019autres luminaires ou simplement pour une expression cr\u00e9ative. Elle b\u00e9n\u00e9ficie d\u2019un CRI\/TLCI \u00e9lev\u00e9 de 95\/90, ce qui vous assure une pr\u00e9cision avanc\u00e9e dans le rendu des couleurs. \u00c9tanche IP54, la minette peut vous suivre partout, qu\u2019importe les conditions climatiques !<\/p>\n<p>La DASH offre \u00e9galement une gradation sans scintillement de 0 \u00e0 100%. Elle dispose d\u2019un contr\u00f4le des couleurs exceptionnel, gr\u00e2ce \u00e0 son m\u00e9lange de couleurs \u00e0 six puces de LED rouges, vertes, bleues, citron vert, ambre et blanches (4000K) vous permettant d\u2019exploiter une multitude de couleurs personnalis\u00e9es. Elle dispose \u00e9galement d\u2019une option de contr\u00f4le sans fil via Bluetooth, \u00e0 l\u2019aide de l\u2019application mobile myMIX disponible sur iOS et Android.<\/p>\n<p>Parmi les autres fonctionnalit\u00e9s pratiques, on peut citer une biblioth\u00e8que de match de gel 137 Rosco et des effets sp\u00e9ciaux comprenant un v\u00e9hicule d\u2019urgence, une lumi\u00e8re de feu, un \u00e9cran de t\u00e9l\u00e9vision et des paparazzi.<\/p>\n<p>Enfin, la DMG Lumiere DASH est aliment\u00e9e par une batterie int\u00e9gr\u00e9e qui vous offrira trois heures d\u2019autonomie \u00e0 pleine puissance.<\/p>\n<p>Lux @ 1m (3.3 ft.) 250 Lux @ 6500K<br \/>Lux @ 1m (3.3 ft.) \u2013 Boost Mode 320 Lux @ 6500K<br \/>Maximum Power 14W<br \/>Battery Runtime Three Hours at 100% Intensity (Less In Boost Mode)<br \/>LED Colors Red, Green, Blue, Lime, Amber, White (4000K)<br \/>Light Modes Featuring MIX\u00ae LED Technology<br \/>WHITE \/ GEL (with True Rosco Color Gel Matches) \/ COLOR \u2013 HSI &amp; XY (With Rec 709 &amp; <br \/>Rec 2020 overlays) \/ EFFECTS \/ SOURCE MATCH<br \/>Color Temperature 1700K \u2013 10,000K<br \/>Color Rendering CRI Average: &gt;95 TLCI Average: &gt;90<br \/>Flicker-Free Up To 1,000 FPS<br \/>On-Board Control Local UI: 1.3\u2033 OLED Graphical Display \u2013 128px x 64px<br \/>Wireless Control : Bluetooth BLE Via The myMIX Mobile App \u2013 Available For iOS &amp; Android, and optional wireless DMX by LumenRadio to provide CRMX and W-DMX control<br \/>Size : 5\u2033 x 3.1\u2033 x 1.1\u2033 (12.8cm x 8cm x 2.8cm)<br \/>Weight 12.8 oz (367g)<br \/>Body Material Aluminum Alloy<br \/>Outdoor Rating Weather-Resistant \u2013 IP54<br \/>Charging Connector USB Type-C<\/p>\n<p>\u00a0<\/p>\n<p>Projecteur LED ultra compact bas\u00e9 sur la technologie de la s\u00e9rie MIX, le DMG Dash V1 (sans CRMX) est con\u00e7u pour les \u00e9clairages d\u2019appoint, les effets ou les configurations embarqu\u00e9es.<\/p>\n<p>Malgr\u00e9 son format r\u00e9duit, il offre un contr\u00f4le couleur complet et une grande flexibilit\u00e9 d\u2019utilisation. Comin\u00e9 avec le DOT, il est un parfait \u00e9clairage d&#8217;appoint si vous voulez retrouver le scintillement d&#8217;un regard.<\/p>\n<p>Caract\u00e9ristiques principales :<\/p>\n<p>Source : LED RGBWLA<br \/>Temp\u00e9rature de couleur : 1 700K \u2013 10 000K<br \/>CRI \/ TLCI : \u2265 95<br \/>Puissance : 14W<br \/>Alimentation : batterie int\u00e9gr\u00e9e (<br \/>Contr\u00f4le : On Board \/ Bluetooth (Via app My Mix)<br \/>Dimensions : 300 \u00d7 155 \u00d7 30 mm<br \/>Poids : 367g<\/p>\n","protected":false},"excerpt":{"rendered":"<p>La DMG DASH Pocket LED Kit est une minette LED compacte qui pr\u00e9sente une plage CCT variable de 1700 \u00e0 10 000K pour relever tout type de d\u00e9fi d\u2019\u00e9clairage ambiant, correspondre \u00e0 d\u2019autres luminaires ou simplement pour une expression cr\u00e9ative. Elle b\u00e9n\u00e9ficie d\u2019un CRI\/TLCI \u00e9lev\u00e9 de 95\/90, ce qui vous assure une pr\u00e9cision avanc\u00e9e dans [&hellip;]<\/p>\n","protected":false},"featured_media":2422,"template":"","meta":{"inline_featured_image":false},"product_brand":[],"product_cat":[2010],"product_tag":[],"class_list":{"0":"post-617","1":"product","2":"type-product","3":"status-publish","4":"has-post-thumbnail","6":"product_cat-minette-led-couleur","8":"first","9":"instock","10":"featured","11":"taxable","12":"shipping-taxable","13":"purchasable","14":"product-type-rentable"},"acf":[],"_links":{"self":[{"href":"https:\/\/indie.rent\/catalogue\/wp-json\/wp\/v2\/product\/617","targetHints":{"allow":["GET"]}}],"collection":[{"href":"https:\/\/indie.rent\/catalogue\/wp-json\/wp\/v2\/product"}],"about":[{"href":"https:\/\/indie.rent\/catalogue\/wp-json\/wp\/v2\/types\/product"}],"version-history":[{"count":0,"href":"https:\/\/indie.rent\/catalogue\/wp-json\/wp\/v2\/product\/617\/revisions"}],"wp:featuredmedia":[{"embeddable":true,"href":"https:\/\/indie.rent\/catalogue\/wp-json\/wp\/v2\/media\/2422"}],"wp:attachment":[{"href":"https:\/\/indie.rent\/catalogue\/wp-json\/wp\/v2\/media?parent=617"}],"wp:term":[{"taxonomy":"product_brand","embeddable":true,"href":"https:\/\/indie.rent\/catalogue\/wp-json\/wp\/v2\/product_brand?post=617"},{"taxonomy":"product_cat","embeddable":true,"href":"https:\/\/indie.rent\/catalogue\/wp-json\/wp\/v2\/product_cat?post=617"},{"taxonomy":"product_tag","embeddable":true,"href":"https:\/\/indie.rent\/catalogue\/wp-json\/wp\/v2\/product_tag?post=617"}],"curies":[{"name":"wp","href":"https:\/\/api.w.org\/{rel}","templated":true}]}}