{"id":615,"date":"2025-01-09T10:06:19","date_gmt":"2025-01-09T09:06:19","guid":{"rendered":"https:\/\/indie.rent\/catalogue\/produit\/astera-box\/"},"modified":"2026-04-04T00:15:45","modified_gmt":"2026-04-03T22:15:45","slug":"boitier-emetteur-astera-box","status":"publish","type":"product","link":"https:\/\/indie.rent\/catalogue\/produit\/boitier-emetteur-astera-box\/","title":{"rendered":"Bo\u00eetier Emetteur ASTERA Box"},"content":{"rendered":"<p>L\u2019AsteraBox est l\u2019interface entre les projecteur et votre contr\u00f4leur.<br \/>Il peut \u00eatre utilis\u00e9 comme un transmetteur DMX sans-fil avec la technologie CRMX int\u00e9gr\u00e9, et fonctionne \u00e9galement comme passerelle Bluetooth entre l\u2019application AsteraApp et les projecteurs. <br \/>Sa batterie int\u00e9gr\u00e9e permet une utilisation rapide et efficace, comme pour tous les produits Astera.<\/p>\n","protected":false},"excerpt":{"rendered":"<p>L\u2019AsteraBox est l\u2019interface entre les projecteur et votre contr\u00f4leur.Il peut \u00eatre utilis\u00e9 comme un transmetteur DMX sans-fil avec la technologie CRMX int\u00e9gr\u00e9, et fonctionne \u00e9galement comme passerelle Bluetooth entre l\u2019application AsteraApp et les projecteurs. Sa batterie int\u00e9gr\u00e9e permet une utilisation rapide et efficace, comme pour tous les produits Astera.<\/p>\n","protected":false},"featured_media":2401,"template":"","meta":{"inline_featured_image":false},"product_brand":[],"product_cat":[2008],"product_tag":[],"class_list":{"0":"post-615","1":"product","2":"type-product","3":"status-publish","4":"has-post-thumbnail","6":"product_cat-led-couleur-tube","8":"first","9":"instock","10":"taxable","11":"shipping-taxable","12":"purchasable","13":"product-type-rentable"},"acf":[],"_links":{"self":[{"href":"https:\/\/indie.rent\/catalogue\/wp-json\/wp\/v2\/product\/615","targetHints":{"allow":["GET"]}}],"collection":[{"href":"https:\/\/indie.rent\/catalogue\/wp-json\/wp\/v2\/product"}],"about":[{"href":"https:\/\/indie.rent\/catalogue\/wp-json\/wp\/v2\/types\/product"}],"version-history":[{"count":2,"href":"https:\/\/indie.rent\/catalogue\/wp-json\/wp\/v2\/product\/615\/revisions"}],"predecessor-version":[{"id":5163,"href":"https:\/\/indie.rent\/catalogue\/wp-json\/wp\/v2\/product\/615\/revisions\/5163"}],"wp:featuredmedia":[{"embeddable":true,"href":"https:\/\/indie.rent\/catalogue\/wp-json\/wp\/v2\/media\/2401"}],"wp:attachment":[{"href":"https:\/\/indie.rent\/catalogue\/wp-json\/wp\/v2\/media?parent=615"}],"wp:term":[{"taxonomy":"product_brand","embeddable":true,"href":"https:\/\/indie.rent\/catalogue\/wp-json\/wp\/v2\/product_brand?post=615"},{"taxonomy":"product_cat","embeddable":true,"href":"https:\/\/indie.rent\/catalogue\/wp-json\/wp\/v2\/product_cat?post=615"},{"taxonomy":"product_tag","embeddable":true,"href":"https:\/\/indie.rent\/catalogue\/wp-json\/wp\/v2\/product_tag?post=615"}],"curies":[{"name":"wp","href":"https:\/\/api.w.org\/{rel}","templated":true}]}}