{"id":6147,"date":"2026-01-19T23:12:08","date_gmt":"2026-01-19T22:12:08","guid":{"rendered":"https:\/\/indie.rent\/catalogue\/produit\/projecteur-led-nanlux-evoke-5000b-bicolor\/"},"modified":"2026-04-10T11:00:38","modified_gmt":"2026-04-10T09:00:38","slug":"projecteur-led-nanlux-evoke-5000b-bicolor","status":"publish","type":"product","link":"https:\/\/indie.rent\/catalogue\/produit\/projecteur-led-nanlux-evoke-5000b-bicolor\/","title":{"rendered":"Projecteur LED NANLUX Evoke 5000B &#8211; Bicolor"},"content":{"rendered":"<p>Projecteur bi-color extr\u00eamement puissant destin\u00e9 aux productions cin\u00e9ma lourdes et aux \u00e9clairages de tr\u00e8s grande envergure.<\/p>\n<p>Caract\u00e9ristiques principales :<\/p>\n<p>Source : LED bi-color Nebula B4 Light\u00a0 Engine<br \/>Temp\u00e9rature de couleur : 2 700K \u2013 6 500K<br \/>CRI \/ TLCI : \u2265 96 \/ \u2265 96<br \/>Monture : NL Mount (Compatibilit\u00e9 des accessoires \u00e0 v\u00e9rifier selon mod\u00e8le car fort d\u00e9gagement de chaleur)<br \/>Alimentation : Secteur haute puissance (P17 32A)<br \/>Contr\u00f4le : On-board, Nanlink App, DMX\/RDM, CRMX, T\u00e9l\u00e9commande\u00a0WC-EXT<br \/>\u00c9tanch\u00e9it\u00e9 : IP66<br \/>Poids (Avec Lyre): 45 kg<br \/>Consommation \u00e9lectrique : 5 000 W<br \/>Dimensions (T\u00eate sans Lyre): 556 mm \u00d7 460 mm \u00d7 423 mm<\/p>\n<p>Attention : Prise en P17 Mono 32A<\/p>\n<p>Si distribution en Mar\u00e9chal : Adaptateur Mar\u00e9chal Mono 32A M\u00e2le vers P17 32A Mono Femelle<\/p>\n","protected":false},"excerpt":{"rendered":"<p>Projecteur bi-color extr\u00eamement puissant destin\u00e9 aux productions cin\u00e9ma lourdes et aux \u00e9clairages de tr\u00e8s grande envergure. Caract\u00e9ristiques principales : Source : LED bi-color Nebula B4 Light\u00a0 EngineTemp\u00e9rature de couleur : 2 700K \u2013 6 500KCRI \/ TLCI : \u2265 96 \/ \u2265 96Monture : NL Mount (Compatibilit\u00e9 des accessoires \u00e0 v\u00e9rifier selon mod\u00e8le car fort [&hellip;]<\/p>\n","protected":false},"featured_media":6210,"template":"","meta":{"inline_featured_image":false},"product_brand":[],"product_cat":[2013],"product_tag":[],"class_list":{"0":"post-6147","1":"product","2":"type-product","3":"status-publish","4":"has-post-thumbnail","6":"product_cat-led-bicolor-ponctuelle","8":"first","9":"instock","10":"taxable","11":"shipping-taxable","12":"purchasable","13":"product-type-rentable"},"acf":[],"_links":{"self":[{"href":"https:\/\/indie.rent\/catalogue\/wp-json\/wp\/v2\/product\/6147","targetHints":{"allow":["GET"]}}],"collection":[{"href":"https:\/\/indie.rent\/catalogue\/wp-json\/wp\/v2\/product"}],"about":[{"href":"https:\/\/indie.rent\/catalogue\/wp-json\/wp\/v2\/types\/product"}],"version-history":[{"count":0,"href":"https:\/\/indie.rent\/catalogue\/wp-json\/wp\/v2\/product\/6147\/revisions"}],"wp:featuredmedia":[{"embeddable":true,"href":"https:\/\/indie.rent\/catalogue\/wp-json\/wp\/v2\/media\/6210"}],"wp:attachment":[{"href":"https:\/\/indie.rent\/catalogue\/wp-json\/wp\/v2\/media?parent=6147"}],"wp:term":[{"taxonomy":"product_brand","embeddable":true,"href":"https:\/\/indie.rent\/catalogue\/wp-json\/wp\/v2\/product_brand?post=6147"},{"taxonomy":"product_cat","embeddable":true,"href":"https:\/\/indie.rent\/catalogue\/wp-json\/wp\/v2\/product_cat?post=6147"},{"taxonomy":"product_tag","embeddable":true,"href":"https:\/\/indie.rent\/catalogue\/wp-json\/wp\/v2\/product_tag?post=6147"}],"curies":[{"name":"wp","href":"https:\/\/api.w.org\/{rel}","templated":true}]}}