{"id":6137,"date":"2026-01-16T11:37:01","date_gmt":"2026-01-16T10:37:01","guid":{"rendered":"https:\/\/indie.rent\/catalogue\/produit\/feuille-de-gelatine-de-couleur-120x120cm-a-lunite-rosco-156-chocolate\/"},"modified":"2026-04-10T10:54:50","modified_gmt":"2026-04-10T08:54:50","slug":"feuille-de-gelatine-de-couleur-120x120cm-a-lunite-rosco-156-chocolate","status":"publish","type":"product","link":"https:\/\/indie.rent\/catalogue\/produit\/feuille-de-gelatine-de-couleur-120x120cm-a-lunite-rosco-156-chocolate\/","title":{"rendered":"Feuille de G\u00e9latine de Couleur 120x120cm \u00e0 l&#8217;unit\u00e9 &#8211; (Rosco 156) &#8211; Chocolate"},"content":{"rendered":"","protected":false},"excerpt":{"rendered":"","protected":false},"featured_media":6139,"template":"","meta":{"inline_featured_image":false},"product_brand":[],"product_cat":[2230],"product_tag":[],"class_list":{"0":"post-6137","1":"product","2":"type-product","3":"status-publish","4":"has-post-thumbnail","6":"product_cat-gelatines-et-poly","8":"first","9":"instock","10":"taxable","11":"shipping-taxable","12":"purchasable","13":"product-type-simple"},"acf":[],"_links":{"self":[{"href":"https:\/\/indie.rent\/catalogue\/wp-json\/wp\/v2\/product\/6137","targetHints":{"allow":["GET"]}}],"collection":[{"href":"https:\/\/indie.rent\/catalogue\/wp-json\/wp\/v2\/product"}],"about":[{"href":"https:\/\/indie.rent\/catalogue\/wp-json\/wp\/v2\/types\/product"}],"version-history":[{"count":0,"href":"https:\/\/indie.rent\/catalogue\/wp-json\/wp\/v2\/product\/6137\/revisions"}],"wp:featuredmedia":[{"embeddable":true,"href":"https:\/\/indie.rent\/catalogue\/wp-json\/wp\/v2\/media\/6139"}],"wp:attachment":[{"href":"https:\/\/indie.rent\/catalogue\/wp-json\/wp\/v2\/media?parent=6137"}],"wp:term":[{"taxonomy":"product_brand","embeddable":true,"href":"https:\/\/indie.rent\/catalogue\/wp-json\/wp\/v2\/product_brand?post=6137"},{"taxonomy":"product_cat","embeddable":true,"href":"https:\/\/indie.rent\/catalogue\/wp-json\/wp\/v2\/product_cat?post=6137"},{"taxonomy":"product_tag","embeddable":true,"href":"https:\/\/indie.rent\/catalogue\/wp-json\/wp\/v2\/product_tag?post=6137"}],"curies":[{"name":"wp","href":"https:\/\/api.w.org\/{rel}","templated":true}]}}