{"id":6099,"date":"2026-01-13T15:17:19","date_gmt":"2026-01-13T14:17:19","guid":{"rendered":"https:\/\/indie.rent\/catalogue\/produit\/panneau-ecoboard-noir-blanc\/"},"modified":"2026-04-14T16:21:21","modified_gmt":"2026-04-14T14:21:21","slug":"panneau-ecoboard-noir-blanc","status":"publish","type":"product","link":"https:\/\/indie.rent\/catalogue\/produit\/panneau-ecoboard-noir-blanc\/","title":{"rendered":"Panneau Ecoboard Noir\/Blanc"},"content":{"rendered":"<p>L\u2019Ecoboard est un panneau en mousse bicolore (noir\/blanc) de 2 m\u00e8tres de haut, con\u00e7u sp\u00e9cialement pour l\u2019\u00e9v\u00e9nementiel, la communication et la sc\u00e9nographie. Ultra-l\u00e9ger et robuste, il se transporte facilement et s\u2019installe en un instant.<\/p>\n<p>R\u00e9utilisable \u00e0 l\u2019infini, l\u2019Ecoboard offre une alternative durable aux supports jetables traditionnels. Son design \u00e9pur\u00e9, \u00e0 la fois sobre et professionnel, lui permet de s\u2019int\u00e9grer dans tous types de d\u00e9cors : shootings photo, d\u00e9fil\u00e9s, expositions, stands ou \u00e9v\u00e9nements \u00e9ph\u00e9m\u00e8res.<\/p>\n","protected":false},"excerpt":{"rendered":"<p>L\u2019Ecoboard est un panneau en mousse bicolore (noir\/blanc) de 2 m\u00e8tres de haut, con\u00e7u sp\u00e9cialement pour l\u2019\u00e9v\u00e9nementiel, la communication et la sc\u00e9nographie. Ultra-l\u00e9ger et robuste, il se transporte facilement et s\u2019installe en un instant. R\u00e9utilisable \u00e0 l\u2019infini, l\u2019Ecoboard offre une alternative durable aux supports jetables traditionnels. Son design \u00e9pur\u00e9, \u00e0 la fois sobre et professionnel, [&hellip;]<\/p>\n","protected":false},"featured_media":6105,"template":"","meta":{"inline_featured_image":false},"product_brand":[],"product_cat":[2120],"product_tag":[],"class_list":{"0":"post-6099","1":"product","2":"type-product","3":"status-publish","4":"has-post-thumbnail","6":"product_cat-reflecteur-poly","8":"first","9":"instock","10":"taxable","11":"shipping-taxable","12":"purchasable","13":"product-type-rentable"},"acf":[],"_links":{"self":[{"href":"https:\/\/indie.rent\/catalogue\/wp-json\/wp\/v2\/product\/6099","targetHints":{"allow":["GET"]}}],"collection":[{"href":"https:\/\/indie.rent\/catalogue\/wp-json\/wp\/v2\/product"}],"about":[{"href":"https:\/\/indie.rent\/catalogue\/wp-json\/wp\/v2\/types\/product"}],"version-history":[{"count":0,"href":"https:\/\/indie.rent\/catalogue\/wp-json\/wp\/v2\/product\/6099\/revisions"}],"wp:featuredmedia":[{"embeddable":true,"href":"https:\/\/indie.rent\/catalogue\/wp-json\/wp\/v2\/media\/6105"}],"wp:attachment":[{"href":"https:\/\/indie.rent\/catalogue\/wp-json\/wp\/v2\/media?parent=6099"}],"wp:term":[{"taxonomy":"product_brand","embeddable":true,"href":"https:\/\/indie.rent\/catalogue\/wp-json\/wp\/v2\/product_brand?post=6099"},{"taxonomy":"product_cat","embeddable":true,"href":"https:\/\/indie.rent\/catalogue\/wp-json\/wp\/v2\/product_cat?post=6099"},{"taxonomy":"product_tag","embeddable":true,"href":"https:\/\/indie.rent\/catalogue\/wp-json\/wp\/v2\/product_tag?post=6099"}],"curies":[{"name":"wp","href":"https:\/\/api.w.org\/{rel}","templated":true}]}}